{"id":525,"date":"2013-11-11T18:39:26","date_gmt":"2013-11-11T18:39:26","guid":{"rendered":"https:\/\/galerija110795.ba\/?page_id=525"},"modified":"2025-08-26T14:42:34","modified_gmt":"2025-08-26T12:42:34","slug":"iletisim","status":"publish","type":"page","link":"https:\/\/galerija110795.ba\/tr\/iletisim\/","title":{"rendered":"\u0130leti\u015fim"},"content":{"rendered":"<p data-start=\"31\" data-end=\"53\">\ud83d\udccd <strong data-start=\"34\" data-end=\"51\">Galeri 11\/07\/95<\/strong><\/p>\n<p data-start=\"55\" data-end=\"128\"><strong data-start=\"55\" data-end=\"65\">Adres:<\/strong> Trg Fra Grge Marti\u0107a 2\/III<br data-start=\"92\" data-end=\"95\" \/>71 000 Saraybosna, Bosna-Hersek<\/p>\n<p data-start=\"130\" data-end=\"231\"><strong data-start=\"130\" data-end=\"142\">E-posta:<\/strong> <a class=\"decorated-link cursor-pointer\" rel=\"noopener\" data-start=\"143\" data-end=\"198\">info@galerija110795.ba<\/a><br data-start=\"198\" data-end=\"201\" \/><strong data-start=\"201\" data-end=\"213\">Telefon:<\/strong> +387 33 953 170<\/p>\n<h3>Mekan<\/h3>\n<p><img decoding=\"async\" class=\"img-responsive\" title=\"Galerija 11\/07\/95 mapa\" src=\"https:\/\/galerija110795.ba\/app\/uploads\/2012\/10\/galerija_mapa_lt.png\" alt=\"\" \/><\/p>\n","protected":false},"excerpt":{"rendered":"<p>\ud83d\udccd Galeri 11\/07\/95 Adres: Trg Fra Grge Marti\u0107a 2\/III71 000 Saraybosna, Bosna-Hersek E-posta: info@galerija110795.baTelefon: +387 33 953 170 Mekan<\/p>\n","protected":false},"author":1,"featured_media":0,"parent":0,"menu_order":6,"comment_status":"closed","ping_status":"open","template":"","meta":{"_acf_changed":false,"footnotes":""},"class_list":["post-525","page","type-page","status-publish","hentry"],"acf":[],"yoast_head":"<!-- This site is optimized with the Yoast SEO plugin v26.8 - https:\/\/yoast.com\/product\/yoast-seo-wordpress\/ -->\n<title>\u0130leti\u015fim - Galerija 11\/07\/95<\/title>\n<meta name=\"robots\" content=\"index, follow, max-snippet:-1, max-image-preview:large, max-video-preview:-1\" \/>\n<link rel=\"canonical\" href=\"https:\/\/galerija110795.ba\/tr\/iletisim\/\" \/>\n<meta property=\"og:locale\" content=\"tr_TR\" \/>\n<meta property=\"og:type\" content=\"article\" \/>\n<meta property=\"og:title\" content=\"\u0130leti\u015fim - Galerija 11\/07\/95\" \/>\n<meta property=\"og:description\" content=\"\ud83d\udccd Galeri 11\/07\/95 Adres: Trg Fra Grge Marti\u0107a 2\/III71 000 Saraybosna, Bosna-Hersek E-posta: info@galerija110795.baTelefon: +387 33 953 170 Mekan\" \/>\n<meta property=\"og:url\" content=\"https:\/\/galerija110795.ba\/tr\/iletisim\/\" \/>\n<meta property=\"og:site_name\" content=\"Galerija 11\/07\/95\" \/>\n<meta property=\"article:modified_time\" content=\"2025-08-26T12:42:34+00:00\" \/>\n<meta property=\"og:image\" content=\"https:\/\/galerija110795.ba\/app\/uploads\/2012\/10\/galerija_mapa_lt.png\" \/>\n<meta name=\"twitter:card\" content=\"summary_large_image\" \/>\n<script type=\"application\/ld+json\" class=\"yoast-schema-graph\">{\"@context\":\"https:\/\/schema.org\",\"@graph\":[{\"@type\":\"WebPage\",\"@id\":\"https:\/\/galerija110795.ba\/tr\/iletisim\/\",\"url\":\"https:\/\/galerija110795.ba\/tr\/iletisim\/\",\"name\":\"\u0130leti\u015fim - Galerija 11\/07\/95\",\"isPartOf\":{\"@id\":\"https:\/\/galerija110795.ba\/#website\"},\"primaryImageOfPage\":{\"@id\":\"https:\/\/galerija110795.ba\/tr\/iletisim\/#primaryimage\"},\"image\":{\"@id\":\"https:\/\/galerija110795.ba\/tr\/iletisim\/#primaryimage\"},\"thumbnailUrl\":\"https:\/\/galerija110795.ba\/app\/uploads\/2012\/10\/galerija_mapa_lt.png\",\"datePublished\":\"2013-11-11T18:39:26+00:00\",\"dateModified\":\"2025-08-26T12:42:34+00:00\",\"breadcrumb\":{\"@id\":\"https:\/\/galerija110795.ba\/tr\/iletisim\/#breadcrumb\"},\"inLanguage\":\"tr\",\"potentialAction\":[{\"@type\":\"ReadAction\",\"target\":[\"https:\/\/galerija110795.ba\/tr\/iletisim\/\"]}]},{\"@type\":\"ImageObject\",\"inLanguage\":\"tr\",\"@id\":\"https:\/\/galerija110795.ba\/tr\/iletisim\/#primaryimage\",\"url\":\"https:\/\/galerija110795.ba\/app\/uploads\/2012\/10\/galerija_mapa_lt.png\",\"contentUrl\":\"https:\/\/galerija110795.ba\/app\/uploads\/2012\/10\/galerija_mapa_lt.png\"},{\"@type\":\"BreadcrumbList\",\"@id\":\"https:\/\/galerija110795.ba\/tr\/iletisim\/#breadcrumb\",\"itemListElement\":[{\"@type\":\"ListItem\",\"position\":1,\"name\":\"Home\",\"item\":\"https:\/\/galerija110795.ba\/tr\/\"},{\"@type\":\"ListItem\",\"position\":2,\"name\":\"\u0130leti\u015fim\"}]},{\"@type\":\"WebSite\",\"@id\":\"https:\/\/galerija110795.ba\/#website\",\"url\":\"https:\/\/galerija110795.ba\/\",\"name\":\"Galerija 11\/07\/95\",\"description\":\"Bosna-Hersek\u2019te d\u00fczenlenen ilk anma galerisi, Srebrenitsa trajedisi ve Srebrenitsa soyk\u0131r\u0131m\u0131nda  katledilen 8372 ki\u015fi  an\u0131lar\u0131n\u0131n korunmas\u0131 amac\u0131yla a\u00e7\u0131lan  sergi alan\u0131d\u0131r.\",\"publisher\":{\"@id\":\"https:\/\/galerija110795.ba\/#organization\"},\"potentialAction\":[{\"@type\":\"SearchAction\",\"target\":{\"@type\":\"EntryPoint\",\"urlTemplate\":\"https:\/\/galerija110795.ba\/?s={search_term_string}\"},\"query-input\":{\"@type\":\"PropertyValueSpecification\",\"valueRequired\":true,\"valueName\":\"search_term_string\"}}],\"inLanguage\":\"tr\"},{\"@type\":\"Organization\",\"@id\":\"https:\/\/galerija110795.ba\/#organization\",\"name\":\"Galerija 11\/07\/95\",\"url\":\"https:\/\/galerija110795.ba\/\",\"logo\":{\"@type\":\"ImageObject\",\"inLanguage\":\"tr\",\"@id\":\"https:\/\/galerija110795.ba\/#\/schema\/logo\/image\/\",\"url\":\"https:\/\/galerija110795.ba\/app\/uploads\/2013\/09\/galerija_110795_logo.png\",\"contentUrl\":\"https:\/\/galerija110795.ba\/app\/uploads\/2013\/09\/galerija_110795_logo.png\",\"width\":1254,\"height\":408,\"caption\":\"Galerija 11\/07\/95\"},\"image\":{\"@id\":\"https:\/\/galerija110795.ba\/#\/schema\/logo\/image\/\"}}]}<\/script>\n<!-- \/ Yoast SEO plugin. -->","yoast_head_json":{"title":"\u0130leti\u015fim - Galerija 11\/07\/95","robots":{"index":"index","follow":"follow","max-snippet":"max-snippet:-1","max-image-preview":"max-image-preview:large","max-video-preview":"max-video-preview:-1"},"canonical":"https:\/\/galerija110795.ba\/tr\/iletisim\/","og_locale":"tr_TR","og_type":"article","og_title":"\u0130leti\u015fim - Galerija 11\/07\/95","og_description":"\ud83d\udccd Galeri 11\/07\/95 Adres: Trg Fra Grge Marti\u0107a 2\/III71 000 Saraybosna, Bosna-Hersek E-posta: info@galerija110795.baTelefon: +387 33 953 170 Mekan","og_url":"https:\/\/galerija110795.ba\/tr\/iletisim\/","og_site_name":"Galerija 11\/07\/95","article_modified_time":"2025-08-26T12:42:34+00:00","og_image":[{"url":"https:\/\/galerija110795.ba\/app\/uploads\/2012\/10\/galerija_mapa_lt.png","type":"","width":"","height":""}],"twitter_card":"summary_large_image","schema":{"@context":"https:\/\/schema.org","@graph":[{"@type":"WebPage","@id":"https:\/\/galerija110795.ba\/tr\/iletisim\/","url":"https:\/\/galerija110795.ba\/tr\/iletisim\/","name":"\u0130leti\u015fim - Galerija 11\/07\/95","isPartOf":{"@id":"https:\/\/galerija110795.ba\/#website"},"primaryImageOfPage":{"@id":"https:\/\/galerija110795.ba\/tr\/iletisim\/#primaryimage"},"image":{"@id":"https:\/\/galerija110795.ba\/tr\/iletisim\/#primaryimage"},"thumbnailUrl":"https:\/\/galerija110795.ba\/app\/uploads\/2012\/10\/galerija_mapa_lt.png","datePublished":"2013-11-11T18:39:26+00:00","dateModified":"2025-08-26T12:42:34+00:00","breadcrumb":{"@id":"https:\/\/galerija110795.ba\/tr\/iletisim\/#breadcrumb"},"inLanguage":"tr","potentialAction":[{"@type":"ReadAction","target":["https:\/\/galerija110795.ba\/tr\/iletisim\/"]}]},{"@type":"ImageObject","inLanguage":"tr","@id":"https:\/\/galerija110795.ba\/tr\/iletisim\/#primaryimage","url":"https:\/\/galerija110795.ba\/app\/uploads\/2012\/10\/galerija_mapa_lt.png","contentUrl":"https:\/\/galerija110795.ba\/app\/uploads\/2012\/10\/galerija_mapa_lt.png"},{"@type":"BreadcrumbList","@id":"https:\/\/galerija110795.ba\/tr\/iletisim\/#breadcrumb","itemListElement":[{"@type":"ListItem","position":1,"name":"Home","item":"https:\/\/galerija110795.ba\/tr\/"},{"@type":"ListItem","position":2,"name":"\u0130leti\u015fim"}]},{"@type":"WebSite","@id":"https:\/\/galerija110795.ba\/#website","url":"https:\/\/galerija110795.ba\/","name":"Galerija 11\/07\/95","description":"Bosna-Hersek\u2019te d\u00fczenlenen ilk anma galerisi, Srebrenitsa trajedisi ve Srebrenitsa soyk\u0131r\u0131m\u0131nda  katledilen 8372 ki\u015fi  an\u0131lar\u0131n\u0131n korunmas\u0131 amac\u0131yla a\u00e7\u0131lan  sergi alan\u0131d\u0131r.","publisher":{"@id":"https:\/\/galerija110795.ba\/#organization"},"potentialAction":[{"@type":"SearchAction","target":{"@type":"EntryPoint","urlTemplate":"https:\/\/galerija110795.ba\/?s={search_term_string}"},"query-input":{"@type":"PropertyValueSpecification","valueRequired":true,"valueName":"search_term_string"}}],"inLanguage":"tr"},{"@type":"Organization","@id":"https:\/\/galerija110795.ba\/#organization","name":"Galerija 11\/07\/95","url":"https:\/\/galerija110795.ba\/","logo":{"@type":"ImageObject","inLanguage":"tr","@id":"https:\/\/galerija110795.ba\/#\/schema\/logo\/image\/","url":"https:\/\/galerija110795.ba\/app\/uploads\/2013\/09\/galerija_110795_logo.png","contentUrl":"https:\/\/galerija110795.ba\/app\/uploads\/2013\/09\/galerija_110795_logo.png","width":1254,"height":408,"caption":"Galerija 11\/07\/95"},"image":{"@id":"https:\/\/galerija110795.ba\/#\/schema\/logo\/image\/"}}]}},"wpml_current_locale":"tr","wpml_translations":{"bs_BA":{"locale":"bs_BA","id":87,"slug":"kontakt","post_title":"Kontakt","href":"https:\/\/galerija110795.ba\/bs\/kontakt\/"},"en_US":{"locale":"en_US","id":125,"slug":"contact","post_title":"Contact","href":"https:\/\/galerija110795.ba\/contact\/"},"fr_FR":{"locale":"fr_FR","id":367,"slug":"contact","post_title":"Contact","href":"https:\/\/galerija110795.ba\/fr\/contact\/"},"de_DE":{"locale":"de_DE","id":523,"slug":"kontakt","post_title":"Kontakt","href":"https:\/\/galerija110795.ba\/de\/kontakt\/"},"it_IT":{"locale":"it_IT","id":524,"slug":"contatto","post_title":"Contatto","href":"https:\/\/galerija110795.ba\/it\/contatto\/"},"tr":{"locale":"tr","id":525,"slug":"iletisim","post_title":"\u0130leti\u015fim","href":"https:\/\/galerija110795.ba\/tr\/iletisim\/"}},"_links":{"self":[{"href":"https:\/\/galerija110795.ba\/tr\/wp-json\/wp\/v2\/pages\/525","targetHints":{"allow":["GET"]}}],"collection":[{"href":"https:\/\/galerija110795.ba\/tr\/wp-json\/wp\/v2\/pages"}],"about":[{"href":"https:\/\/galerija110795.ba\/tr\/wp-json\/wp\/v2\/types\/page"}],"author":[{"embeddable":true,"href":"https:\/\/galerija110795.ba\/tr\/wp-json\/wp\/v2\/users\/1"}],"replies":[{"embeddable":true,"href":"https:\/\/galerija110795.ba\/tr\/wp-json\/wp\/v2\/comments?post=525"}],"version-history":[{"count":1,"href":"https:\/\/galerija110795.ba\/tr\/wp-json\/wp\/v2\/pages\/525\/revisions"}],"predecessor-version":[{"id":5190,"href":"https:\/\/galerija110795.ba\/tr\/wp-json\/wp\/v2\/pages\/525\/revisions\/5190"}],"wp:attachment":[{"href":"https:\/\/galerija110795.ba\/tr\/wp-json\/wp\/v2\/media?parent=525"}],"curies":[{"name":"wp","href":"https:\/\/api.w.org\/{rel}","templated":true}]}}