{"id":497,"date":"2013-11-11T18:16:53","date_gmt":"2013-11-11T18:16:53","guid":{"rendered":"https:\/\/galerija110795.ba\/?page_id=497"},"modified":"2025-11-12T10:20:42","modified_gmt":"2025-11-12T09:20:42","slug":"ziyaretciler-icin-bilgi-info","status":"publish","type":"page","link":"https:\/\/galerija110795.ba\/tr\/110795-galerisi-hakkinda\/ziyaretciler-icin-bilgi-info\/","title":{"rendered":"Ziyaret\u00e7iler i\u00e7in bilgi (info)"},"content":{"rendered":"<p><strong>Mesai Saatleri<\/strong><\/p>\n<p>Her g\u00fcn: 10.00 &#8211; 18.00<br \/>\nOrganizasyonu yap\u0131lm\u0131\u015f gruplar i\u00e7in daha \u00f6nceden bildirilmesi \u015fart\u0131yla indirim yap\u0131lma imkan\u0131 var.<\/p>\n<p><strong data-start=\"54\" data-end=\"74\">Sesli rehberler<\/strong><br data-start=\"74\" data-end=\"77\" \/>Sesli rehberler \u015fu dillerde mevcuttur: Bo\u015fnak\u00e7a\/H\u0131rvat\u00e7a\/S\u0131rp\u00e7a, \u0130ngilizce, Almanca, Frans\u0131zca, \u0130talyanca, \u0130spanyolca, T\u00fcrk\u00e7e, Leh\u00e7e, Portekizce, Arap\u00e7a, \u00c7ince ve Japonca.<\/p>\n<p><strong>Davran\u0131\u015f kurallar\u0131<\/strong><\/p>\n<p>11\/07\/95 Galerisi b\u00fct\u00fcn ziyaret\u00e7ilerinden haysiyetle davranmalar\u0131n\u0131 ve sergi konusuna sayg\u0131 duymalar\u0131n\u0131 rica etmektedir.<\/p>\n<p>11\/07\/95 Galerisinin sergi yerinde a\u015fa\u011f\u0131daki faaliyetler yasakt\u0131r:<\/p>\n<ul>\n<li>Yiyecek ve i\u00e7ecek getirmek ve yemek\/i\u00e7mek<\/li>\n<li>Sigara i\u00e7mek<\/li>\n<li>Foto\u011fraf \u00e7ekmek<\/li>\n<li>Evcil hayvan getirmek<\/li>\n<li>Sergideki nesnelere dokunmak<\/li>\n<\/ul>\n<p><b>Mekan<\/b><\/p>\n<p><img decoding=\"async\" title=\"Galerija 11\/07\/95 mapa\" src=\"https:\/\/galerija110795.ba\/app\/uploads\/2012\/10\/galerija_mapa_lt.png\" alt=\"\"\/><\/p>\n<h3>Temas<\/h3>\n<p>Adresa: Trg fra Grge Marti\u0107a 2\/III, 71 000 Sarajevo, Bosna i Hercegovina<br \/>\nE-mail:\u00a0<a href=\"mailto:info@galerija110795.ba\">info@galerija110795.ba<\/a><br \/>\nTelefon: +387 33 953 170; Fax: +387 33 953 173<br \/>\n<a title=\"Facebook\" href=\"http:\/\/www.facebook.com\/Galerija110795\">Facebook<\/a>\u00a0|\u00a0<a title=\"Twitter\" href=\"http:\/\/twitter.com\/Galerija110795\">Twitter<\/a><\/p>\n","protected":false},"excerpt":{"rendered":"<p>Mesai Saatleri Her g\u00fcn: 10.00 &#8211; 18.00 Organizasyonu yap\u0131lm\u0131\u015f gruplar i\u00e7in daha \u00f6nceden bildirilmesi \u015fart\u0131yla indirim yap\u0131lma imkan\u0131 var. Sesli rehberlerSesli rehberler \u015fu dillerde mevcuttur: Bo\u015fnak\u00e7a\/H\u0131rvat\u00e7a\/S\u0131rp\u00e7a, \u0130ngilizce, Almanca, Frans\u0131zca, \u0130talyanca, \u0130spanyolca, T\u00fcrk\u00e7e, Leh\u00e7e, Portekizce, Arap\u00e7a, \u00c7ince ve Japonca. Davran\u0131\u015f kurallar\u0131 11\/07\/95 Galerisi b\u00fct\u00fcn ziyaret\u00e7ilerinden haysiyetle davranmalar\u0131n\u0131 ve sergi konusuna sayg\u0131 duymalar\u0131n\u0131 rica etmektedir. 11\/07\/95 Galerisinin &hellip; <a href=\"https:\/\/galerija110795.ba\/tr\/110795-galerisi-hakkinda\/ziyaretciler-icin-bilgi-info\/\">Continued<\/a><\/p>\n","protected":false},"author":1,"featured_media":0,"parent":489,"menu_order":1,"comment_status":"closed","ping_status":"open","template":"","meta":{"_acf_changed":false,"footnotes":""},"class_list":["post-497","page","type-page","status-publish","hentry"],"acf":[],"yoast_head":"<!-- This site is optimized with the Yoast SEO plugin v26.8 - https:\/\/yoast.com\/product\/yoast-seo-wordpress\/ -->\n<title>Ziyaret\u00e7iler i\u00e7in bilgi (info) - Galerija 11\/07\/95<\/title>\n<meta name=\"robots\" content=\"index, follow, max-snippet:-1, max-image-preview:large, max-video-preview:-1\" \/>\n<link rel=\"canonical\" href=\"https:\/\/galerija110795.ba\/tr\/110795-galerisi-hakkinda\/ziyaretciler-icin-bilgi-info\/\" \/>\n<meta property=\"og:locale\" content=\"tr_TR\" \/>\n<meta property=\"og:type\" content=\"article\" \/>\n<meta property=\"og:title\" content=\"Ziyaret\u00e7iler i\u00e7in bilgi (info) - Galerija 11\/07\/95\" \/>\n<meta property=\"og:description\" content=\"Mesai Saatleri Her g\u00fcn: 10.00 &#8211; 18.00 Organizasyonu yap\u0131lm\u0131\u015f gruplar i\u00e7in daha \u00f6nceden bildirilmesi \u015fart\u0131yla indirim yap\u0131lma imkan\u0131 var. Sesli rehberlerSesli rehberler \u015fu dillerde mevcuttur: Bo\u015fnak\u00e7a\/H\u0131rvat\u00e7a\/S\u0131rp\u00e7a, \u0130ngilizce, Almanca, Frans\u0131zca, \u0130talyanca, \u0130spanyolca, T\u00fcrk\u00e7e, Leh\u00e7e, Portekizce, Arap\u00e7a, \u00c7ince ve Japonca. Davran\u0131\u015f kurallar\u0131 11\/07\/95 Galerisi b\u00fct\u00fcn ziyaret\u00e7ilerinden haysiyetle davranmalar\u0131n\u0131 ve sergi konusuna sayg\u0131 duymalar\u0131n\u0131 rica etmektedir. 11\/07\/95 Galerisinin &hellip; Continued\" \/>\n<meta property=\"og:url\" content=\"https:\/\/galerija110795.ba\/tr\/110795-galerisi-hakkinda\/ziyaretciler-icin-bilgi-info\/\" \/>\n<meta property=\"og:site_name\" content=\"Galerija 11\/07\/95\" \/>\n<meta property=\"article:modified_time\" content=\"2025-11-12T09:20:42+00:00\" \/>\n<meta property=\"og:image\" content=\"https:\/\/galerija110795.ba\/app\/uploads\/2012\/10\/galerija_mapa_lt.png\" \/>\n<meta name=\"twitter:card\" content=\"summary_large_image\" \/>\n<meta name=\"twitter:label1\" content=\"Est. reading time\" \/>\n\t<meta name=\"twitter:data1\" content=\"1 minute\" \/>\n<script type=\"application\/ld+json\" class=\"yoast-schema-graph\">{\"@context\":\"https:\/\/schema.org\",\"@graph\":[{\"@type\":\"WebPage\",\"@id\":\"https:\/\/galerija110795.ba\/tr\/110795-galerisi-hakkinda\/ziyaretciler-icin-bilgi-info\/\",\"url\":\"https:\/\/galerija110795.ba\/tr\/110795-galerisi-hakkinda\/ziyaretciler-icin-bilgi-info\/\",\"name\":\"Ziyaret\u00e7iler i\u00e7in bilgi (info) - Galerija 11\/07\/95\",\"isPartOf\":{\"@id\":\"https:\/\/galerija110795.ba\/#website\"},\"primaryImageOfPage\":{\"@id\":\"https:\/\/galerija110795.ba\/tr\/110795-galerisi-hakkinda\/ziyaretciler-icin-bilgi-info\/#primaryimage\"},\"image\":{\"@id\":\"https:\/\/galerija110795.ba\/tr\/110795-galerisi-hakkinda\/ziyaretciler-icin-bilgi-info\/#primaryimage\"},\"thumbnailUrl\":\"https:\/\/galerija110795.ba\/app\/uploads\/2012\/10\/galerija_mapa_lt.png\",\"datePublished\":\"2013-11-11T18:16:53+00:00\",\"dateModified\":\"2025-11-12T09:20:42+00:00\",\"breadcrumb\":{\"@id\":\"https:\/\/galerija110795.ba\/tr\/110795-galerisi-hakkinda\/ziyaretciler-icin-bilgi-info\/#breadcrumb\"},\"inLanguage\":\"tr\",\"potentialAction\":[{\"@type\":\"ReadAction\",\"target\":[\"https:\/\/galerija110795.ba\/tr\/110795-galerisi-hakkinda\/ziyaretciler-icin-bilgi-info\/\"]}]},{\"@type\":\"ImageObject\",\"inLanguage\":\"tr\",\"@id\":\"https:\/\/galerija110795.ba\/tr\/110795-galerisi-hakkinda\/ziyaretciler-icin-bilgi-info\/#primaryimage\",\"url\":\"https:\/\/galerija110795.ba\/app\/uploads\/2012\/10\/galerija_mapa_lt.png\",\"contentUrl\":\"https:\/\/galerija110795.ba\/app\/uploads\/2012\/10\/galerija_mapa_lt.png\"},{\"@type\":\"BreadcrumbList\",\"@id\":\"https:\/\/galerija110795.ba\/tr\/110795-galerisi-hakkinda\/ziyaretciler-icin-bilgi-info\/#breadcrumb\",\"itemListElement\":[{\"@type\":\"ListItem\",\"position\":1,\"name\":\"Home\",\"item\":\"https:\/\/galerija110795.ba\/tr\/\"},{\"@type\":\"ListItem\",\"position\":2,\"name\":\"11\/07\/95 Galerisi hakk\u0131nda\",\"item\":\"https:\/\/galerija110795.ba\/tr\/110795-galerisi-hakkinda\/\"},{\"@type\":\"ListItem\",\"position\":3,\"name\":\"Ziyaret\u00e7iler i\u00e7in bilgi (info)\"}]},{\"@type\":\"WebSite\",\"@id\":\"https:\/\/galerija110795.ba\/#website\",\"url\":\"https:\/\/galerija110795.ba\/\",\"name\":\"Galerija 11\/07\/95\",\"description\":\"Bosna-Hersek\u2019te d\u00fczenlenen ilk anma galerisi, Srebrenitsa trajedisi ve Srebrenitsa soyk\u0131r\u0131m\u0131nda  katledilen 8372 ki\u015fi  an\u0131lar\u0131n\u0131n korunmas\u0131 amac\u0131yla a\u00e7\u0131lan  sergi alan\u0131d\u0131r.\",\"publisher\":{\"@id\":\"https:\/\/galerija110795.ba\/#organization\"},\"potentialAction\":[{\"@type\":\"SearchAction\",\"target\":{\"@type\":\"EntryPoint\",\"urlTemplate\":\"https:\/\/galerija110795.ba\/?s={search_term_string}\"},\"query-input\":{\"@type\":\"PropertyValueSpecification\",\"valueRequired\":true,\"valueName\":\"search_term_string\"}}],\"inLanguage\":\"tr\"},{\"@type\":\"Organization\",\"@id\":\"https:\/\/galerija110795.ba\/#organization\",\"name\":\"Galerija 11\/07\/95\",\"url\":\"https:\/\/galerija110795.ba\/\",\"logo\":{\"@type\":\"ImageObject\",\"inLanguage\":\"tr\",\"@id\":\"https:\/\/galerija110795.ba\/#\/schema\/logo\/image\/\",\"url\":\"https:\/\/galerija110795.ba\/app\/uploads\/2013\/09\/galerija_110795_logo.png\",\"contentUrl\":\"https:\/\/galerija110795.ba\/app\/uploads\/2013\/09\/galerija_110795_logo.png\",\"width\":1254,\"height\":408,\"caption\":\"Galerija 11\/07\/95\"},\"image\":{\"@id\":\"https:\/\/galerija110795.ba\/#\/schema\/logo\/image\/\"}}]}<\/script>\n<!-- \/ Yoast SEO plugin. -->","yoast_head_json":{"title":"Ziyaret\u00e7iler i\u00e7in bilgi (info) - Galerija 11\/07\/95","robots":{"index":"index","follow":"follow","max-snippet":"max-snippet:-1","max-image-preview":"max-image-preview:large","max-video-preview":"max-video-preview:-1"},"canonical":"https:\/\/galerija110795.ba\/tr\/110795-galerisi-hakkinda\/ziyaretciler-icin-bilgi-info\/","og_locale":"tr_TR","og_type":"article","og_title":"Ziyaret\u00e7iler i\u00e7in bilgi (info) - Galerija 11\/07\/95","og_description":"Mesai Saatleri Her g\u00fcn: 10.00 &#8211; 18.00 Organizasyonu yap\u0131lm\u0131\u015f gruplar i\u00e7in daha \u00f6nceden bildirilmesi \u015fart\u0131yla indirim yap\u0131lma imkan\u0131 var. Sesli rehberlerSesli rehberler \u015fu dillerde mevcuttur: Bo\u015fnak\u00e7a\/H\u0131rvat\u00e7a\/S\u0131rp\u00e7a, \u0130ngilizce, Almanca, Frans\u0131zca, \u0130talyanca, \u0130spanyolca, T\u00fcrk\u00e7e, Leh\u00e7e, Portekizce, Arap\u00e7a, \u00c7ince ve Japonca. Davran\u0131\u015f kurallar\u0131 11\/07\/95 Galerisi b\u00fct\u00fcn ziyaret\u00e7ilerinden haysiyetle davranmalar\u0131n\u0131 ve sergi konusuna sayg\u0131 duymalar\u0131n\u0131 rica etmektedir. 11\/07\/95 Galerisinin &hellip; Continued","og_url":"https:\/\/galerija110795.ba\/tr\/110795-galerisi-hakkinda\/ziyaretciler-icin-bilgi-info\/","og_site_name":"Galerija 11\/07\/95","article_modified_time":"2025-11-12T09:20:42+00:00","og_image":[{"url":"https:\/\/galerija110795.ba\/app\/uploads\/2012\/10\/galerija_mapa_lt.png","type":"","width":"","height":""}],"twitter_card":"summary_large_image","twitter_misc":{"Est. reading time":"1 minute"},"schema":{"@context":"https:\/\/schema.org","@graph":[{"@type":"WebPage","@id":"https:\/\/galerija110795.ba\/tr\/110795-galerisi-hakkinda\/ziyaretciler-icin-bilgi-info\/","url":"https:\/\/galerija110795.ba\/tr\/110795-galerisi-hakkinda\/ziyaretciler-icin-bilgi-info\/","name":"Ziyaret\u00e7iler i\u00e7in bilgi (info) - Galerija 11\/07\/95","isPartOf":{"@id":"https:\/\/galerija110795.ba\/#website"},"primaryImageOfPage":{"@id":"https:\/\/galerija110795.ba\/tr\/110795-galerisi-hakkinda\/ziyaretciler-icin-bilgi-info\/#primaryimage"},"image":{"@id":"https:\/\/galerija110795.ba\/tr\/110795-galerisi-hakkinda\/ziyaretciler-icin-bilgi-info\/#primaryimage"},"thumbnailUrl":"https:\/\/galerija110795.ba\/app\/uploads\/2012\/10\/galerija_mapa_lt.png","datePublished":"2013-11-11T18:16:53+00:00","dateModified":"2025-11-12T09:20:42+00:00","breadcrumb":{"@id":"https:\/\/galerija110795.ba\/tr\/110795-galerisi-hakkinda\/ziyaretciler-icin-bilgi-info\/#breadcrumb"},"inLanguage":"tr","potentialAction":[{"@type":"ReadAction","target":["https:\/\/galerija110795.ba\/tr\/110795-galerisi-hakkinda\/ziyaretciler-icin-bilgi-info\/"]}]},{"@type":"ImageObject","inLanguage":"tr","@id":"https:\/\/galerija110795.ba\/tr\/110795-galerisi-hakkinda\/ziyaretciler-icin-bilgi-info\/#primaryimage","url":"https:\/\/galerija110795.ba\/app\/uploads\/2012\/10\/galerija_mapa_lt.png","contentUrl":"https:\/\/galerija110795.ba\/app\/uploads\/2012\/10\/galerija_mapa_lt.png"},{"@type":"BreadcrumbList","@id":"https:\/\/galerija110795.ba\/tr\/110795-galerisi-hakkinda\/ziyaretciler-icin-bilgi-info\/#breadcrumb","itemListElement":[{"@type":"ListItem","position":1,"name":"Home","item":"https:\/\/galerija110795.ba\/tr\/"},{"@type":"ListItem","position":2,"name":"11\/07\/95 Galerisi hakk\u0131nda","item":"https:\/\/galerija110795.ba\/tr\/110795-galerisi-hakkinda\/"},{"@type":"ListItem","position":3,"name":"Ziyaret\u00e7iler i\u00e7in bilgi (info)"}]},{"@type":"WebSite","@id":"https:\/\/galerija110795.ba\/#website","url":"https:\/\/galerija110795.ba\/","name":"Galerija 11\/07\/95","description":"Bosna-Hersek\u2019te d\u00fczenlenen ilk anma galerisi, Srebrenitsa trajedisi ve Srebrenitsa soyk\u0131r\u0131m\u0131nda  katledilen 8372 ki\u015fi  an\u0131lar\u0131n\u0131n korunmas\u0131 amac\u0131yla a\u00e7\u0131lan  sergi alan\u0131d\u0131r.","publisher":{"@id":"https:\/\/galerija110795.ba\/#organization"},"potentialAction":[{"@type":"SearchAction","target":{"@type":"EntryPoint","urlTemplate":"https:\/\/galerija110795.ba\/?s={search_term_string}"},"query-input":{"@type":"PropertyValueSpecification","valueRequired":true,"valueName":"search_term_string"}}],"inLanguage":"tr"},{"@type":"Organization","@id":"https:\/\/galerija110795.ba\/#organization","name":"Galerija 11\/07\/95","url":"https:\/\/galerija110795.ba\/","logo":{"@type":"ImageObject","inLanguage":"tr","@id":"https:\/\/galerija110795.ba\/#\/schema\/logo\/image\/","url":"https:\/\/galerija110795.ba\/app\/uploads\/2013\/09\/galerija_110795_logo.png","contentUrl":"https:\/\/galerija110795.ba\/app\/uploads\/2013\/09\/galerija_110795_logo.png","width":1254,"height":408,"caption":"Galerija 11\/07\/95"},"image":{"@id":"https:\/\/galerija110795.ba\/#\/schema\/logo\/image\/"}}]}},"wpml_current_locale":"tr","wpml_translations":{"bs_BA":{"locale":"bs_BA","id":293,"slug":"info-za-posjetitelje","post_title":"Info za posjetitelje","href":"https:\/\/galerija110795.ba\/bs\/o-galeriji-110795\/info-za-posjetitelje\/"},"en_US":{"locale":"en_US","id":289,"slug":"information-for-visitors","post_title":"Information for visitors","href":"https:\/\/galerija110795.ba\/about-gallery-110795\/information-for-visitors\/"},"fr_FR":{"locale":"fr_FR","id":358,"slug":"informations-pour-les-visiteurs","post_title":"Informations pour les visiteurs","href":"https:\/\/galerija110795.ba\/fr\/sur-la-galerie-110795\/informations-pour-les-visiteurs\/"},"de_DE":{"locale":"de_DE","id":495,"slug":"besucherinfo","post_title":"Besucherinfo","href":"https:\/\/galerija110795.ba\/de\/uber-die-galerija-110795\/besucherinfo\/"},"it_IT":{"locale":"it_IT","id":496,"slug":"info-per-i-visitatori","post_title":"Informazioni per i visitatori","href":"https:\/\/galerija110795.ba\/it\/sulla-galleria-110795\/info-per-i-visitatori\/"},"tr":{"locale":"tr","id":497,"slug":"ziyaretciler-icin-bilgi-info","post_title":"Ziyaret\u00e7iler i\u00e7in bilgi (info)","href":"https:\/\/galerija110795.ba\/tr\/110795-galerisi-hakkinda\/ziyaretciler-icin-bilgi-info\/"}},"_links":{"self":[{"href":"https:\/\/galerija110795.ba\/tr\/wp-json\/wp\/v2\/pages\/497","targetHints":{"allow":["GET"]}}],"collection":[{"href":"https:\/\/galerija110795.ba\/tr\/wp-json\/wp\/v2\/pages"}],"about":[{"href":"https:\/\/galerija110795.ba\/tr\/wp-json\/wp\/v2\/types\/page"}],"author":[{"embeddable":true,"href":"https:\/\/galerija110795.ba\/tr\/wp-json\/wp\/v2\/users\/1"}],"replies":[{"embeddable":true,"href":"https:\/\/galerija110795.ba\/tr\/wp-json\/wp\/v2\/comments?post=497"}],"version-history":[{"count":9,"href":"https:\/\/galerija110795.ba\/tr\/wp-json\/wp\/v2\/pages\/497\/revisions"}],"predecessor-version":[{"id":5274,"href":"https:\/\/galerija110795.ba\/tr\/wp-json\/wp\/v2\/pages\/497\/revisions\/5274"}],"up":[{"embeddable":true,"href":"https:\/\/galerija110795.ba\/tr\/wp-json\/wp\/v2\/pages\/489"}],"wp:attachment":[{"href":"https:\/\/galerija110795.ba\/tr\/wp-json\/wp\/v2\/media?parent=497"}],"curies":[{"name":"wp","href":"https:\/\/api.w.org\/{rel}","templated":true}]}}