{"id":489,"date":"2013-11-11T17:55:43","date_gmt":"2013-11-11T17:55:43","guid":{"rendered":"https:\/\/galerija110795.ba\/?page_id=489"},"modified":"2015-11-17T09:51:08","modified_gmt":"2015-11-17T09:51:08","slug":"110795-galerisi-hakkinda","status":"publish","type":"page","link":"https:\/\/galerija110795.ba\/tr\/110795-galerisi-hakkinda\/","title":{"rendered":"11\/07\/95 Galerisi hakk\u0131nda"},"content":{"rendered":"<p>11\/07\/95 Galerisi Srebrenica soyk\u0131r\u0131m\u0131nda trajik \u015fekilde hayatlar\u0131n\u0131 kaybeden 8372 ki\u015finin an\u0131s\u0131n\u0131n korunmas\u0131 i\u00e7in Bosna Hersek\u2019te ilk a\u00e7\u0131lan anma galerisidir. 12 Temmuz 2012 tarihinde, Srebrenica anma g\u00fcn\u00fcn\u00fcn ertesi g\u00fcn\u00fc, sembolik olarak ve anma k\u00fclt\u00fcr\u00fcn\u00fcn bir par\u00e7as\u0131 olmas\u0131 amac\u0131yla- ayn\u0131 zamanda anma ve \u015fiddete uyar\u0131 olarak a\u00e7\u0131lm\u0131\u015ft\u0131r.<\/p>\n<p>Serginin as\u0131l amac\u0131 Srebrenica\u2019dan kalma belgesel sahnelerini sunmakt\u0131r. Hayatlar\u0131n\u0131 kaybeden ki\u015filerin adlar\u0131n\u0131n yaz\u0131l\u0131 oldu\u011fu duvardan, eski aile portrelerinden, sa\u011f kalanlar\u0131n bulundu\u011fu kamplardan g\u00f6r\u00fcnt\u00fcler, da\u011f\u0131lm\u0131\u015f ve sonradan toplanm\u0131\u015f kemik g\u00f6r\u00fcnt\u00fclerinden, hakaret i\u00e7eren grafitlerinden, Ana Frank m\u00fczesi \u00f6n\u00fcnde Srebrenica kad\u0131nlar\u0131 foto\u011fraflar\u0131ndan video ve audio dok\u00fcmanlar\u0131na kadar 11\/07\/95 galerisi ziyaret\u00e7ilerine Temmuz 1995 y\u0131l\u0131nda ya\u015fanan olaylar\u0131n dok\u00fcmanl\u0131- sanatsal bir yorum sunmaktad\u0131r. Bununla, ziyaret\u00e7ileri sadece pasif g\u00f6zlemci de\u011fil, deh\u015fet ve adaletsizli\u011fin canl\u0131 \u015fahitleri olmalar\u0131na davet \u00e7\u0131karmaktad\u0131r.<\/p>\n<p>\u2018Srebrenica\u2019 daimi serginin kurucular\u0131 Srebrenica- Poto\u00e7ari Anma Merkezi, Srebrenica ve Zepa Anneleri Birli\u011fi, Bosna Hersek Kay\u0131plar Enstit\u00fcs\u00fc, \u0130nsan Haklar\u0131 Gen\u00e7ler \u0130nisiyatifi YIHR\/Fama, Cinema for Peace Foundation\/ Katliam\u0131n Video ar\u015fivi\/ Genocide Film Library Bosnia- Herzegovina ve Foto\u011fraf\u00e7\u0131 Tarik Samarah\u2019t\u0131r.<\/p>\n\n<div id=\"blueimp-gallery\" class=\"blueimp-gallery\" data-use-bootstrap-modal=\"false\">\n    <!-- The container for the modal slides -->\n    <div class=\"slides\"><\/div>\n    <!-- Controls for the borderless lightbox -->\n    <h3 class=\"title\"><\/h3>\n    <a class=\"prev\">\u2039<\/a>\n    <a class=\"next\">\u203a<\/a>\n    <a class=\"close\">\u00d7<\/a>\n    <a class=\"play-pause\"><\/a>\n    <!-- The modal dialog, which will be used to wrap the lightbox content -->\n    <div class=\"modal fade\">\n        <div class=\"modal-dialog\">\n            <div class=\"modal-content\">\n                <div class=\"modal-header\">\n                    <button type=\"button\" class=\"close\" aria-hidden=\"true\">&times;<\/button>\n                    <h4 class=\"modal-title\"><\/h4>\n                <\/div>\n                <div class=\"modal-body next\"><\/div>\n                <div class=\"modal-footer\">\n                    <button type=\"button\" class=\"btn btn-default pull-left prev\">\n                        <i class=\"glyphicon glyphicon-chevron-left\"><\/i>\n                        Previous\n                    <\/button>\n                    <button type=\"button\" class=\"btn btn-primary next\">\n                        Next\n                        <i class=\"glyphicon glyphicon-chevron-right\"><\/i>\n                    <\/button>\n                <\/div>\n            <\/div>\n        <\/div>\n    <\/div>\n<\/div><div id=\"links\" class=\"gallery gallery-489-1\"><div class=\"gallery-row gallery-columns-3\"><div class=\"gallery-item\"><a class=\"thumbnail img-thumbnail\" href='https:\/\/galerija110795.ba\/app\/uploads\/2012\/10\/gallery_110795_01.jpg'><img loading=\"lazy\" decoding=\"async\" width=\"600\" height=\"400\" src=\"https:\/\/galerija110795.ba\/app\/uploads\/2012\/10\/gallery_110795_01-600x400.jpg\" class=\"attachment-thumbnail size-thumbnail\" alt=\"\" srcset=\"https:\/\/galerija110795.ba\/app\/uploads\/2012\/10\/gallery_110795_01-600x400.jpg 600w, https:\/\/galerija110795.ba\/app\/uploads\/2012\/10\/gallery_110795_01-900x600.jpg 900w, https:\/\/galerija110795.ba\/app\/uploads\/2012\/10\/gallery_110795_01-1200x800.jpg 1200w\" sizes=\"auto, (max-width: 600px) 100vw, 600px\" \/><\/a><\/div><div class=\"gallery-item\"><a class=\"thumbnail img-thumbnail\" href='https:\/\/galerija110795.ba\/app\/uploads\/2012\/10\/gallery_110795_12.jpg'><img loading=\"lazy\" decoding=\"async\" width=\"600\" height=\"400\" src=\"https:\/\/galerija110795.ba\/app\/uploads\/2012\/10\/gallery_110795_12-600x400.jpg\" class=\"attachment-thumbnail size-thumbnail\" alt=\"\" srcset=\"https:\/\/galerija110795.ba\/app\/uploads\/2012\/10\/gallery_110795_12-600x400.jpg 600w, https:\/\/galerija110795.ba\/app\/uploads\/2012\/10\/gallery_110795_12-900x600.jpg 900w, https:\/\/galerija110795.ba\/app\/uploads\/2012\/10\/gallery_110795_12-1200x800.jpg 1200w\" sizes=\"auto, (max-width: 600px) 100vw, 600px\" \/><\/a><\/div><div class=\"gallery-item\"><a class=\"thumbnail img-thumbnail\" href='https:\/\/galerija110795.ba\/app\/uploads\/2012\/10\/gallery_110795_11.jpg'><img loading=\"lazy\" decoding=\"async\" width=\"600\" height=\"400\" src=\"https:\/\/galerija110795.ba\/app\/uploads\/2012\/10\/gallery_110795_11-600x400.jpg\" class=\"attachment-thumbnail size-thumbnail\" alt=\"\" srcset=\"https:\/\/galerija110795.ba\/app\/uploads\/2012\/10\/gallery_110795_11-600x400.jpg 600w, https:\/\/galerija110795.ba\/app\/uploads\/2012\/10\/gallery_110795_11-900x600.jpg 900w, https:\/\/galerija110795.ba\/app\/uploads\/2012\/10\/gallery_110795_11-1200x800.jpg 1200w\" sizes=\"auto, (max-width: 600px) 100vw, 600px\" \/><\/a><\/div><\/div><div class=\"gallery-row gallery-columns-3\"><div class=\"gallery-item\"><a class=\"thumbnail img-thumbnail\" href='https:\/\/galerija110795.ba\/app\/uploads\/2012\/10\/gallery_110795_10.jpg'><img loading=\"lazy\" decoding=\"async\" width=\"600\" height=\"400\" src=\"https:\/\/galerija110795.ba\/app\/uploads\/2012\/10\/gallery_110795_10-600x400.jpg\" class=\"attachment-thumbnail size-thumbnail\" alt=\"\" srcset=\"https:\/\/galerija110795.ba\/app\/uploads\/2012\/10\/gallery_110795_10-600x400.jpg 600w, https:\/\/galerija110795.ba\/app\/uploads\/2012\/10\/gallery_110795_10-900x600.jpg 900w, https:\/\/galerija110795.ba\/app\/uploads\/2012\/10\/gallery_110795_10-1200x800.jpg 1200w\" sizes=\"auto, (max-width: 600px) 100vw, 600px\" \/><\/a><\/div><div class=\"gallery-item\"><a class=\"thumbnail img-thumbnail\" href='https:\/\/galerija110795.ba\/app\/uploads\/2012\/10\/gallery_110795_09.jpg'><img loading=\"lazy\" decoding=\"async\" width=\"600\" height=\"400\" src=\"https:\/\/galerija110795.ba\/app\/uploads\/2012\/10\/gallery_110795_09-600x400.jpg\" class=\"attachment-thumbnail size-thumbnail\" alt=\"\" srcset=\"https:\/\/galerija110795.ba\/app\/uploads\/2012\/10\/gallery_110795_09-600x400.jpg 600w, https:\/\/galerija110795.ba\/app\/uploads\/2012\/10\/gallery_110795_09-900x600.jpg 900w, https:\/\/galerija110795.ba\/app\/uploads\/2012\/10\/gallery_110795_09-1200x800.jpg 1200w\" sizes=\"auto, (max-width: 600px) 100vw, 600px\" \/><\/a><\/div><div class=\"gallery-item\"><a class=\"thumbnail img-thumbnail\" href='https:\/\/galerija110795.ba\/app\/uploads\/2012\/10\/gallery_110795_08.jpg'><img loading=\"lazy\" decoding=\"async\" width=\"600\" height=\"400\" src=\"https:\/\/galerija110795.ba\/app\/uploads\/2012\/10\/gallery_110795_08-600x400.jpg\" class=\"attachment-thumbnail size-thumbnail\" alt=\"\" srcset=\"https:\/\/galerija110795.ba\/app\/uploads\/2012\/10\/gallery_110795_08-600x400.jpg 600w, https:\/\/galerija110795.ba\/app\/uploads\/2012\/10\/gallery_110795_08-900x600.jpg 900w, https:\/\/galerija110795.ba\/app\/uploads\/2012\/10\/gallery_110795_08-1200x800.jpg 1200w\" sizes=\"auto, (max-width: 600px) 100vw, 600px\" \/><\/a><\/div><\/div><div class=\"gallery-row gallery-columns-3\"><div class=\"gallery-item\"><a class=\"thumbnail img-thumbnail\" href='https:\/\/galerija110795.ba\/app\/uploads\/2012\/10\/gallery_110795_07.jpg'><img loading=\"lazy\" decoding=\"async\" width=\"600\" height=\"400\" src=\"https:\/\/galerija110795.ba\/app\/uploads\/2012\/10\/gallery_110795_07-600x400.jpg\" class=\"attachment-thumbnail size-thumbnail\" alt=\"\" srcset=\"https:\/\/galerija110795.ba\/app\/uploads\/2012\/10\/gallery_110795_07-600x400.jpg 600w, https:\/\/galerija110795.ba\/app\/uploads\/2012\/10\/gallery_110795_07-900x600.jpg 900w, https:\/\/galerija110795.ba\/app\/uploads\/2012\/10\/gallery_110795_07-1200x800.jpg 1200w\" sizes=\"auto, (max-width: 600px) 100vw, 600px\" \/><\/a><\/div><div class=\"gallery-item\"><a class=\"thumbnail img-thumbnail\" href='https:\/\/galerija110795.ba\/app\/uploads\/2012\/10\/gallery_110795_06.jpg'><img loading=\"lazy\" decoding=\"async\" width=\"600\" height=\"400\" src=\"https:\/\/galerija110795.ba\/app\/uploads\/2012\/10\/gallery_110795_06-600x400.jpg\" class=\"attachment-thumbnail size-thumbnail\" alt=\"\" srcset=\"https:\/\/galerija110795.ba\/app\/uploads\/2012\/10\/gallery_110795_06-600x400.jpg 600w, https:\/\/galerija110795.ba\/app\/uploads\/2012\/10\/gallery_110795_06-900x600.jpg 900w, https:\/\/galerija110795.ba\/app\/uploads\/2012\/10\/gallery_110795_06-1200x800.jpg 1200w\" sizes=\"auto, (max-width: 600px) 100vw, 600px\" \/><\/a><\/div><div class=\"gallery-item\"><a class=\"thumbnail img-thumbnail\" href='https:\/\/galerija110795.ba\/app\/uploads\/2012\/10\/gallery_110795_05.jpg'><img loading=\"lazy\" decoding=\"async\" width=\"600\" height=\"400\" src=\"https:\/\/galerija110795.ba\/app\/uploads\/2012\/10\/gallery_110795_05-600x400.jpg\" class=\"attachment-thumbnail size-thumbnail\" alt=\"\" srcset=\"https:\/\/galerija110795.ba\/app\/uploads\/2012\/10\/gallery_110795_05-600x400.jpg 600w, https:\/\/galerija110795.ba\/app\/uploads\/2012\/10\/gallery_110795_05-900x600.jpg 900w, https:\/\/galerija110795.ba\/app\/uploads\/2012\/10\/gallery_110795_05-1200x800.jpg 1200w\" sizes=\"auto, (max-width: 600px) 100vw, 600px\" \/><\/a><\/div><\/div><div class=\"gallery-row gallery-columns-3\"><div class=\"gallery-item\"><a class=\"thumbnail img-thumbnail\" href='https:\/\/galerija110795.ba\/app\/uploads\/2012\/10\/gallery_110795_04.jpg'><img loading=\"lazy\" decoding=\"async\" width=\"600\" height=\"400\" src=\"https:\/\/galerija110795.ba\/app\/uploads\/2012\/10\/gallery_110795_04-600x400.jpg\" class=\"attachment-thumbnail size-thumbnail\" alt=\"\" srcset=\"https:\/\/galerija110795.ba\/app\/uploads\/2012\/10\/gallery_110795_04-600x400.jpg 600w, https:\/\/galerija110795.ba\/app\/uploads\/2012\/10\/gallery_110795_04-900x600.jpg 900w, https:\/\/galerija110795.ba\/app\/uploads\/2012\/10\/gallery_110795_04-1200x800.jpg 1200w\" sizes=\"auto, (max-width: 600px) 100vw, 600px\" \/><\/a><\/div><div class=\"gallery-item\"><a class=\"thumbnail img-thumbnail\" href='https:\/\/galerija110795.ba\/app\/uploads\/2012\/10\/gallery_110795_03.jpg'><img loading=\"lazy\" decoding=\"async\" width=\"600\" height=\"400\" src=\"https:\/\/galerija110795.ba\/app\/uploads\/2012\/10\/gallery_110795_03-600x400.jpg\" class=\"attachment-thumbnail size-thumbnail\" alt=\"\" srcset=\"https:\/\/galerija110795.ba\/app\/uploads\/2012\/10\/gallery_110795_03-600x400.jpg 600w, https:\/\/galerija110795.ba\/app\/uploads\/2012\/10\/gallery_110795_03-900x600.jpg 900w, https:\/\/galerija110795.ba\/app\/uploads\/2012\/10\/gallery_110795_03-1200x800.jpg 1200w\" sizes=\"auto, (max-width: 600px) 100vw, 600px\" \/><\/a><\/div><div class=\"gallery-item\"><a class=\"thumbnail img-thumbnail\" href='https:\/\/galerija110795.ba\/app\/uploads\/2012\/10\/gallery_110795_02.jpg'><img loading=\"lazy\" decoding=\"async\" width=\"600\" height=\"400\" src=\"https:\/\/galerija110795.ba\/app\/uploads\/2012\/10\/gallery_110795_02-600x400.jpg\" class=\"attachment-thumbnail size-thumbnail\" alt=\"\" srcset=\"https:\/\/galerija110795.ba\/app\/uploads\/2012\/10\/gallery_110795_02-600x400.jpg 600w, https:\/\/galerija110795.ba\/app\/uploads\/2012\/10\/gallery_110795_02-900x600.jpg 900w, https:\/\/galerija110795.ba\/app\/uploads\/2012\/10\/gallery_110795_02-1200x800.jpg 1200w\" sizes=\"auto, (max-width: 600px) 100vw, 600px\" \/><\/a><\/div><\/div><\/div>\n  <script>\n    jQuery(document).ready(function($) {\n\ndocument.getElementById(\"links\").onclick = function (event) {\n    event = event || window.event;\n    var target = event.target || event.srcElement,\n        link = target.src ? target.parentNode : target,\n        options = {index: link, event: event},\n        links = this.getElementsByTagName(\"a\");\n    blueimp.Gallery(links, options);\n};\n    });\n    \n<\/script>\n  \n<p>Sergi 300 m<sup>3<\/sup>\u2019lik alanda kurulmu\u015f olup foto\u011fraf\u0131\u00e7\u0131 Tarik Samarah\u2019\u0131n \u00e7ekti\u011fi foto\u011fraflardan, video belgelerinden &#8211; soyk\u0131r\u0131m haritas\u0131dan, bug\u00fcne kadar bulunan toplu mezarlar\u0131n i\u015faretlendi\u011fi haritalardan, portreler ve katledilen insanlar\u0131n adlar\u0131 ve soyadlar\u0131 ile kurtulanlar\u0131n a\u00e7\u0131klamalar\u0131ndan olu\u015fmaktad\u0131r.<\/p>\n","protected":false},"excerpt":{"rendered":"<p>11\/07\/95 Galerisi Srebrenica soyk\u0131r\u0131m\u0131nda trajik \u015fekilde hayatlar\u0131n\u0131 kaybeden 8372 ki\u015finin an\u0131s\u0131n\u0131n korunmas\u0131 i\u00e7in Bosna Hersek\u2019te ilk a\u00e7\u0131lan anma galerisidir. 12 Temmuz 2012 tarihinde, Srebrenica anma g\u00fcn\u00fcn\u00fcn ertesi g\u00fcn\u00fc, sembolik olarak ve anma k\u00fclt\u00fcr\u00fcn\u00fcn bir par\u00e7as\u0131 olmas\u0131 amac\u0131yla- ayn\u0131 zamanda anma ve \u015fiddete uyar\u0131 olarak a\u00e7\u0131lm\u0131\u015ft\u0131r. Serginin as\u0131l amac\u0131 Srebrenica\u2019dan kalma belgesel sahnelerini sunmakt\u0131r. Hayatlar\u0131n\u0131 kaybeden &hellip; <a href=\"https:\/\/galerija110795.ba\/tr\/110795-galerisi-hakkinda\/\">Continued<\/a><\/p>\n","protected":false},"author":1,"featured_media":0,"parent":0,"menu_order":3,"comment_status":"closed","ping_status":"open","template":"","meta":{"_acf_changed":false,"footnotes":""},"class_list":["post-489","page","type-page","status-publish","hentry"],"acf":[],"yoast_head":"<!-- This site is optimized with the Yoast SEO plugin v26.8 - https:\/\/yoast.com\/product\/yoast-seo-wordpress\/ -->\n<title>11\/07\/95 Galerisi hakk\u0131nda - Galerija 11\/07\/95<\/title>\n<meta name=\"robots\" content=\"index, follow, max-snippet:-1, max-image-preview:large, max-video-preview:-1\" \/>\n<link rel=\"canonical\" href=\"https:\/\/galerija110795.ba\/tr\/110795-galerisi-hakkinda\/\" \/>\n<meta property=\"og:locale\" content=\"tr_TR\" \/>\n<meta property=\"og:type\" content=\"article\" \/>\n<meta property=\"og:title\" content=\"11\/07\/95 Galerisi hakk\u0131nda - Galerija 11\/07\/95\" \/>\n<meta property=\"og:description\" content=\"11\/07\/95 Galerisi Srebrenica soyk\u0131r\u0131m\u0131nda trajik \u015fekilde hayatlar\u0131n\u0131 kaybeden 8372 ki\u015finin an\u0131s\u0131n\u0131n korunmas\u0131 i\u00e7in Bosna Hersek\u2019te ilk a\u00e7\u0131lan anma galerisidir. 12 Temmuz 2012 tarihinde, Srebrenica anma g\u00fcn\u00fcn\u00fcn ertesi g\u00fcn\u00fc, sembolik olarak ve anma k\u00fclt\u00fcr\u00fcn\u00fcn bir par\u00e7as\u0131 olmas\u0131 amac\u0131yla- ayn\u0131 zamanda anma ve \u015fiddete uyar\u0131 olarak a\u00e7\u0131lm\u0131\u015ft\u0131r. Serginin as\u0131l amac\u0131 Srebrenica\u2019dan kalma belgesel sahnelerini sunmakt\u0131r. Hayatlar\u0131n\u0131 kaybeden &hellip; Continued\" \/>\n<meta property=\"og:url\" content=\"https:\/\/galerija110795.ba\/tr\/110795-galerisi-hakkinda\/\" \/>\n<meta property=\"og:site_name\" content=\"Galerija 11\/07\/95\" \/>\n<meta property=\"article:modified_time\" content=\"2015-11-17T09:51:08+00:00\" \/>\n<meta property=\"og:image\" content=\"https:\/\/galerija110795.ba\/app\/uploads\/2012\/10\/gallery_110795_01-600x400.jpg\" \/>\n<meta name=\"twitter:card\" content=\"summary_large_image\" \/>\n<meta name=\"twitter:label1\" content=\"Est. reading time\" \/>\n\t<meta name=\"twitter:data1\" content=\"1 minute\" \/>\n<script type=\"application\/ld+json\" class=\"yoast-schema-graph\">{\"@context\":\"https:\/\/schema.org\",\"@graph\":[{\"@type\":\"WebPage\",\"@id\":\"https:\/\/galerija110795.ba\/tr\/110795-galerisi-hakkinda\/\",\"url\":\"https:\/\/galerija110795.ba\/tr\/110795-galerisi-hakkinda\/\",\"name\":\"11\/07\/95 Galerisi hakk\u0131nda - Galerija 11\/07\/95\",\"isPartOf\":{\"@id\":\"https:\/\/galerija110795.ba\/#website\"},\"datePublished\":\"2013-11-11T17:55:43+00:00\",\"dateModified\":\"2015-11-17T09:51:08+00:00\",\"breadcrumb\":{\"@id\":\"https:\/\/galerija110795.ba\/tr\/110795-galerisi-hakkinda\/#breadcrumb\"},\"inLanguage\":\"tr\",\"potentialAction\":[{\"@type\":\"ReadAction\",\"target\":[\"https:\/\/galerija110795.ba\/tr\/110795-galerisi-hakkinda\/\"]}]},{\"@type\":\"BreadcrumbList\",\"@id\":\"https:\/\/galerija110795.ba\/tr\/110795-galerisi-hakkinda\/#breadcrumb\",\"itemListElement\":[{\"@type\":\"ListItem\",\"position\":1,\"name\":\"Home\",\"item\":\"https:\/\/galerija110795.ba\/tr\/\"},{\"@type\":\"ListItem\",\"position\":2,\"name\":\"11\/07\/95 Galerisi hakk\u0131nda\"}]},{\"@type\":\"WebSite\",\"@id\":\"https:\/\/galerija110795.ba\/#website\",\"url\":\"https:\/\/galerija110795.ba\/\",\"name\":\"Galerija 11\/07\/95\",\"description\":\"Bosna-Hersek\u2019te d\u00fczenlenen ilk anma galerisi, Srebrenitsa trajedisi ve Srebrenitsa soyk\u0131r\u0131m\u0131nda  katledilen 8372 ki\u015fi  an\u0131lar\u0131n\u0131n korunmas\u0131 amac\u0131yla a\u00e7\u0131lan  sergi alan\u0131d\u0131r.\",\"publisher\":{\"@id\":\"https:\/\/galerija110795.ba\/#organization\"},\"potentialAction\":[{\"@type\":\"SearchAction\",\"target\":{\"@type\":\"EntryPoint\",\"urlTemplate\":\"https:\/\/galerija110795.ba\/?s={search_term_string}\"},\"query-input\":{\"@type\":\"PropertyValueSpecification\",\"valueRequired\":true,\"valueName\":\"search_term_string\"}}],\"inLanguage\":\"tr\"},{\"@type\":\"Organization\",\"@id\":\"https:\/\/galerija110795.ba\/#organization\",\"name\":\"Galerija 11\/07\/95\",\"url\":\"https:\/\/galerija110795.ba\/\",\"logo\":{\"@type\":\"ImageObject\",\"inLanguage\":\"tr\",\"@id\":\"https:\/\/galerija110795.ba\/#\/schema\/logo\/image\/\",\"url\":\"https:\/\/galerija110795.ba\/app\/uploads\/2013\/09\/galerija_110795_logo.png\",\"contentUrl\":\"https:\/\/galerija110795.ba\/app\/uploads\/2013\/09\/galerija_110795_logo.png\",\"width\":1254,\"height\":408,\"caption\":\"Galerija 11\/07\/95\"},\"image\":{\"@id\":\"https:\/\/galerija110795.ba\/#\/schema\/logo\/image\/\"}}]}<\/script>\n<!-- \/ Yoast SEO plugin. -->","yoast_head_json":{"title":"11\/07\/95 Galerisi hakk\u0131nda - Galerija 11\/07\/95","robots":{"index":"index","follow":"follow","max-snippet":"max-snippet:-1","max-image-preview":"max-image-preview:large","max-video-preview":"max-video-preview:-1"},"canonical":"https:\/\/galerija110795.ba\/tr\/110795-galerisi-hakkinda\/","og_locale":"tr_TR","og_type":"article","og_title":"11\/07\/95 Galerisi hakk\u0131nda - Galerija 11\/07\/95","og_description":"11\/07\/95 Galerisi Srebrenica soyk\u0131r\u0131m\u0131nda trajik \u015fekilde hayatlar\u0131n\u0131 kaybeden 8372 ki\u015finin an\u0131s\u0131n\u0131n korunmas\u0131 i\u00e7in Bosna Hersek\u2019te ilk a\u00e7\u0131lan anma galerisidir. 12 Temmuz 2012 tarihinde, Srebrenica anma g\u00fcn\u00fcn\u00fcn ertesi g\u00fcn\u00fc, sembolik olarak ve anma k\u00fclt\u00fcr\u00fcn\u00fcn bir par\u00e7as\u0131 olmas\u0131 amac\u0131yla- ayn\u0131 zamanda anma ve \u015fiddete uyar\u0131 olarak a\u00e7\u0131lm\u0131\u015ft\u0131r. Serginin as\u0131l amac\u0131 Srebrenica\u2019dan kalma belgesel sahnelerini sunmakt\u0131r. Hayatlar\u0131n\u0131 kaybeden &hellip; Continued","og_url":"https:\/\/galerija110795.ba\/tr\/110795-galerisi-hakkinda\/","og_site_name":"Galerija 11\/07\/95","article_modified_time":"2015-11-17T09:51:08+00:00","og_image":[{"url":"https:\/\/galerija110795.ba\/app\/uploads\/2012\/10\/gallery_110795_01-600x400.jpg","type":"","width":"","height":""}],"twitter_card":"summary_large_image","twitter_misc":{"Est. reading time":"1 minute"},"schema":{"@context":"https:\/\/schema.org","@graph":[{"@type":"WebPage","@id":"https:\/\/galerija110795.ba\/tr\/110795-galerisi-hakkinda\/","url":"https:\/\/galerija110795.ba\/tr\/110795-galerisi-hakkinda\/","name":"11\/07\/95 Galerisi hakk\u0131nda - Galerija 11\/07\/95","isPartOf":{"@id":"https:\/\/galerija110795.ba\/#website"},"datePublished":"2013-11-11T17:55:43+00:00","dateModified":"2015-11-17T09:51:08+00:00","breadcrumb":{"@id":"https:\/\/galerija110795.ba\/tr\/110795-galerisi-hakkinda\/#breadcrumb"},"inLanguage":"tr","potentialAction":[{"@type":"ReadAction","target":["https:\/\/galerija110795.ba\/tr\/110795-galerisi-hakkinda\/"]}]},{"@type":"BreadcrumbList","@id":"https:\/\/galerija110795.ba\/tr\/110795-galerisi-hakkinda\/#breadcrumb","itemListElement":[{"@type":"ListItem","position":1,"name":"Home","item":"https:\/\/galerija110795.ba\/tr\/"},{"@type":"ListItem","position":2,"name":"11\/07\/95 Galerisi hakk\u0131nda"}]},{"@type":"WebSite","@id":"https:\/\/galerija110795.ba\/#website","url":"https:\/\/galerija110795.ba\/","name":"Galerija 11\/07\/95","description":"Bosna-Hersek\u2019te d\u00fczenlenen ilk anma galerisi, Srebrenitsa trajedisi ve Srebrenitsa soyk\u0131r\u0131m\u0131nda  katledilen 8372 ki\u015fi  an\u0131lar\u0131n\u0131n korunmas\u0131 amac\u0131yla a\u00e7\u0131lan  sergi alan\u0131d\u0131r.","publisher":{"@id":"https:\/\/galerija110795.ba\/#organization"},"potentialAction":[{"@type":"SearchAction","target":{"@type":"EntryPoint","urlTemplate":"https:\/\/galerija110795.ba\/?s={search_term_string}"},"query-input":{"@type":"PropertyValueSpecification","valueRequired":true,"valueName":"search_term_string"}}],"inLanguage":"tr"},{"@type":"Organization","@id":"https:\/\/galerija110795.ba\/#organization","name":"Galerija 11\/07\/95","url":"https:\/\/galerija110795.ba\/","logo":{"@type":"ImageObject","inLanguage":"tr","@id":"https:\/\/galerija110795.ba\/#\/schema\/logo\/image\/","url":"https:\/\/galerija110795.ba\/app\/uploads\/2013\/09\/galerija_110795_logo.png","contentUrl":"https:\/\/galerija110795.ba\/app\/uploads\/2013\/09\/galerija_110795_logo.png","width":1254,"height":408,"caption":"Galerija 11\/07\/95"},"image":{"@id":"https:\/\/galerija110795.ba\/#\/schema\/logo\/image\/"}}]}},"wpml_current_locale":"tr","wpml_translations":{"bs_BA":{"locale":"bs_BA","id":134,"slug":"o-galeriji-110795","post_title":"O Galeriji 11\/07\/95","href":"https:\/\/galerija110795.ba\/bs\/o-galeriji-110795\/"},"en_US":{"locale":"en_US","id":129,"slug":"about-gallery-110795","post_title":"About","href":"https:\/\/galerija110795.ba\/about-gallery-110795\/"},"fr_FR":{"locale":"fr_FR","id":354,"slug":"sur-la-galerie-110795","post_title":"Sur la Galerie 11\/07\/95","href":"https:\/\/galerija110795.ba\/fr\/sur-la-galerie-110795\/"},"de_DE":{"locale":"de_DE","id":487,"slug":"uber-die-galerija-110795","post_title":"\u00dcber die Galerija 11\/07\/95","href":"https:\/\/galerija110795.ba\/de\/uber-die-galerija-110795\/"},"it_IT":{"locale":"it_IT","id":485,"slug":"sulla-galleria-110795","post_title":"Sulla Galleria 11\/07\/95","href":"https:\/\/galerija110795.ba\/it\/sulla-galleria-110795\/"},"tr":{"locale":"tr","id":489,"slug":"110795-galerisi-hakkinda","post_title":"11\/07\/95 Galerisi hakk\u0131nda","href":"https:\/\/galerija110795.ba\/tr\/110795-galerisi-hakkinda\/"}},"_links":{"self":[{"href":"https:\/\/galerija110795.ba\/tr\/wp-json\/wp\/v2\/pages\/489","targetHints":{"allow":["GET"]}}],"collection":[{"href":"https:\/\/galerija110795.ba\/tr\/wp-json\/wp\/v2\/pages"}],"about":[{"href":"https:\/\/galerija110795.ba\/tr\/wp-json\/wp\/v2\/types\/page"}],"author":[{"embeddable":true,"href":"https:\/\/galerija110795.ba\/tr\/wp-json\/wp\/v2\/users\/1"}],"replies":[{"embeddable":true,"href":"https:\/\/galerija110795.ba\/tr\/wp-json\/wp\/v2\/comments?post=489"}],"version-history":[{"count":0,"href":"https:\/\/galerija110795.ba\/tr\/wp-json\/wp\/v2\/pages\/489\/revisions"}],"wp:attachment":[{"href":"https:\/\/galerija110795.ba\/tr\/wp-json\/wp\/v2\/media?parent=489"}],"curies":[{"name":"wp","href":"https:\/\/api.w.org\/{rel}","templated":true}]}}