{"id":3090,"date":"2015-11-09T16:56:29","date_gmt":"2015-11-09T16:56:29","guid":{"rendered":"https:\/\/galerija110795.ba\/tr\/?page_id=3090"},"modified":"2015-11-09T16:58:06","modified_gmt":"2015-11-09T16:58:06","slug":"frontpage","status":"publish","type":"page","link":"https:\/\/galerija110795.ba\/tr\/","title":{"rendered":"Frontpage"},"content":{"rendered":"","protected":false},"excerpt":{"rendered":"","protected":false},"author":1,"featured_media":0,"parent":0,"menu_order":0,"comment_status":"closed","ping_status":"closed","template":"templates\/template-layout-builder.php","meta":{"_acf_changed":false,"footnotes":""},"class_list":["post-3090","page","type-page","status-publish","hentry"],"acf":[],"yoast_head":"<!-- This site is optimized with the Yoast SEO plugin v26.8 - https:\/\/yoast.com\/product\/yoast-seo-wordpress\/ -->\n<title>Frontpage - Galerija 11\/07\/95<\/title>\n<meta name=\"robots\" content=\"index, follow, max-snippet:-1, max-image-preview:large, max-video-preview:-1\" \/>\n<link rel=\"canonical\" href=\"https:\/\/galerija110795.ba\/tr\/\" \/>\n<meta property=\"og:locale\" content=\"tr_TR\" \/>\n<meta property=\"og:type\" content=\"article\" \/>\n<meta property=\"og:title\" content=\"Frontpage - Galerija 11\/07\/95\" \/>\n<meta property=\"og:url\" content=\"https:\/\/galerija110795.ba\/tr\/\" \/>\n<meta property=\"og:site_name\" content=\"Galerija 11\/07\/95\" \/>\n<meta property=\"article:modified_time\" content=\"2015-11-09T16:58:06+00:00\" \/>\n<meta name=\"twitter:card\" content=\"summary_large_image\" \/>\n<script type=\"application\/ld+json\" class=\"yoast-schema-graph\">{\"@context\":\"https:\/\/schema.org\",\"@graph\":[{\"@type\":\"WebPage\",\"@id\":\"https:\/\/galerija110795.ba\/tr\/\",\"url\":\"https:\/\/galerija110795.ba\/tr\/\",\"name\":\"Frontpage - Galerija 11\/07\/95\",\"isPartOf\":{\"@id\":\"https:\/\/galerija110795.ba\/#website\"},\"datePublished\":\"2015-11-09T16:56:29+00:00\",\"dateModified\":\"2015-11-09T16:58:06+00:00\",\"breadcrumb\":{\"@id\":\"https:\/\/galerija110795.ba\/tr\/#breadcrumb\"},\"inLanguage\":\"tr\",\"potentialAction\":[{\"@type\":\"ReadAction\",\"target\":[\"https:\/\/galerija110795.ba\/tr\/\"]}]},{\"@type\":\"BreadcrumbList\",\"@id\":\"https:\/\/galerija110795.ba\/tr\/#breadcrumb\",\"itemListElement\":[{\"@type\":\"ListItem\",\"position\":1,\"name\":\"Home\",\"item\":\"https:\/\/galerija110795.ba\/tr\/\"},{\"@type\":\"ListItem\",\"position\":2,\"name\":\"Frontpage\"}]},{\"@type\":\"WebSite\",\"@id\":\"https:\/\/galerija110795.ba\/#website\",\"url\":\"https:\/\/galerija110795.ba\/\",\"name\":\"Galerija 11\/07\/95\",\"description\":\"Bosna-Hersek\u2019te d\u00fczenlenen ilk anma galerisi, Srebrenitsa trajedisi ve Srebrenitsa soyk\u0131r\u0131m\u0131nda  katledilen 8372 ki\u015fi  an\u0131lar\u0131n\u0131n korunmas\u0131 amac\u0131yla a\u00e7\u0131lan  sergi alan\u0131d\u0131r.\",\"publisher\":{\"@id\":\"https:\/\/galerija110795.ba\/#organization\"},\"potentialAction\":[{\"@type\":\"SearchAction\",\"target\":{\"@type\":\"EntryPoint\",\"urlTemplate\":\"https:\/\/galerija110795.ba\/?s={search_term_string}\"},\"query-input\":{\"@type\":\"PropertyValueSpecification\",\"valueRequired\":true,\"valueName\":\"search_term_string\"}}],\"inLanguage\":\"tr\"},{\"@type\":\"Organization\",\"@id\":\"https:\/\/galerija110795.ba\/#organization\",\"name\":\"Galerija 11\/07\/95\",\"url\":\"https:\/\/galerija110795.ba\/\",\"logo\":{\"@type\":\"ImageObject\",\"inLanguage\":\"tr\",\"@id\":\"https:\/\/galerija110795.ba\/#\/schema\/logo\/image\/\",\"url\":\"https:\/\/galerija110795.ba\/app\/uploads\/2013\/09\/galerija_110795_logo.png\",\"contentUrl\":\"https:\/\/galerija110795.ba\/app\/uploads\/2013\/09\/galerija_110795_logo.png\",\"width\":1254,\"height\":408,\"caption\":\"Galerija 11\/07\/95\"},\"image\":{\"@id\":\"https:\/\/galerija110795.ba\/#\/schema\/logo\/image\/\"}}]}<\/script>\n<!-- \/ Yoast SEO plugin. -->","yoast_head_json":{"title":"Frontpage - Galerija 11\/07\/95","robots":{"index":"index","follow":"follow","max-snippet":"max-snippet:-1","max-image-preview":"max-image-preview:large","max-video-preview":"max-video-preview:-1"},"canonical":"https:\/\/galerija110795.ba\/tr\/","og_locale":"tr_TR","og_type":"article","og_title":"Frontpage - Galerija 11\/07\/95","og_url":"https:\/\/galerija110795.ba\/tr\/","og_site_name":"Galerija 11\/07\/95","article_modified_time":"2015-11-09T16:58:06+00:00","twitter_card":"summary_large_image","schema":{"@context":"https:\/\/schema.org","@graph":[{"@type":"WebPage","@id":"https:\/\/galerija110795.ba\/tr\/","url":"https:\/\/galerija110795.ba\/tr\/","name":"Frontpage - Galerija 11\/07\/95","isPartOf":{"@id":"https:\/\/galerija110795.ba\/#website"},"datePublished":"2015-11-09T16:56:29+00:00","dateModified":"2015-11-09T16:58:06+00:00","breadcrumb":{"@id":"https:\/\/galerija110795.ba\/tr\/#breadcrumb"},"inLanguage":"tr","potentialAction":[{"@type":"ReadAction","target":["https:\/\/galerija110795.ba\/tr\/"]}]},{"@type":"BreadcrumbList","@id":"https:\/\/galerija110795.ba\/tr\/#breadcrumb","itemListElement":[{"@type":"ListItem","position":1,"name":"Home","item":"https:\/\/galerija110795.ba\/tr\/"},{"@type":"ListItem","position":2,"name":"Frontpage"}]},{"@type":"WebSite","@id":"https:\/\/galerija110795.ba\/#website","url":"https:\/\/galerija110795.ba\/","name":"Galerija 11\/07\/95","description":"Bosna-Hersek\u2019te d\u00fczenlenen ilk anma galerisi, Srebrenitsa trajedisi ve Srebrenitsa soyk\u0131r\u0131m\u0131nda  katledilen 8372 ki\u015fi  an\u0131lar\u0131n\u0131n korunmas\u0131 amac\u0131yla a\u00e7\u0131lan  sergi alan\u0131d\u0131r.","publisher":{"@id":"https:\/\/galerija110795.ba\/#organization"},"potentialAction":[{"@type":"SearchAction","target":{"@type":"EntryPoint","urlTemplate":"https:\/\/galerija110795.ba\/?s={search_term_string}"},"query-input":{"@type":"PropertyValueSpecification","valueRequired":true,"valueName":"search_term_string"}}],"inLanguage":"tr"},{"@type":"Organization","@id":"https:\/\/galerija110795.ba\/#organization","name":"Galerija 11\/07\/95","url":"https:\/\/galerija110795.ba\/","logo":{"@type":"ImageObject","inLanguage":"tr","@id":"https:\/\/galerija110795.ba\/#\/schema\/logo\/image\/","url":"https:\/\/galerija110795.ba\/app\/uploads\/2013\/09\/galerija_110795_logo.png","contentUrl":"https:\/\/galerija110795.ba\/app\/uploads\/2013\/09\/galerija_110795_logo.png","width":1254,"height":408,"caption":"Galerija 11\/07\/95"},"image":{"@id":"https:\/\/galerija110795.ba\/#\/schema\/logo\/image\/"}}]}},"wpml_current_locale":"tr","wpml_translations":{"bs_BA":{"locale":"bs_BA","id":2990,"slug":"frontpage","post_title":"Frontpage","href":"https:\/\/galerija110795.ba\/bs\/frontpage\/"},"en_US":{"locale":"en_US","id":3079,"slug":"frontpage-2","post_title":"Frontpage","href":"https:\/\/galerija110795.ba\/frontpage-2\/"},"fr_FR":{"locale":"fr_FR","id":3169,"slug":"front-page","post_title":"Front page","href":"https:\/\/galerija110795.ba\/fr\/front-page\/"},"de_DE":{"locale":"de_DE","id":3088,"slug":"frontpage","post_title":"Frontpage","href":"https:\/\/galerija110795.ba\/de\/frontpage\/"},"it_IT":{"locale":"it_IT","id":3089,"slug":"frontpage","post_title":"Frontpage","href":"https:\/\/galerija110795.ba\/it\/frontpage\/"},"tr":{"locale":"tr","id":3090,"slug":"frontpage","post_title":"Frontpage","href":"https:\/\/galerija110795.ba\/tr\/"}},"_links":{"self":[{"href":"https:\/\/galerija110795.ba\/tr\/wp-json\/wp\/v2\/pages\/3090","targetHints":{"allow":["GET"]}}],"collection":[{"href":"https:\/\/galerija110795.ba\/tr\/wp-json\/wp\/v2\/pages"}],"about":[{"href":"https:\/\/galerija110795.ba\/tr\/wp-json\/wp\/v2\/types\/page"}],"author":[{"embeddable":true,"href":"https:\/\/galerija110795.ba\/tr\/wp-json\/wp\/v2\/users\/1"}],"replies":[{"embeddable":true,"href":"https:\/\/galerija110795.ba\/tr\/wp-json\/wp\/v2\/comments?post=3090"}],"version-history":[{"count":0,"href":"https:\/\/galerija110795.ba\/tr\/wp-json\/wp\/v2\/pages\/3090\/revisions"}],"wp:attachment":[{"href":"https:\/\/galerija110795.ba\/tr\/wp-json\/wp\/v2\/media?parent=3090"}],"curies":[{"name":"wp","href":"https:\/\/api.w.org\/{rel}","templated":true}]}}