{"id":511,"date":"2013-11-11T18:31:15","date_gmt":"2013-11-11T18:31:15","guid":{"rendered":"https:\/\/galerija110795.ba\/?page_id=511"},"modified":"2026-01-31T16:17:46","modified_gmt":"2026-01-31T15:17:46","slug":"srebrenica","status":"publish","type":"page","link":"https:\/\/galerija110795.ba\/it\/srebrenica\/","title":{"rendered":"Srebrenica"},"content":{"rendered":"<p>Srebrenica \u00e8 una piccola citt\u00e0 situata nella parte orientale della Bosnia Erzegovina, oggi facente parte dell\u2019Entit\u00e0 della Repubblica Srpska, iscritta con lettere insanguinate nel 1995 sulla mappa della storia mondiale, quando il solo nome di questa piccola citt\u00e0 \u00e8 diventato il segno per il crimine pi\u00f9 grande in Europa, alla fine del XX secolo. All\u2019inizio solo della guerra, nel 1992, le unit\u00e0 dell\u2019Armata popolare jugoslava, le unit\u00e0 paramilitari e membri del Partito democratico serbo, hanno occupato Srebrenica e, gi\u00e0 all\u2019inizio del 1993, la zona tra Zvornik e Srebrenica \u00e8 caduta nelle mani dell\u2019Esercito della Repubblica Srpska, quando un gran numero delle persone si \u00e8 spostato nella zona di Srebrenica. A causa di una posizione specifica e dopo essere stata occupata, Srebrenica nel 1993, prima di tutto \u00e8 stata demilitarizzata, e poi, a seguito di una Risoluzione del Consiglio della Sicurezza delle Nazioni Unite, proclamata anche \u201cuna zona sicura\u201d sotto la\u00a0 protezione delle forze internazionali.<\/p>\n<p><img decoding=\"async\" class=\"img-responsive alignnone\" src=\"https:\/\/galerija110795.ba\/app\/uploads\/2012\/10\/panorama_srebrenica.jpg\" alt=\"Panorama\"\/><\/p>\n<p>In Srebrenica, in quel momento, si sono trovate oltre 50.000 persone \u2013 cinque volte di pi\u00f9 rispetto all\u2019inizio della guerra.<\/p>\n<p>Ufficialmente sotto la protezione delle Nazioni Unite, Srebrenica veniva bombardata ogni giorno, mentre i suoi abitanti erano senza cibo e senza le condizioni minime per vivere.<\/p>\n<p><i>Poi \u00e8 successo il 1995\u2026<\/i><\/p>\n<p>La lenta morte di Srebrenica, \u00e8 stata accelerata alla fine di giugno del 1995, quando sono iniziati gli attacchi feroci dell\u2019Esercito della Repubblica Srpska alla \u201czona protetta\u201d delle Nazioni Unite. Le truppe delle Nazioni Unite in quel momento erano rappresentate dai militari olandesi \u2013 600, arrivati in gennaio e situati nella Fabbrica degli accumulatori, a Potocari.<\/p>\n<p>Il sei luglio del 1995, sono iniziati forti bombardamenti da parte dell\u2019Esercito della Repubblica Srpska, comandata dal generale Ratko Mladic. L\u2019operazione militare, chiamata \u201cKrivaja 95\u201d, \u00e8 risultata un massacro orribile di civili mussulmani; uomini, donne, ma anche bambini. Srebrenica \u00e8 caduta l\u201911 luglio, dopo di che circa 25.000 persone hanno abbandonato la citt\u00e0 e si sono radunate attorno alla base delle Nazioni Unite chiedendo la protezione. Contemporaneamente, la colonna di circa 10.000 \u2013 15.000 persone ha cercato di sbucare nel territorio libero di Tuzla, attraverso le zone sotto il controllo dell\u2019Esercito della Repubblica Srpska. La colonna \u00e8 stata spezzata prima di tutto con i bombardamenti, per essere poi, i gruppi pi\u00f9 piccoli e i singoli presi, arrestati e infine uccisi.<\/p>\n<p>A Potocari, in quel momento, venivano commesse le uccisioni e gli stupri. L\u2019esercito della Repubblica Srpska con le Nazioni Unite concorda l\u2019evacuazione dei civili, quando il generale Ratko Mladic decide che lo faranno le sue forze, con gli autobus e i camion.<\/p>\n<p>Inizia la separazione degli uomini dalle donne e i bambini, che poi vengono trasportati a Bratunac. La maggior parte di loro veniva uccisa tra il 12 e il 15 di luglio in esecuzioni di massa e negli spazi dei palazzotti dello sport, delle fabbriche, sui campi, nei boschi\u2026<\/p>\n<p>L\u2019esercito della Repubblica Srpska seppelliva le vittime nelle fosse comuni nelle zone di Zvornik, Vlasenica e Srebrenica. Le analisi forensi mostrano che durante l\u2019estate e l\u2019autunno del 1995, i corpi sono stati spostati dalle fosse comuni primarie in quelle pi\u00f9 lontane secondarie.<\/p>\n","protected":false},"excerpt":{"rendered":"<p>Srebrenica \u00e8 una piccola citt\u00e0 situata nella parte orientale della Bosnia Erzegovina, oggi facente parte dell\u2019Entit\u00e0 della Repubblica Srpska, iscritta con lettere insanguinate nel 1995 sulla mappa della storia mondiale, quando il solo nome di questa piccola citt\u00e0 \u00e8 diventato il segno per il crimine pi\u00f9 grande in Europa, alla fine del XX secolo. All\u2019inizio &hellip; <a href=\"https:\/\/galerija110795.ba\/it\/srebrenica\/\">Continued<\/a><\/p>\n","protected":false},"author":1,"featured_media":0,"parent":0,"menu_order":2,"comment_status":"closed","ping_status":"open","template":"","meta":{"_acf_changed":false,"footnotes":""},"class_list":["post-511","page","type-page","status-publish","hentry"],"acf":[],"yoast_head":"<!-- This site is optimized with the Yoast SEO plugin v26.8 - https:\/\/yoast.com\/product\/yoast-seo-wordpress\/ -->\n<title>Srebrenica - Galerija 11\/07\/95<\/title>\n<meta name=\"robots\" content=\"index, follow, max-snippet:-1, max-image-preview:large, max-video-preview:-1\" \/>\n<link rel=\"canonical\" href=\"https:\/\/galerija110795.ba\/it\/srebrenica\/\" \/>\n<meta property=\"og:locale\" content=\"it_IT\" \/>\n<meta property=\"og:type\" content=\"article\" \/>\n<meta property=\"og:title\" content=\"Srebrenica - Galerija 11\/07\/95\" \/>\n<meta property=\"og:description\" content=\"Srebrenica \u00e8 una piccola citt\u00e0 situata nella parte orientale della Bosnia Erzegovina, oggi facente parte dell\u2019Entit\u00e0 della Repubblica Srpska, iscritta con lettere insanguinate nel 1995 sulla mappa della storia mondiale, quando il solo nome di questa piccola citt\u00e0 \u00e8 diventato il segno per il crimine pi\u00f9 grande in Europa, alla fine del XX secolo. All\u2019inizio &hellip; Continued\" \/>\n<meta property=\"og:url\" content=\"https:\/\/galerija110795.ba\/it\/srebrenica\/\" \/>\n<meta property=\"og:site_name\" content=\"Galerija 11\/07\/95\" \/>\n<meta property=\"article:modified_time\" content=\"2026-01-31T15:17:46+00:00\" \/>\n<meta property=\"og:image\" content=\"https:\/\/galerija110795.ba\/app\/uploads\/2012\/10\/panorama_srebrenica.jpg\" \/>\n<meta name=\"twitter:card\" content=\"summary_large_image\" \/>\n<meta name=\"twitter:label1\" content=\"Tempo di lettura stimato\" \/>\n\t<meta name=\"twitter:data1\" content=\"3 minuti\" \/>\n<script type=\"application\/ld+json\" class=\"yoast-schema-graph\">{\"@context\":\"https:\/\/schema.org\",\"@graph\":[{\"@type\":\"WebPage\",\"@id\":\"https:\/\/galerija110795.ba\/it\/srebrenica\/\",\"url\":\"https:\/\/galerija110795.ba\/it\/srebrenica\/\",\"name\":\"Srebrenica - Galerija 11\/07\/95\",\"isPartOf\":{\"@id\":\"https:\/\/galerija110795.ba\/#website\"},\"primaryImageOfPage\":{\"@id\":\"https:\/\/galerija110795.ba\/it\/srebrenica\/#primaryimage\"},\"image\":{\"@id\":\"https:\/\/galerija110795.ba\/it\/srebrenica\/#primaryimage\"},\"thumbnailUrl\":\"https:\/\/galerija110795.ba\/app\/uploads\/2012\/10\/panorama_srebrenica.jpg\",\"datePublished\":\"2013-11-11T18:31:15+00:00\",\"dateModified\":\"2026-01-31T15:17:46+00:00\",\"breadcrumb\":{\"@id\":\"https:\/\/galerija110795.ba\/it\/srebrenica\/#breadcrumb\"},\"inLanguage\":\"it-IT\",\"potentialAction\":[{\"@type\":\"ReadAction\",\"target\":[\"https:\/\/galerija110795.ba\/it\/srebrenica\/\"]}]},{\"@type\":\"ImageObject\",\"inLanguage\":\"it-IT\",\"@id\":\"https:\/\/galerija110795.ba\/it\/srebrenica\/#primaryimage\",\"url\":\"https:\/\/galerija110795.ba\/app\/uploads\/2012\/10\/panorama_srebrenica.jpg\",\"contentUrl\":\"https:\/\/galerija110795.ba\/app\/uploads\/2012\/10\/panorama_srebrenica.jpg\"},{\"@type\":\"BreadcrumbList\",\"@id\":\"https:\/\/galerija110795.ba\/it\/srebrenica\/#breadcrumb\",\"itemListElement\":[{\"@type\":\"ListItem\",\"position\":1,\"name\":\"Home\",\"item\":\"https:\/\/galerija110795.ba\/it\/\"},{\"@type\":\"ListItem\",\"position\":2,\"name\":\"Srebrenica\"}]},{\"@type\":\"WebSite\",\"@id\":\"https:\/\/galerija110795.ba\/#website\",\"url\":\"https:\/\/galerija110795.ba\/\",\"name\":\"Galerija 11\/07\/95\",\"description\":\"La prima galleria memoriale in Bosnia Erzegovina, lo spazio per esibizioni che ha come l\u2019obiettivo preservare il ricordo alla tragedia di Srebrenica ed a 8372 persone morte tragicamente nel genocidio di Srebrenica.\",\"publisher\":{\"@id\":\"https:\/\/galerija110795.ba\/#organization\"},\"potentialAction\":[{\"@type\":\"SearchAction\",\"target\":{\"@type\":\"EntryPoint\",\"urlTemplate\":\"https:\/\/galerija110795.ba\/?s={search_term_string}\"},\"query-input\":{\"@type\":\"PropertyValueSpecification\",\"valueRequired\":true,\"valueName\":\"search_term_string\"}}],\"inLanguage\":\"it-IT\"},{\"@type\":\"Organization\",\"@id\":\"https:\/\/galerija110795.ba\/#organization\",\"name\":\"Galerija 11\/07\/95\",\"url\":\"https:\/\/galerija110795.ba\/\",\"logo\":{\"@type\":\"ImageObject\",\"inLanguage\":\"it-IT\",\"@id\":\"https:\/\/galerija110795.ba\/#\/schema\/logo\/image\/\",\"url\":\"https:\/\/galerija110795.ba\/app\/uploads\/2013\/09\/galerija_110795_logo.png\",\"contentUrl\":\"https:\/\/galerija110795.ba\/app\/uploads\/2013\/09\/galerija_110795_logo.png\",\"width\":1254,\"height\":408,\"caption\":\"Galerija 11\/07\/95\"},\"image\":{\"@id\":\"https:\/\/galerija110795.ba\/#\/schema\/logo\/image\/\"}}]}<\/script>\n<!-- \/ Yoast SEO plugin. -->","yoast_head_json":{"title":"Srebrenica - Galerija 11\/07\/95","robots":{"index":"index","follow":"follow","max-snippet":"max-snippet:-1","max-image-preview":"max-image-preview:large","max-video-preview":"max-video-preview:-1"},"canonical":"https:\/\/galerija110795.ba\/it\/srebrenica\/","og_locale":"it_IT","og_type":"article","og_title":"Srebrenica - Galerija 11\/07\/95","og_description":"Srebrenica \u00e8 una piccola citt\u00e0 situata nella parte orientale della Bosnia Erzegovina, oggi facente parte dell\u2019Entit\u00e0 della Repubblica Srpska, iscritta con lettere insanguinate nel 1995 sulla mappa della storia mondiale, quando il solo nome di questa piccola citt\u00e0 \u00e8 diventato il segno per il crimine pi\u00f9 grande in Europa, alla fine del XX secolo. All\u2019inizio &hellip; Continued","og_url":"https:\/\/galerija110795.ba\/it\/srebrenica\/","og_site_name":"Galerija 11\/07\/95","article_modified_time":"2026-01-31T15:17:46+00:00","og_image":[{"url":"https:\/\/galerija110795.ba\/app\/uploads\/2012\/10\/panorama_srebrenica.jpg","type":"","width":"","height":""}],"twitter_card":"summary_large_image","twitter_misc":{"Tempo di lettura stimato":"3 minuti"},"schema":{"@context":"https:\/\/schema.org","@graph":[{"@type":"WebPage","@id":"https:\/\/galerija110795.ba\/it\/srebrenica\/","url":"https:\/\/galerija110795.ba\/it\/srebrenica\/","name":"Srebrenica - Galerija 11\/07\/95","isPartOf":{"@id":"https:\/\/galerija110795.ba\/#website"},"primaryImageOfPage":{"@id":"https:\/\/galerija110795.ba\/it\/srebrenica\/#primaryimage"},"image":{"@id":"https:\/\/galerija110795.ba\/it\/srebrenica\/#primaryimage"},"thumbnailUrl":"https:\/\/galerija110795.ba\/app\/uploads\/2012\/10\/panorama_srebrenica.jpg","datePublished":"2013-11-11T18:31:15+00:00","dateModified":"2026-01-31T15:17:46+00:00","breadcrumb":{"@id":"https:\/\/galerija110795.ba\/it\/srebrenica\/#breadcrumb"},"inLanguage":"it-IT","potentialAction":[{"@type":"ReadAction","target":["https:\/\/galerija110795.ba\/it\/srebrenica\/"]}]},{"@type":"ImageObject","inLanguage":"it-IT","@id":"https:\/\/galerija110795.ba\/it\/srebrenica\/#primaryimage","url":"https:\/\/galerija110795.ba\/app\/uploads\/2012\/10\/panorama_srebrenica.jpg","contentUrl":"https:\/\/galerija110795.ba\/app\/uploads\/2012\/10\/panorama_srebrenica.jpg"},{"@type":"BreadcrumbList","@id":"https:\/\/galerija110795.ba\/it\/srebrenica\/#breadcrumb","itemListElement":[{"@type":"ListItem","position":1,"name":"Home","item":"https:\/\/galerija110795.ba\/it\/"},{"@type":"ListItem","position":2,"name":"Srebrenica"}]},{"@type":"WebSite","@id":"https:\/\/galerija110795.ba\/#website","url":"https:\/\/galerija110795.ba\/","name":"Galerija 11\/07\/95","description":"La prima galleria memoriale in Bosnia Erzegovina, lo spazio per esibizioni che ha come l\u2019obiettivo preservare il ricordo alla tragedia di Srebrenica ed a 8372 persone morte tragicamente nel genocidio di Srebrenica.","publisher":{"@id":"https:\/\/galerija110795.ba\/#organization"},"potentialAction":[{"@type":"SearchAction","target":{"@type":"EntryPoint","urlTemplate":"https:\/\/galerija110795.ba\/?s={search_term_string}"},"query-input":{"@type":"PropertyValueSpecification","valueRequired":true,"valueName":"search_term_string"}}],"inLanguage":"it-IT"},{"@type":"Organization","@id":"https:\/\/galerija110795.ba\/#organization","name":"Galerija 11\/07\/95","url":"https:\/\/galerija110795.ba\/","logo":{"@type":"ImageObject","inLanguage":"it-IT","@id":"https:\/\/galerija110795.ba\/#\/schema\/logo\/image\/","url":"https:\/\/galerija110795.ba\/app\/uploads\/2013\/09\/galerija_110795_logo.png","contentUrl":"https:\/\/galerija110795.ba\/app\/uploads\/2013\/09\/galerija_110795_logo.png","width":1254,"height":408,"caption":"Galerija 11\/07\/95"},"image":{"@id":"https:\/\/galerija110795.ba\/#\/schema\/logo\/image\/"}}]}},"wpml_current_locale":"it_IT","wpml_translations":{"bs_BA":{"locale":"bs_BA","id":71,"slug":"srebrenica","post_title":"Srebrenica","href":"https:\/\/galerija110795.ba\/bs\/srebrenica\/"},"en_US":{"locale":"en_US","id":298,"slug":"srebrenica","post_title":"Srebrenica","href":"https:\/\/galerija110795.ba\/srebrenica\/"},"fr_FR":{"locale":"fr_FR","id":362,"slug":"srebrenica","post_title":"Srebrenica","href":"https:\/\/galerija110795.ba\/fr\/srebrenica\/"},"de_DE":{"locale":"de_DE","id":510,"slug":"srebrenica","post_title":"Srebrenica","href":"https:\/\/galerija110795.ba\/de\/srebrenica\/"},"it_IT":{"locale":"it_IT","id":511,"slug":"srebrenica","post_title":"Srebrenica","href":"https:\/\/galerija110795.ba\/it\/srebrenica\/"},"tr":{"locale":"tr","id":512,"slug":"srebrenica","post_title":"Srebrenica","href":"https:\/\/galerija110795.ba\/tr\/srebrenica\/"}},"_links":{"self":[{"href":"https:\/\/galerija110795.ba\/it\/wp-json\/wp\/v2\/pages\/511","targetHints":{"allow":["GET"]}}],"collection":[{"href":"https:\/\/galerija110795.ba\/it\/wp-json\/wp\/v2\/pages"}],"about":[{"href":"https:\/\/galerija110795.ba\/it\/wp-json\/wp\/v2\/types\/page"}],"author":[{"embeddable":true,"href":"https:\/\/galerija110795.ba\/it\/wp-json\/wp\/v2\/users\/1"}],"replies":[{"embeddable":true,"href":"https:\/\/galerija110795.ba\/it\/wp-json\/wp\/v2\/comments?post=511"}],"version-history":[{"count":1,"href":"https:\/\/galerija110795.ba\/it\/wp-json\/wp\/v2\/pages\/511\/revisions"}],"predecessor-version":[{"id":5323,"href":"https:\/\/galerija110795.ba\/it\/wp-json\/wp\/v2\/pages\/511\/revisions\/5323"}],"wp:attachment":[{"href":"https:\/\/galerija110795.ba\/it\/wp-json\/wp\/v2\/media?parent=511"}],"curies":[{"name":"wp","href":"https:\/\/api.w.org\/{rel}","templated":true}]}}