{"id":367,"date":"2013-04-12T10:49:21","date_gmt":"2013-04-12T10:49:21","guid":{"rendered":"https:\/\/galerija110795.ba\/?page_id=367"},"modified":"2025-08-26T14:40:27","modified_gmt":"2025-08-26T12:40:27","slug":"contact","status":"publish","type":"page","link":"https:\/\/galerija110795.ba\/fr\/contact\/","title":{"rendered":"Contact"},"content":{"rendered":"<p data-start=\"34\" data-end=\"57\">\ud83d\udccd <strong data-start=\"37\" data-end=\"55\">Galerie 11\/07\/95<\/strong><\/p>\n<p data-start=\"59\" data-end=\"139\"><strong data-start=\"59\" data-end=\"72\">Adresse :<\/strong> Trg Fra Grge Marti\u0107a 2\/III<br data-start=\"99\" data-end=\"102\" \/>71 000 Sarajevo, Bosnie-Herz\u00e9govine<\/p>\n<p data-start=\"141\" data-end=\"244\"><strong data-start=\"141\" data-end=\"152\">Email :<\/strong> <a class=\"decorated-link cursor-pointer\" rel=\"noopener\" data-start=\"153\" data-end=\"208\">info@galerija110795.ba<\/a><br data-start=\"208\" data-end=\"211\" \/><strong data-start=\"211\" data-end=\"226\">T\u00e9l\u00e9phone :<\/strong> +387 33 953 170<\/p>\n<p>&nbsp;<\/p>\n<p><a href=\"https:\/\/www.instagram.com\/gallery110795\/\">Instagram<\/a><br \/>\n<a title=\"Facebook\" href=\"http:\/\/www.facebook.com\/Galerija110795\">Facebook<\/a><!--more--><\/p>\n<h3>Location<\/h3>\n<p><img decoding=\"async\" class=\"img-responsive\" title=\"Galerija 11\/07\/95 mapa\" src=\"https:\/\/galerija110795.ba\/app\/uploads\/2012\/10\/galerija_mapa_lt.png\" alt=\"\" \/><\/p>\n","protected":false},"excerpt":{"rendered":"<p>\ud83d\udccd Galerie 11\/07\/95 Adresse : Trg Fra Grge Marti\u0107a 2\/III71 000 Sarajevo, Bosnie-Herz\u00e9govine Email : info@galerija110795.baT\u00e9l\u00e9phone : +387 33 953 170 &nbsp; Instagram Facebook<\/p>\n","protected":false},"author":1,"featured_media":0,"parent":0,"menu_order":6,"comment_status":"closed","ping_status":"open","template":"","meta":{"_acf_changed":false,"footnotes":""},"class_list":["post-367","page","type-page","status-publish","hentry"],"acf":[],"yoast_head":"<!-- This site is optimized with the Yoast SEO plugin v26.8 - https:\/\/yoast.com\/product\/yoast-seo-wordpress\/ -->\n<title>Contact - Galerija 11\/07\/95<\/title>\n<meta name=\"robots\" content=\"index, follow, max-snippet:-1, max-image-preview:large, max-video-preview:-1\" \/>\n<link rel=\"canonical\" href=\"https:\/\/galerija110795.ba\/fr\/contact\/\" \/>\n<meta property=\"og:locale\" content=\"fr_FR\" \/>\n<meta property=\"og:type\" content=\"article\" \/>\n<meta property=\"og:title\" content=\"Contact - Galerija 11\/07\/95\" \/>\n<meta property=\"og:description\" content=\"\ud83d\udccd Galerie 11\/07\/95 Adresse : Trg Fra Grge Marti\u0107a 2\/III71 000 Sarajevo, Bosnie-Herz\u00e9govine Email : info@galerija110795.baT\u00e9l\u00e9phone : +387 33 953 170 &nbsp; Instagram Facebook\" \/>\n<meta property=\"og:url\" content=\"https:\/\/galerija110795.ba\/fr\/contact\/\" \/>\n<meta property=\"og:site_name\" content=\"Galerija 11\/07\/95\" \/>\n<meta property=\"article:modified_time\" content=\"2025-08-26T12:40:27+00:00\" \/>\n<meta property=\"og:image\" content=\"https:\/\/galerija110795.ba\/app\/uploads\/2012\/10\/galerija_mapa_lt.png\" \/>\n<meta name=\"twitter:card\" content=\"summary_large_image\" \/>\n<script type=\"application\/ld+json\" class=\"yoast-schema-graph\">{\"@context\":\"https:\/\/schema.org\",\"@graph\":[{\"@type\":\"WebPage\",\"@id\":\"https:\/\/galerija110795.ba\/fr\/contact\/\",\"url\":\"https:\/\/galerija110795.ba\/fr\/contact\/\",\"name\":\"Contact - Galerija 11\/07\/95\",\"isPartOf\":{\"@id\":\"https:\/\/galerija110795.ba\/#website\"},\"primaryImageOfPage\":{\"@id\":\"https:\/\/galerija110795.ba\/fr\/contact\/#primaryimage\"},\"image\":{\"@id\":\"https:\/\/galerija110795.ba\/fr\/contact\/#primaryimage\"},\"thumbnailUrl\":\"https:\/\/galerija110795.ba\/app\/uploads\/2012\/10\/galerija_mapa_lt.png\",\"datePublished\":\"2013-04-12T10:49:21+00:00\",\"dateModified\":\"2025-08-26T12:40:27+00:00\",\"breadcrumb\":{\"@id\":\"https:\/\/galerija110795.ba\/fr\/contact\/#breadcrumb\"},\"inLanguage\":\"fr-FR\",\"potentialAction\":[{\"@type\":\"ReadAction\",\"target\":[\"https:\/\/galerija110795.ba\/fr\/contact\/\"]}]},{\"@type\":\"ImageObject\",\"inLanguage\":\"fr-FR\",\"@id\":\"https:\/\/galerija110795.ba\/fr\/contact\/#primaryimage\",\"url\":\"https:\/\/galerija110795.ba\/app\/uploads\/2012\/10\/galerija_mapa_lt.png\",\"contentUrl\":\"https:\/\/galerija110795.ba\/app\/uploads\/2012\/10\/galerija_mapa_lt.png\"},{\"@type\":\"BreadcrumbList\",\"@id\":\"https:\/\/galerija110795.ba\/fr\/contact\/#breadcrumb\",\"itemListElement\":[{\"@type\":\"ListItem\",\"position\":1,\"name\":\"Home\",\"item\":\"https:\/\/galerija110795.ba\/fr\/\"},{\"@type\":\"ListItem\",\"position\":2,\"name\":\"Contact\"}]},{\"@type\":\"WebSite\",\"@id\":\"https:\/\/galerija110795.ba\/#website\",\"url\":\"https:\/\/galerija110795.ba\/\",\"name\":\"Galerija 11\/07\/95\",\"description\":\"La premi\u00e8re galerie comm\u00e9morative en Bosnie-Herz\u00e9govine, une salle d'exposition qui a pour but de pr\u00e9server la m\u00e9moire sur la trag\u00e9die de Srebrenica et de 8372 personnes tragiquement tu\u00e9s dans le g\u00e9nocide de Srebrenica.\",\"publisher\":{\"@id\":\"https:\/\/galerija110795.ba\/#organization\"},\"potentialAction\":[{\"@type\":\"SearchAction\",\"target\":{\"@type\":\"EntryPoint\",\"urlTemplate\":\"https:\/\/galerija110795.ba\/?s={search_term_string}\"},\"query-input\":{\"@type\":\"PropertyValueSpecification\",\"valueRequired\":true,\"valueName\":\"search_term_string\"}}],\"inLanguage\":\"fr-FR\"},{\"@type\":\"Organization\",\"@id\":\"https:\/\/galerija110795.ba\/#organization\",\"name\":\"Galerija 11\/07\/95\",\"url\":\"https:\/\/galerija110795.ba\/\",\"logo\":{\"@type\":\"ImageObject\",\"inLanguage\":\"fr-FR\",\"@id\":\"https:\/\/galerija110795.ba\/#\/schema\/logo\/image\/\",\"url\":\"https:\/\/galerija110795.ba\/app\/uploads\/2013\/09\/galerija_110795_logo.png\",\"contentUrl\":\"https:\/\/galerija110795.ba\/app\/uploads\/2013\/09\/galerija_110795_logo.png\",\"width\":1254,\"height\":408,\"caption\":\"Galerija 11\/07\/95\"},\"image\":{\"@id\":\"https:\/\/galerija110795.ba\/#\/schema\/logo\/image\/\"}}]}<\/script>\n<!-- \/ Yoast SEO plugin. -->","yoast_head_json":{"title":"Contact - Galerija 11\/07\/95","robots":{"index":"index","follow":"follow","max-snippet":"max-snippet:-1","max-image-preview":"max-image-preview:large","max-video-preview":"max-video-preview:-1"},"canonical":"https:\/\/galerija110795.ba\/fr\/contact\/","og_locale":"fr_FR","og_type":"article","og_title":"Contact - Galerija 11\/07\/95","og_description":"\ud83d\udccd Galerie 11\/07\/95 Adresse : Trg Fra Grge Marti\u0107a 2\/III71 000 Sarajevo, Bosnie-Herz\u00e9govine Email : info@galerija110795.baT\u00e9l\u00e9phone : +387 33 953 170 &nbsp; Instagram Facebook","og_url":"https:\/\/galerija110795.ba\/fr\/contact\/","og_site_name":"Galerija 11\/07\/95","article_modified_time":"2025-08-26T12:40:27+00:00","og_image":[{"url":"https:\/\/galerija110795.ba\/app\/uploads\/2012\/10\/galerija_mapa_lt.png","type":"","width":"","height":""}],"twitter_card":"summary_large_image","schema":{"@context":"https:\/\/schema.org","@graph":[{"@type":"WebPage","@id":"https:\/\/galerija110795.ba\/fr\/contact\/","url":"https:\/\/galerija110795.ba\/fr\/contact\/","name":"Contact - Galerija 11\/07\/95","isPartOf":{"@id":"https:\/\/galerija110795.ba\/#website"},"primaryImageOfPage":{"@id":"https:\/\/galerija110795.ba\/fr\/contact\/#primaryimage"},"image":{"@id":"https:\/\/galerija110795.ba\/fr\/contact\/#primaryimage"},"thumbnailUrl":"https:\/\/galerija110795.ba\/app\/uploads\/2012\/10\/galerija_mapa_lt.png","datePublished":"2013-04-12T10:49:21+00:00","dateModified":"2025-08-26T12:40:27+00:00","breadcrumb":{"@id":"https:\/\/galerija110795.ba\/fr\/contact\/#breadcrumb"},"inLanguage":"fr-FR","potentialAction":[{"@type":"ReadAction","target":["https:\/\/galerija110795.ba\/fr\/contact\/"]}]},{"@type":"ImageObject","inLanguage":"fr-FR","@id":"https:\/\/galerija110795.ba\/fr\/contact\/#primaryimage","url":"https:\/\/galerija110795.ba\/app\/uploads\/2012\/10\/galerija_mapa_lt.png","contentUrl":"https:\/\/galerija110795.ba\/app\/uploads\/2012\/10\/galerija_mapa_lt.png"},{"@type":"BreadcrumbList","@id":"https:\/\/galerija110795.ba\/fr\/contact\/#breadcrumb","itemListElement":[{"@type":"ListItem","position":1,"name":"Home","item":"https:\/\/galerija110795.ba\/fr\/"},{"@type":"ListItem","position":2,"name":"Contact"}]},{"@type":"WebSite","@id":"https:\/\/galerija110795.ba\/#website","url":"https:\/\/galerija110795.ba\/","name":"Galerija 11\/07\/95","description":"La premi\u00e8re galerie comm\u00e9morative en Bosnie-Herz\u00e9govine, une salle d'exposition qui a pour but de pr\u00e9server la m\u00e9moire sur la trag\u00e9die de Srebrenica et de 8372 personnes tragiquement tu\u00e9s dans le g\u00e9nocide de Srebrenica.","publisher":{"@id":"https:\/\/galerija110795.ba\/#organization"},"potentialAction":[{"@type":"SearchAction","target":{"@type":"EntryPoint","urlTemplate":"https:\/\/galerija110795.ba\/?s={search_term_string}"},"query-input":{"@type":"PropertyValueSpecification","valueRequired":true,"valueName":"search_term_string"}}],"inLanguage":"fr-FR"},{"@type":"Organization","@id":"https:\/\/galerija110795.ba\/#organization","name":"Galerija 11\/07\/95","url":"https:\/\/galerija110795.ba\/","logo":{"@type":"ImageObject","inLanguage":"fr-FR","@id":"https:\/\/galerija110795.ba\/#\/schema\/logo\/image\/","url":"https:\/\/galerija110795.ba\/app\/uploads\/2013\/09\/galerija_110795_logo.png","contentUrl":"https:\/\/galerija110795.ba\/app\/uploads\/2013\/09\/galerija_110795_logo.png","width":1254,"height":408,"caption":"Galerija 11\/07\/95"},"image":{"@id":"https:\/\/galerija110795.ba\/#\/schema\/logo\/image\/"}}]}},"wpml_current_locale":"fr_FR","wpml_translations":{"bs_BA":{"locale":"bs_BA","id":87,"slug":"kontakt","post_title":"Kontakt","href":"https:\/\/galerija110795.ba\/bs\/kontakt\/"},"en_US":{"locale":"en_US","id":125,"slug":"contact","post_title":"Contact","href":"https:\/\/galerija110795.ba\/contact\/"},"fr_FR":{"locale":"fr_FR","id":367,"slug":"contact","post_title":"Contact","href":"https:\/\/galerija110795.ba\/fr\/contact\/"},"de_DE":{"locale":"de_DE","id":523,"slug":"kontakt","post_title":"Kontakt","href":"https:\/\/galerija110795.ba\/de\/kontakt\/"},"it_IT":{"locale":"it_IT","id":524,"slug":"contatto","post_title":"Contatto","href":"https:\/\/galerija110795.ba\/it\/contatto\/"},"tr":{"locale":"tr","id":525,"slug":"iletisim","post_title":"\u0130leti\u015fim","href":"https:\/\/galerija110795.ba\/tr\/iletisim\/"}},"_links":{"self":[{"href":"https:\/\/galerija110795.ba\/fr\/wp-json\/wp\/v2\/pages\/367","targetHints":{"allow":["GET"]}}],"collection":[{"href":"https:\/\/galerija110795.ba\/fr\/wp-json\/wp\/v2\/pages"}],"about":[{"href":"https:\/\/galerija110795.ba\/fr\/wp-json\/wp\/v2\/types\/page"}],"author":[{"embeddable":true,"href":"https:\/\/galerija110795.ba\/fr\/wp-json\/wp\/v2\/users\/1"}],"replies":[{"embeddable":true,"href":"https:\/\/galerija110795.ba\/fr\/wp-json\/wp\/v2\/comments?post=367"}],"version-history":[{"count":3,"href":"https:\/\/galerija110795.ba\/fr\/wp-json\/wp\/v2\/pages\/367\/revisions"}],"predecessor-version":[{"id":5187,"href":"https:\/\/galerija110795.ba\/fr\/wp-json\/wp\/v2\/pages\/367\/revisions\/5187"}],"wp:attachment":[{"href":"https:\/\/galerija110795.ba\/fr\/wp-json\/wp\/v2\/media?parent=367"}],"curies":[{"name":"wp","href":"https:\/\/api.w.org\/{rel}","templated":true}]}}