{"id":354,"date":"2013-04-12T10:24:53","date_gmt":"2013-04-12T10:24:53","guid":{"rendered":"https:\/\/galerija110795.ba\/?page_id=354"},"modified":"2015-11-17T13:08:29","modified_gmt":"2015-11-17T13:08:29","slug":"sur-la-galerie-110795","status":"publish","type":"page","link":"https:\/\/galerija110795.ba\/fr\/sur-la-galerie-110795\/","title":{"rendered":"Sur la Galerie 11\/07\/95"},"content":{"rendered":"<p>La Galerie 11\/07\/95 est la premi\u00e8re galerie en Bosnie-Herz\u00e9govine d\u00e9di\u00e9e \u00e0 la pr\u00e9servation de la m\u00e9moire des 8372 personnes tragiquement tu\u00e9es lors du g\u00e9nocide de Srebrenica. Inaugur\u00e9e symboliquement le 12 juillet 2012, le lendemain m\u00eame du jour de la comm\u00e9moration du g\u00e9nocide de Srebrenica, cette galerie, avec l\u2019intention de devenir un \u00e9l\u00e9ment constitutif de la culture de m\u00e9moire, est \u00e0 la fois un souvenir et un rappel de la violence qui a eu lieu.<\/p>\n<p>L\u2019exposition permanente de la Galerie propose des documents visuels portant sur ce qu\u2019il reste de Srebrenica. Du mur sur lequel sont inscrits les noms des personnes tu\u00e9es jusqu\u2019aux portraits familiaux, en passant par les photographies des camps de r\u00e9fugi\u00e9s o\u00f9 sont r\u00e9unis les survivants, des os \u00e9parpill\u00e9s pour \u00eatre ensuite r\u00e9unis, des graffitis offensants, \u00a0de cette femme de Srebrenica se tenant devant la maison d\u2019Anna Frank, ainsi que des documents vid\u00e9o et audio, la Galerie 11\/07\/95 offre \u00e0 ses visiteurs une interpr\u00e9tation \u00e0 la fois artistique et documentaire des \u00e9v\u00e9nements qui ont eu lieu en juillet 1995\u00a0; elle incite \u00e0 ne pas se limiter \u00e0 la contemplation passive de ce qui est expos\u00e9, mais \u00e0 devenir au contraire des t\u00e9moins des horreurs et des injustices commises.<\/p>\n<p>Les diff\u00e9rents auteurs de l\u2019exposition permanente \u00ab\u00a0Srebrenica\u00a0\u00bb sont\u00a0:<\/p>\n<ul>\n<li>Le Centre de M\u00e9moire Srebrenica-Poto\u010dari<\/li>\n<li>L\u2019association \u00ab\u00a0Mouvement de M\u00e8res des enclaves Srebrenica et \u017depa\u00a0\u00bb<\/li>\n<li>L\u2019Institut des personnes disparues Bosnie-Herzegovine<\/li>\n<li>The Youth Initiative for Human Rights YIHR<\/li>\n<li>Fama<\/li>\n<li>Cinema for peace Foundation<\/li>\n<li>Les archives vid\u00e9o du g\u00e9nocide<\/li>\n<li>Genocide Film Library Bosnia-Herzegovina<\/li>\n<li>Tarik Samarah, photographe<\/li>\n<\/ul>\n\n<div id=\"blueimp-gallery\" class=\"blueimp-gallery\" data-use-bootstrap-modal=\"false\">\n    <!-- The container for the modal slides -->\n    <div class=\"slides\"><\/div>\n    <!-- Controls for the borderless lightbox -->\n    <h3 class=\"title\"><\/h3>\n    <a class=\"prev\">\u2039<\/a>\n    <a class=\"next\">\u203a<\/a>\n    <a class=\"close\">\u00d7<\/a>\n    <a class=\"play-pause\"><\/a>\n    <!-- The modal dialog, which will be used to wrap the lightbox content -->\n    <div class=\"modal fade\">\n        <div class=\"modal-dialog\">\n            <div class=\"modal-content\">\n                <div class=\"modal-header\">\n                    <button type=\"button\" class=\"close\" aria-hidden=\"true\">&times;<\/button>\n                    <h4 class=\"modal-title\"><\/h4>\n                <\/div>\n                <div class=\"modal-body next\"><\/div>\n                <div class=\"modal-footer\">\n                    <button type=\"button\" class=\"btn btn-default pull-left prev\">\n                        <i class=\"glyphicon glyphicon-chevron-left\"><\/i>\n                        Previous\n                    <\/button>\n                    <button type=\"button\" class=\"btn btn-primary next\">\n                        Next\n                        <i class=\"glyphicon glyphicon-chevron-right\"><\/i>\n                    <\/button>\n                <\/div>\n            <\/div>\n        <\/div>\n    <\/div>\n<\/div><div id=\"links\" class=\"gallery gallery-354-1\"><div class=\"gallery-row gallery-columns-3\"><div class=\"gallery-item\"><a class=\"thumbnail img-thumbnail\" href='https:\/\/galerija110795.ba\/app\/uploads\/2012\/10\/gallery_110795_01.jpg'><img loading=\"lazy\" decoding=\"async\" width=\"600\" height=\"400\" src=\"https:\/\/galerija110795.ba\/app\/uploads\/2012\/10\/gallery_110795_01-600x400.jpg\" class=\"attachment-thumbnail size-thumbnail\" alt=\"\" srcset=\"https:\/\/galerija110795.ba\/app\/uploads\/2012\/10\/gallery_110795_01-600x400.jpg 600w, https:\/\/galerija110795.ba\/app\/uploads\/2012\/10\/gallery_110795_01-900x600.jpg 900w, https:\/\/galerija110795.ba\/app\/uploads\/2012\/10\/gallery_110795_01-1200x800.jpg 1200w\" sizes=\"auto, (max-width: 600px) 100vw, 600px\" \/><\/a><\/div><div class=\"gallery-item\"><a class=\"thumbnail img-thumbnail\" href='https:\/\/galerija110795.ba\/app\/uploads\/2012\/10\/gallery_110795_02.jpg'><img loading=\"lazy\" decoding=\"async\" width=\"600\" height=\"400\" src=\"https:\/\/galerija110795.ba\/app\/uploads\/2012\/10\/gallery_110795_02-600x400.jpg\" class=\"attachment-thumbnail size-thumbnail\" alt=\"\" srcset=\"https:\/\/galerija110795.ba\/app\/uploads\/2012\/10\/gallery_110795_02-600x400.jpg 600w, https:\/\/galerija110795.ba\/app\/uploads\/2012\/10\/gallery_110795_02-900x600.jpg 900w, https:\/\/galerija110795.ba\/app\/uploads\/2012\/10\/gallery_110795_02-1200x800.jpg 1200w\" sizes=\"auto, (max-width: 600px) 100vw, 600px\" \/><\/a><\/div><div class=\"gallery-item\"><a class=\"thumbnail img-thumbnail\" href='https:\/\/galerija110795.ba\/app\/uploads\/2012\/10\/gallery_110795_03.jpg'><img loading=\"lazy\" decoding=\"async\" width=\"600\" height=\"400\" src=\"https:\/\/galerija110795.ba\/app\/uploads\/2012\/10\/gallery_110795_03-600x400.jpg\" class=\"attachment-thumbnail size-thumbnail\" alt=\"\" srcset=\"https:\/\/galerija110795.ba\/app\/uploads\/2012\/10\/gallery_110795_03-600x400.jpg 600w, https:\/\/galerija110795.ba\/app\/uploads\/2012\/10\/gallery_110795_03-900x600.jpg 900w, https:\/\/galerija110795.ba\/app\/uploads\/2012\/10\/gallery_110795_03-1200x800.jpg 1200w\" sizes=\"auto, (max-width: 600px) 100vw, 600px\" \/><\/a><\/div><\/div><div class=\"gallery-row gallery-columns-3\"><div class=\"gallery-item\"><a class=\"thumbnail img-thumbnail\" href='https:\/\/galerija110795.ba\/app\/uploads\/2012\/10\/gallery_110795_04.jpg'><img loading=\"lazy\" decoding=\"async\" width=\"600\" height=\"400\" src=\"https:\/\/galerija110795.ba\/app\/uploads\/2012\/10\/gallery_110795_04-600x400.jpg\" class=\"attachment-thumbnail size-thumbnail\" alt=\"\" srcset=\"https:\/\/galerija110795.ba\/app\/uploads\/2012\/10\/gallery_110795_04-600x400.jpg 600w, https:\/\/galerija110795.ba\/app\/uploads\/2012\/10\/gallery_110795_04-900x600.jpg 900w, https:\/\/galerija110795.ba\/app\/uploads\/2012\/10\/gallery_110795_04-1200x800.jpg 1200w\" sizes=\"auto, (max-width: 600px) 100vw, 600px\" \/><\/a><\/div><div class=\"gallery-item\"><a class=\"thumbnail img-thumbnail\" href='https:\/\/galerija110795.ba\/app\/uploads\/2012\/10\/gallery_110795_05.jpg'><img loading=\"lazy\" decoding=\"async\" width=\"600\" height=\"400\" src=\"https:\/\/galerija110795.ba\/app\/uploads\/2012\/10\/gallery_110795_05-600x400.jpg\" class=\"attachment-thumbnail size-thumbnail\" alt=\"\" srcset=\"https:\/\/galerija110795.ba\/app\/uploads\/2012\/10\/gallery_110795_05-600x400.jpg 600w, https:\/\/galerija110795.ba\/app\/uploads\/2012\/10\/gallery_110795_05-900x600.jpg 900w, https:\/\/galerija110795.ba\/app\/uploads\/2012\/10\/gallery_110795_05-1200x800.jpg 1200w\" sizes=\"auto, (max-width: 600px) 100vw, 600px\" \/><\/a><\/div><div class=\"gallery-item\"><a class=\"thumbnail img-thumbnail\" href='https:\/\/galerija110795.ba\/app\/uploads\/2012\/10\/gallery_110795_06.jpg'><img loading=\"lazy\" decoding=\"async\" width=\"600\" height=\"400\" src=\"https:\/\/galerija110795.ba\/app\/uploads\/2012\/10\/gallery_110795_06-600x400.jpg\" class=\"attachment-thumbnail size-thumbnail\" alt=\"\" srcset=\"https:\/\/galerija110795.ba\/app\/uploads\/2012\/10\/gallery_110795_06-600x400.jpg 600w, https:\/\/galerija110795.ba\/app\/uploads\/2012\/10\/gallery_110795_06-900x600.jpg 900w, https:\/\/galerija110795.ba\/app\/uploads\/2012\/10\/gallery_110795_06-1200x800.jpg 1200w\" sizes=\"auto, (max-width: 600px) 100vw, 600px\" \/><\/a><\/div><\/div><div class=\"gallery-row gallery-columns-3\"><div class=\"gallery-item\"><a class=\"thumbnail img-thumbnail\" href='https:\/\/galerija110795.ba\/app\/uploads\/2012\/10\/gallery_110795_07.jpg'><img loading=\"lazy\" decoding=\"async\" width=\"600\" height=\"400\" src=\"https:\/\/galerija110795.ba\/app\/uploads\/2012\/10\/gallery_110795_07-600x400.jpg\" class=\"attachment-thumbnail size-thumbnail\" alt=\"\" srcset=\"https:\/\/galerija110795.ba\/app\/uploads\/2012\/10\/gallery_110795_07-600x400.jpg 600w, https:\/\/galerija110795.ba\/app\/uploads\/2012\/10\/gallery_110795_07-900x600.jpg 900w, https:\/\/galerija110795.ba\/app\/uploads\/2012\/10\/gallery_110795_07-1200x800.jpg 1200w\" sizes=\"auto, (max-width: 600px) 100vw, 600px\" \/><\/a><\/div><div class=\"gallery-item\"><a class=\"thumbnail img-thumbnail\" href='https:\/\/galerija110795.ba\/app\/uploads\/2012\/10\/gallery_110795_08.jpg'><img loading=\"lazy\" decoding=\"async\" width=\"600\" height=\"400\" src=\"https:\/\/galerija110795.ba\/app\/uploads\/2012\/10\/gallery_110795_08-600x400.jpg\" class=\"attachment-thumbnail size-thumbnail\" alt=\"\" srcset=\"https:\/\/galerija110795.ba\/app\/uploads\/2012\/10\/gallery_110795_08-600x400.jpg 600w, https:\/\/galerija110795.ba\/app\/uploads\/2012\/10\/gallery_110795_08-900x600.jpg 900w, https:\/\/galerija110795.ba\/app\/uploads\/2012\/10\/gallery_110795_08-1200x800.jpg 1200w\" sizes=\"auto, (max-width: 600px) 100vw, 600px\" \/><\/a><\/div><div class=\"gallery-item\"><a class=\"thumbnail img-thumbnail\" href='https:\/\/galerija110795.ba\/app\/uploads\/2012\/10\/gallery_110795_09.jpg'><img loading=\"lazy\" decoding=\"async\" width=\"600\" height=\"400\" src=\"https:\/\/galerija110795.ba\/app\/uploads\/2012\/10\/gallery_110795_09-600x400.jpg\" class=\"attachment-thumbnail size-thumbnail\" alt=\"\" srcset=\"https:\/\/galerija110795.ba\/app\/uploads\/2012\/10\/gallery_110795_09-600x400.jpg 600w, https:\/\/galerija110795.ba\/app\/uploads\/2012\/10\/gallery_110795_09-900x600.jpg 900w, https:\/\/galerija110795.ba\/app\/uploads\/2012\/10\/gallery_110795_09-1200x800.jpg 1200w\" sizes=\"auto, (max-width: 600px) 100vw, 600px\" \/><\/a><\/div><\/div><div class=\"gallery-row gallery-columns-3\"><div class=\"gallery-item\"><a class=\"thumbnail img-thumbnail\" href='https:\/\/galerija110795.ba\/app\/uploads\/2012\/10\/gallery_110795_10.jpg'><img loading=\"lazy\" decoding=\"async\" width=\"600\" height=\"400\" src=\"https:\/\/galerija110795.ba\/app\/uploads\/2012\/10\/gallery_110795_10-600x400.jpg\" class=\"attachment-thumbnail size-thumbnail\" alt=\"\" srcset=\"https:\/\/galerija110795.ba\/app\/uploads\/2012\/10\/gallery_110795_10-600x400.jpg 600w, https:\/\/galerija110795.ba\/app\/uploads\/2012\/10\/gallery_110795_10-900x600.jpg 900w, https:\/\/galerija110795.ba\/app\/uploads\/2012\/10\/gallery_110795_10-1200x800.jpg 1200w\" sizes=\"auto, (max-width: 600px) 100vw, 600px\" \/><\/a><\/div><div class=\"gallery-item\"><a class=\"thumbnail img-thumbnail\" href='https:\/\/galerija110795.ba\/app\/uploads\/2012\/10\/gallery_110795_11.jpg'><img loading=\"lazy\" decoding=\"async\" width=\"600\" height=\"400\" src=\"https:\/\/galerija110795.ba\/app\/uploads\/2012\/10\/gallery_110795_11-600x400.jpg\" class=\"attachment-thumbnail size-thumbnail\" alt=\"\" srcset=\"https:\/\/galerija110795.ba\/app\/uploads\/2012\/10\/gallery_110795_11-600x400.jpg 600w, https:\/\/galerija110795.ba\/app\/uploads\/2012\/10\/gallery_110795_11-900x600.jpg 900w, https:\/\/galerija110795.ba\/app\/uploads\/2012\/10\/gallery_110795_11-1200x800.jpg 1200w\" sizes=\"auto, (max-width: 600px) 100vw, 600px\" \/><\/a><\/div><div class=\"gallery-item\"><a class=\"thumbnail img-thumbnail\" href='https:\/\/galerija110795.ba\/app\/uploads\/2012\/10\/gallery_110795_12.jpg'><img loading=\"lazy\" decoding=\"async\" width=\"600\" height=\"400\" src=\"https:\/\/galerija110795.ba\/app\/uploads\/2012\/10\/gallery_110795_12-600x400.jpg\" class=\"attachment-thumbnail size-thumbnail\" alt=\"\" srcset=\"https:\/\/galerija110795.ba\/app\/uploads\/2012\/10\/gallery_110795_12-600x400.jpg 600w, https:\/\/galerija110795.ba\/app\/uploads\/2012\/10\/gallery_110795_12-900x600.jpg 900w, https:\/\/galerija110795.ba\/app\/uploads\/2012\/10\/gallery_110795_12-1200x800.jpg 1200w\" sizes=\"auto, (max-width: 600px) 100vw, 600px\" \/><\/a><\/div><\/div><\/div>\n  <script>\n    jQuery(document).ready(function($) {\n\ndocument.getElementById(\"links\").onclick = function (event) {\n    event = event || window.event;\n    var target = event.target || event.srcElement,\n        link = target.src ? target.parentNode : target,\n        options = {index: link, event: event},\n        links = this.getElementsByTagName(\"a\");\n    blueimp.Gallery(links, options);\n};\n    });\n    \n<\/script>\n  \n<p>L\u2019exposition qui s\u2019\u00e9tend sur 300m2 se compose de photos de l\u2019auteur Tarik Samarah, de documents vid\u00e9o, d\u2019une cartographie du g\u00e9nocide &#8211; des cartes localisant les charniers retrouv\u00e9s jusqu\u2019\u00e0 maintenant &#8211; de portraits et de noms et pr\u00e9noms des personnes tu\u00e9es, ainsi que de t\u00e9moignages des survivants.<\/p>\n","protected":false},"excerpt":{"rendered":"<p>La Galerie 11\/07\/95 est la premi\u00e8re galerie en Bosnie-Herz\u00e9govine d\u00e9di\u00e9e \u00e0 la pr\u00e9servation de la m\u00e9moire des 8372 personnes tragiquement tu\u00e9es lors du g\u00e9nocide de Srebrenica. Inaugur\u00e9e symboliquement le 12 juillet 2012, le lendemain m\u00eame du jour de la comm\u00e9moration du g\u00e9nocide de Srebrenica, cette galerie, avec l\u2019intention de devenir un \u00e9l\u00e9ment constitutif de la &hellip; <a href=\"https:\/\/galerija110795.ba\/fr\/sur-la-galerie-110795\/\">Continued<\/a><\/p>\n","protected":false},"author":1,"featured_media":0,"parent":0,"menu_order":3,"comment_status":"closed","ping_status":"open","template":"","meta":{"_acf_changed":false,"footnotes":""},"class_list":["post-354","page","type-page","status-publish","hentry"],"acf":[],"yoast_head":"<!-- This site is optimized with the Yoast SEO plugin v26.8 - https:\/\/yoast.com\/product\/yoast-seo-wordpress\/ -->\n<title>Sur la Galerie 11\/07\/95 - Galerija 11\/07\/95<\/title>\n<meta name=\"robots\" content=\"index, follow, max-snippet:-1, max-image-preview:large, max-video-preview:-1\" \/>\n<link rel=\"canonical\" href=\"https:\/\/galerija110795.ba\/fr\/sur-la-galerie-110795\/\" \/>\n<meta property=\"og:locale\" content=\"fr_FR\" \/>\n<meta property=\"og:type\" content=\"article\" \/>\n<meta property=\"og:title\" content=\"Sur la Galerie 11\/07\/95 - Galerija 11\/07\/95\" \/>\n<meta property=\"og:description\" content=\"La Galerie 11\/07\/95 est la premi\u00e8re galerie en Bosnie-Herz\u00e9govine d\u00e9di\u00e9e \u00e0 la pr\u00e9servation de la m\u00e9moire des 8372 personnes tragiquement tu\u00e9es lors du g\u00e9nocide de Srebrenica. Inaugur\u00e9e symboliquement le 12 juillet 2012, le lendemain m\u00eame du jour de la comm\u00e9moration du g\u00e9nocide de Srebrenica, cette galerie, avec l\u2019intention de devenir un \u00e9l\u00e9ment constitutif de la &hellip; Continued\" \/>\n<meta property=\"og:url\" content=\"https:\/\/galerija110795.ba\/fr\/sur-la-galerie-110795\/\" \/>\n<meta property=\"og:site_name\" content=\"Galerija 11\/07\/95\" \/>\n<meta property=\"article:modified_time\" content=\"2015-11-17T13:08:29+00:00\" \/>\n<meta property=\"og:image\" content=\"https:\/\/galerija110795.ba\/app\/uploads\/2012\/10\/gallery_110795_01-600x400.jpg\" \/>\n<meta name=\"twitter:card\" content=\"summary_large_image\" \/>\n<meta name=\"twitter:label1\" content=\"Dur\u00e9e de lecture estim\u00e9e\" \/>\n\t<meta name=\"twitter:data1\" content=\"2 minutes\" \/>\n<script type=\"application\/ld+json\" class=\"yoast-schema-graph\">{\"@context\":\"https:\/\/schema.org\",\"@graph\":[{\"@type\":\"WebPage\",\"@id\":\"https:\/\/galerija110795.ba\/fr\/sur-la-galerie-110795\/\",\"url\":\"https:\/\/galerija110795.ba\/fr\/sur-la-galerie-110795\/\",\"name\":\"Sur la Galerie 11\/07\/95 - Galerija 11\/07\/95\",\"isPartOf\":{\"@id\":\"https:\/\/galerija110795.ba\/#website\"},\"datePublished\":\"2013-04-12T10:24:53+00:00\",\"dateModified\":\"2015-11-17T13:08:29+00:00\",\"breadcrumb\":{\"@id\":\"https:\/\/galerija110795.ba\/fr\/sur-la-galerie-110795\/#breadcrumb\"},\"inLanguage\":\"fr-FR\",\"potentialAction\":[{\"@type\":\"ReadAction\",\"target\":[\"https:\/\/galerija110795.ba\/fr\/sur-la-galerie-110795\/\"]}]},{\"@type\":\"BreadcrumbList\",\"@id\":\"https:\/\/galerija110795.ba\/fr\/sur-la-galerie-110795\/#breadcrumb\",\"itemListElement\":[{\"@type\":\"ListItem\",\"position\":1,\"name\":\"Home\",\"item\":\"https:\/\/galerija110795.ba\/fr\/\"},{\"@type\":\"ListItem\",\"position\":2,\"name\":\"Sur la Galerie 11\/07\/95\"}]},{\"@type\":\"WebSite\",\"@id\":\"https:\/\/galerija110795.ba\/#website\",\"url\":\"https:\/\/galerija110795.ba\/\",\"name\":\"Galerija 11\/07\/95\",\"description\":\"La premi\u00e8re galerie comm\u00e9morative en Bosnie-Herz\u00e9govine, une salle d'exposition qui a pour but de pr\u00e9server la m\u00e9moire sur la trag\u00e9die de Srebrenica et de 8372 personnes tragiquement tu\u00e9s dans le g\u00e9nocide de Srebrenica.\",\"publisher\":{\"@id\":\"https:\/\/galerija110795.ba\/#organization\"},\"potentialAction\":[{\"@type\":\"SearchAction\",\"target\":{\"@type\":\"EntryPoint\",\"urlTemplate\":\"https:\/\/galerija110795.ba\/?s={search_term_string}\"},\"query-input\":{\"@type\":\"PropertyValueSpecification\",\"valueRequired\":true,\"valueName\":\"search_term_string\"}}],\"inLanguage\":\"fr-FR\"},{\"@type\":\"Organization\",\"@id\":\"https:\/\/galerija110795.ba\/#organization\",\"name\":\"Galerija 11\/07\/95\",\"url\":\"https:\/\/galerija110795.ba\/\",\"logo\":{\"@type\":\"ImageObject\",\"inLanguage\":\"fr-FR\",\"@id\":\"https:\/\/galerija110795.ba\/#\/schema\/logo\/image\/\",\"url\":\"https:\/\/galerija110795.ba\/app\/uploads\/2013\/09\/galerija_110795_logo.png\",\"contentUrl\":\"https:\/\/galerija110795.ba\/app\/uploads\/2013\/09\/galerija_110795_logo.png\",\"width\":1254,\"height\":408,\"caption\":\"Galerija 11\/07\/95\"},\"image\":{\"@id\":\"https:\/\/galerija110795.ba\/#\/schema\/logo\/image\/\"}}]}<\/script>\n<!-- \/ Yoast SEO plugin. -->","yoast_head_json":{"title":"Sur la Galerie 11\/07\/95 - Galerija 11\/07\/95","robots":{"index":"index","follow":"follow","max-snippet":"max-snippet:-1","max-image-preview":"max-image-preview:large","max-video-preview":"max-video-preview:-1"},"canonical":"https:\/\/galerija110795.ba\/fr\/sur-la-galerie-110795\/","og_locale":"fr_FR","og_type":"article","og_title":"Sur la Galerie 11\/07\/95 - Galerija 11\/07\/95","og_description":"La Galerie 11\/07\/95 est la premi\u00e8re galerie en Bosnie-Herz\u00e9govine d\u00e9di\u00e9e \u00e0 la pr\u00e9servation de la m\u00e9moire des 8372 personnes tragiquement tu\u00e9es lors du g\u00e9nocide de Srebrenica. Inaugur\u00e9e symboliquement le 12 juillet 2012, le lendemain m\u00eame du jour de la comm\u00e9moration du g\u00e9nocide de Srebrenica, cette galerie, avec l\u2019intention de devenir un \u00e9l\u00e9ment constitutif de la &hellip; Continued","og_url":"https:\/\/galerija110795.ba\/fr\/sur-la-galerie-110795\/","og_site_name":"Galerija 11\/07\/95","article_modified_time":"2015-11-17T13:08:29+00:00","og_image":[{"url":"https:\/\/galerija110795.ba\/app\/uploads\/2012\/10\/gallery_110795_01-600x400.jpg","type":"","width":"","height":""}],"twitter_card":"summary_large_image","twitter_misc":{"Dur\u00e9e de lecture estim\u00e9e":"2 minutes"},"schema":{"@context":"https:\/\/schema.org","@graph":[{"@type":"WebPage","@id":"https:\/\/galerija110795.ba\/fr\/sur-la-galerie-110795\/","url":"https:\/\/galerija110795.ba\/fr\/sur-la-galerie-110795\/","name":"Sur la Galerie 11\/07\/95 - Galerija 11\/07\/95","isPartOf":{"@id":"https:\/\/galerija110795.ba\/#website"},"datePublished":"2013-04-12T10:24:53+00:00","dateModified":"2015-11-17T13:08:29+00:00","breadcrumb":{"@id":"https:\/\/galerija110795.ba\/fr\/sur-la-galerie-110795\/#breadcrumb"},"inLanguage":"fr-FR","potentialAction":[{"@type":"ReadAction","target":["https:\/\/galerija110795.ba\/fr\/sur-la-galerie-110795\/"]}]},{"@type":"BreadcrumbList","@id":"https:\/\/galerija110795.ba\/fr\/sur-la-galerie-110795\/#breadcrumb","itemListElement":[{"@type":"ListItem","position":1,"name":"Home","item":"https:\/\/galerija110795.ba\/fr\/"},{"@type":"ListItem","position":2,"name":"Sur la Galerie 11\/07\/95"}]},{"@type":"WebSite","@id":"https:\/\/galerija110795.ba\/#website","url":"https:\/\/galerija110795.ba\/","name":"Galerija 11\/07\/95","description":"La premi\u00e8re galerie comm\u00e9morative en Bosnie-Herz\u00e9govine, une salle d'exposition qui a pour but de pr\u00e9server la m\u00e9moire sur la trag\u00e9die de Srebrenica et de 8372 personnes tragiquement tu\u00e9s dans le g\u00e9nocide de Srebrenica.","publisher":{"@id":"https:\/\/galerija110795.ba\/#organization"},"potentialAction":[{"@type":"SearchAction","target":{"@type":"EntryPoint","urlTemplate":"https:\/\/galerija110795.ba\/?s={search_term_string}"},"query-input":{"@type":"PropertyValueSpecification","valueRequired":true,"valueName":"search_term_string"}}],"inLanguage":"fr-FR"},{"@type":"Organization","@id":"https:\/\/galerija110795.ba\/#organization","name":"Galerija 11\/07\/95","url":"https:\/\/galerija110795.ba\/","logo":{"@type":"ImageObject","inLanguage":"fr-FR","@id":"https:\/\/galerija110795.ba\/#\/schema\/logo\/image\/","url":"https:\/\/galerija110795.ba\/app\/uploads\/2013\/09\/galerija_110795_logo.png","contentUrl":"https:\/\/galerija110795.ba\/app\/uploads\/2013\/09\/galerija_110795_logo.png","width":1254,"height":408,"caption":"Galerija 11\/07\/95"},"image":{"@id":"https:\/\/galerija110795.ba\/#\/schema\/logo\/image\/"}}]}},"wpml_current_locale":"fr_FR","wpml_translations":{"bs_BA":{"locale":"bs_BA","id":134,"slug":"o-galeriji-110795","post_title":"O Galeriji 11\/07\/95","href":"https:\/\/galerija110795.ba\/bs\/o-galeriji-110795\/"},"en_US":{"locale":"en_US","id":129,"slug":"about-gallery-110795","post_title":"About","href":"https:\/\/galerija110795.ba\/about-gallery-110795\/"},"fr_FR":{"locale":"fr_FR","id":354,"slug":"sur-la-galerie-110795","post_title":"Sur la Galerie 11\/07\/95","href":"https:\/\/galerija110795.ba\/fr\/sur-la-galerie-110795\/"},"de_DE":{"locale":"de_DE","id":487,"slug":"uber-die-galerija-110795","post_title":"\u00dcber die Galerija 11\/07\/95","href":"https:\/\/galerija110795.ba\/de\/uber-die-galerija-110795\/"},"it_IT":{"locale":"it_IT","id":485,"slug":"sulla-galleria-110795","post_title":"Sulla Galleria 11\/07\/95","href":"https:\/\/galerija110795.ba\/it\/sulla-galleria-110795\/"},"tr":{"locale":"tr","id":489,"slug":"110795-galerisi-hakkinda","post_title":"11\/07\/95 Galerisi hakk\u0131nda","href":"https:\/\/galerija110795.ba\/tr\/110795-galerisi-hakkinda\/"}},"_links":{"self":[{"href":"https:\/\/galerija110795.ba\/fr\/wp-json\/wp\/v2\/pages\/354","targetHints":{"allow":["GET"]}}],"collection":[{"href":"https:\/\/galerija110795.ba\/fr\/wp-json\/wp\/v2\/pages"}],"about":[{"href":"https:\/\/galerija110795.ba\/fr\/wp-json\/wp\/v2\/types\/page"}],"author":[{"embeddable":true,"href":"https:\/\/galerija110795.ba\/fr\/wp-json\/wp\/v2\/users\/1"}],"replies":[{"embeddable":true,"href":"https:\/\/galerija110795.ba\/fr\/wp-json\/wp\/v2\/comments?post=354"}],"version-history":[{"count":0,"href":"https:\/\/galerija110795.ba\/fr\/wp-json\/wp\/v2\/pages\/354\/revisions"}],"wp:attachment":[{"href":"https:\/\/galerija110795.ba\/fr\/wp-json\/wp\/v2\/media?parent=354"}],"curies":[{"name":"wp","href":"https:\/\/api.w.org\/{rel}","templated":true}]}}