{"id":487,"date":"2013-11-11T17:53:58","date_gmt":"2013-11-11T17:53:58","guid":{"rendered":"https:\/\/galerija110795.ba\/?page_id=487"},"modified":"2015-11-17T13:09:11","modified_gmt":"2015-11-17T13:09:11","slug":"uber-die-galerija-110795","status":"publish","type":"page","link":"https:\/\/galerija110795.ba\/de\/uber-die-galerija-110795\/","title":{"rendered":"\u00dcber die Galerija 11\/07\/95"},"content":{"rendered":"<p><i>Galerija 11\/07\/95<\/i> ist das erste Mahnmal in Bosnien und Herzegowina, eingerichtet um ein ehrendes Angedenken den 8372 Personen zu widmen, die in dem V\u00f6lkermord in Srebrenica ihr Leben verloren haben. Er\u00f6ffnet wurde sie am 12. Juli 2012, einen Tag nach der Gedenkfeier, die den Opfern des V\u00f6lkermordes in Srebrenica galt und sie steht symbolhaft f\u00fcr das tragische Ereignis. Der Ansatz der Ausstellung ist, Teil der Erinnerungskultur, gleichzeitig aber ein Gedenk- und Mahnmal zu sein.<\/p>\n<p>Mit Bildern dokumentiert die st\u00e4ndige Ausstellung in der Galerie, was von Srebrenica \u00fcbrig geblieben ist: Beginnend mit der Wand mit den Namen der Ermordeten, \u00fcber alte Familienbilder, Bilder aus dem Camp, in dem die \u00dcberlebenden Zuflucht suchten, \u00fcber Fotos von zerstreuten und aufgelesenen Gebeinen, beleidigenden Graffiti, bis hin zu den Abbildungen der Frauen aus Srebrenica vor dem Anne-Frank-Haus und zu der Video- und Tondokumentation. Die Exponate in der <i>Galerija 11\/07\/95<\/i> interpretieren k\u00fcnstlerisch und dokumentarisch die tragischen Ereignisse, die im Juli 1995 geschehen sind und laden die Besucher ein, keine passiven Beobachter, sondern lebende Zeugen des Grauens und der Ungerechtigkeit zu sein.<\/p>\n<p>Die Autoren der st\u00e4ndigen Srebrenica-Ausstellung sind <i>Memorijalni centar<\/i> <i>Srebrenica \u2013 Poto\u010dari<\/i>, <i>Pokret majke enklava Srebrenice<\/i> <i>i \u017depe<\/i>, <i>Institut za nestale BiH<\/i>, <i>Inicijativa<b> <\/b>mladih za ljudska prava YIHR \/ Fama<\/i>, <i>Cinema for Peace Foundation \/ Video arhiv genocida \/ Genocide Film Library Bosnia-Herzegovina<\/i> und der Fotograf <i>Tarik Samarah<\/i>.<\/p>\n\n<div id=\"blueimp-gallery\" class=\"blueimp-gallery\" data-use-bootstrap-modal=\"false\">\n    <!-- The container for the modal slides -->\n    <div class=\"slides\"><\/div>\n    <!-- Controls for the borderless lightbox -->\n    <h3 class=\"title\"><\/h3>\n    <a class=\"prev\">\u2039<\/a>\n    <a class=\"next\">\u203a<\/a>\n    <a class=\"close\">\u00d7<\/a>\n    <a class=\"play-pause\"><\/a>\n    <!-- The modal dialog, which will be used to wrap the lightbox content -->\n    <div class=\"modal fade\">\n        <div class=\"modal-dialog\">\n            <div class=\"modal-content\">\n                <div class=\"modal-header\">\n                    <button type=\"button\" class=\"close\" aria-hidden=\"true\">&times;<\/button>\n                    <h4 class=\"modal-title\"><\/h4>\n                <\/div>\n                <div class=\"modal-body next\"><\/div>\n                <div class=\"modal-footer\">\n                    <button type=\"button\" class=\"btn btn-default pull-left prev\">\n                        <i class=\"glyphicon glyphicon-chevron-left\"><\/i>\n                        Previous\n                    <\/button>\n                    <button type=\"button\" class=\"btn btn-primary next\">\n                        Next\n                        <i class=\"glyphicon glyphicon-chevron-right\"><\/i>\n                    <\/button>\n                <\/div>\n            <\/div>\n        <\/div>\n    <\/div>\n<\/div><div id=\"links\" class=\"gallery gallery-487-1\"><div class=\"gallery-row gallery-columns-3\"><div class=\"gallery-item\"><a class=\"thumbnail img-thumbnail\" href='https:\/\/galerija110795.ba\/app\/uploads\/2012\/10\/gallery_110795_01.jpg'><img loading=\"lazy\" decoding=\"async\" width=\"600\" height=\"400\" src=\"https:\/\/galerija110795.ba\/app\/uploads\/2012\/10\/gallery_110795_01-600x400.jpg\" class=\"attachment-thumbnail size-thumbnail\" alt=\"\" srcset=\"https:\/\/galerija110795.ba\/app\/uploads\/2012\/10\/gallery_110795_01-600x400.jpg 600w, https:\/\/galerija110795.ba\/app\/uploads\/2012\/10\/gallery_110795_01-900x600.jpg 900w, https:\/\/galerija110795.ba\/app\/uploads\/2012\/10\/gallery_110795_01-1200x800.jpg 1200w\" sizes=\"auto, (max-width: 600px) 100vw, 600px\" \/><\/a><\/div><div class=\"gallery-item\"><a class=\"thumbnail img-thumbnail\" href='https:\/\/galerija110795.ba\/app\/uploads\/2012\/10\/gallery_110795_02.jpg'><img loading=\"lazy\" decoding=\"async\" width=\"600\" height=\"400\" src=\"https:\/\/galerija110795.ba\/app\/uploads\/2012\/10\/gallery_110795_02-600x400.jpg\" class=\"attachment-thumbnail size-thumbnail\" alt=\"\" srcset=\"https:\/\/galerija110795.ba\/app\/uploads\/2012\/10\/gallery_110795_02-600x400.jpg 600w, https:\/\/galerija110795.ba\/app\/uploads\/2012\/10\/gallery_110795_02-900x600.jpg 900w, https:\/\/galerija110795.ba\/app\/uploads\/2012\/10\/gallery_110795_02-1200x800.jpg 1200w\" sizes=\"auto, (max-width: 600px) 100vw, 600px\" \/><\/a><\/div><div class=\"gallery-item\"><a class=\"thumbnail img-thumbnail\" href='https:\/\/galerija110795.ba\/app\/uploads\/2012\/10\/gallery_110795_03.jpg'><img loading=\"lazy\" decoding=\"async\" width=\"600\" height=\"400\" src=\"https:\/\/galerija110795.ba\/app\/uploads\/2012\/10\/gallery_110795_03-600x400.jpg\" class=\"attachment-thumbnail size-thumbnail\" alt=\"\" srcset=\"https:\/\/galerija110795.ba\/app\/uploads\/2012\/10\/gallery_110795_03-600x400.jpg 600w, https:\/\/galerija110795.ba\/app\/uploads\/2012\/10\/gallery_110795_03-900x600.jpg 900w, https:\/\/galerija110795.ba\/app\/uploads\/2012\/10\/gallery_110795_03-1200x800.jpg 1200w\" sizes=\"auto, (max-width: 600px) 100vw, 600px\" \/><\/a><\/div><\/div><div class=\"gallery-row gallery-columns-3\"><div class=\"gallery-item\"><a class=\"thumbnail img-thumbnail\" href='https:\/\/galerija110795.ba\/app\/uploads\/2012\/10\/gallery_110795_04.jpg'><img loading=\"lazy\" decoding=\"async\" width=\"600\" height=\"400\" src=\"https:\/\/galerija110795.ba\/app\/uploads\/2012\/10\/gallery_110795_04-600x400.jpg\" class=\"attachment-thumbnail size-thumbnail\" alt=\"\" srcset=\"https:\/\/galerija110795.ba\/app\/uploads\/2012\/10\/gallery_110795_04-600x400.jpg 600w, https:\/\/galerija110795.ba\/app\/uploads\/2012\/10\/gallery_110795_04-900x600.jpg 900w, https:\/\/galerija110795.ba\/app\/uploads\/2012\/10\/gallery_110795_04-1200x800.jpg 1200w\" sizes=\"auto, (max-width: 600px) 100vw, 600px\" \/><\/a><\/div><div class=\"gallery-item\"><a class=\"thumbnail img-thumbnail\" href='https:\/\/galerija110795.ba\/app\/uploads\/2012\/10\/gallery_110795_05.jpg'><img loading=\"lazy\" decoding=\"async\" width=\"600\" height=\"400\" src=\"https:\/\/galerija110795.ba\/app\/uploads\/2012\/10\/gallery_110795_05-600x400.jpg\" class=\"attachment-thumbnail size-thumbnail\" alt=\"\" srcset=\"https:\/\/galerija110795.ba\/app\/uploads\/2012\/10\/gallery_110795_05-600x400.jpg 600w, https:\/\/galerija110795.ba\/app\/uploads\/2012\/10\/gallery_110795_05-900x600.jpg 900w, https:\/\/galerija110795.ba\/app\/uploads\/2012\/10\/gallery_110795_05-1200x800.jpg 1200w\" sizes=\"auto, (max-width: 600px) 100vw, 600px\" \/><\/a><\/div><div class=\"gallery-item\"><a class=\"thumbnail img-thumbnail\" href='https:\/\/galerija110795.ba\/app\/uploads\/2012\/10\/gallery_110795_06.jpg'><img loading=\"lazy\" decoding=\"async\" width=\"600\" height=\"400\" src=\"https:\/\/galerija110795.ba\/app\/uploads\/2012\/10\/gallery_110795_06-600x400.jpg\" class=\"attachment-thumbnail size-thumbnail\" alt=\"\" srcset=\"https:\/\/galerija110795.ba\/app\/uploads\/2012\/10\/gallery_110795_06-600x400.jpg 600w, https:\/\/galerija110795.ba\/app\/uploads\/2012\/10\/gallery_110795_06-900x600.jpg 900w, https:\/\/galerija110795.ba\/app\/uploads\/2012\/10\/gallery_110795_06-1200x800.jpg 1200w\" sizes=\"auto, (max-width: 600px) 100vw, 600px\" \/><\/a><\/div><\/div><div class=\"gallery-row gallery-columns-3\"><div class=\"gallery-item\"><a class=\"thumbnail img-thumbnail\" href='https:\/\/galerija110795.ba\/app\/uploads\/2012\/10\/gallery_110795_07.jpg'><img loading=\"lazy\" decoding=\"async\" width=\"600\" height=\"400\" src=\"https:\/\/galerija110795.ba\/app\/uploads\/2012\/10\/gallery_110795_07-600x400.jpg\" class=\"attachment-thumbnail size-thumbnail\" alt=\"\" srcset=\"https:\/\/galerija110795.ba\/app\/uploads\/2012\/10\/gallery_110795_07-600x400.jpg 600w, https:\/\/galerija110795.ba\/app\/uploads\/2012\/10\/gallery_110795_07-900x600.jpg 900w, https:\/\/galerija110795.ba\/app\/uploads\/2012\/10\/gallery_110795_07-1200x800.jpg 1200w\" sizes=\"auto, (max-width: 600px) 100vw, 600px\" \/><\/a><\/div><div class=\"gallery-item\"><a class=\"thumbnail img-thumbnail\" href='https:\/\/galerija110795.ba\/app\/uploads\/2012\/10\/gallery_110795_08.jpg'><img loading=\"lazy\" decoding=\"async\" width=\"600\" height=\"400\" src=\"https:\/\/galerija110795.ba\/app\/uploads\/2012\/10\/gallery_110795_08-600x400.jpg\" class=\"attachment-thumbnail size-thumbnail\" alt=\"\" srcset=\"https:\/\/galerija110795.ba\/app\/uploads\/2012\/10\/gallery_110795_08-600x400.jpg 600w, https:\/\/galerija110795.ba\/app\/uploads\/2012\/10\/gallery_110795_08-900x600.jpg 900w, https:\/\/galerija110795.ba\/app\/uploads\/2012\/10\/gallery_110795_08-1200x800.jpg 1200w\" sizes=\"auto, (max-width: 600px) 100vw, 600px\" \/><\/a><\/div><div class=\"gallery-item\"><a class=\"thumbnail img-thumbnail\" href='https:\/\/galerija110795.ba\/app\/uploads\/2012\/10\/gallery_110795_09.jpg'><img loading=\"lazy\" decoding=\"async\" width=\"600\" height=\"400\" src=\"https:\/\/galerija110795.ba\/app\/uploads\/2012\/10\/gallery_110795_09-600x400.jpg\" class=\"attachment-thumbnail size-thumbnail\" alt=\"\" srcset=\"https:\/\/galerija110795.ba\/app\/uploads\/2012\/10\/gallery_110795_09-600x400.jpg 600w, https:\/\/galerija110795.ba\/app\/uploads\/2012\/10\/gallery_110795_09-900x600.jpg 900w, https:\/\/galerija110795.ba\/app\/uploads\/2012\/10\/gallery_110795_09-1200x800.jpg 1200w\" sizes=\"auto, (max-width: 600px) 100vw, 600px\" \/><\/a><\/div><\/div><div class=\"gallery-row gallery-columns-3\"><div class=\"gallery-item\"><a class=\"thumbnail img-thumbnail\" href='https:\/\/galerija110795.ba\/app\/uploads\/2012\/10\/gallery_110795_10.jpg'><img loading=\"lazy\" decoding=\"async\" width=\"600\" height=\"400\" src=\"https:\/\/galerija110795.ba\/app\/uploads\/2012\/10\/gallery_110795_10-600x400.jpg\" class=\"attachment-thumbnail size-thumbnail\" alt=\"\" srcset=\"https:\/\/galerija110795.ba\/app\/uploads\/2012\/10\/gallery_110795_10-600x400.jpg 600w, https:\/\/galerija110795.ba\/app\/uploads\/2012\/10\/gallery_110795_10-900x600.jpg 900w, https:\/\/galerija110795.ba\/app\/uploads\/2012\/10\/gallery_110795_10-1200x800.jpg 1200w\" sizes=\"auto, (max-width: 600px) 100vw, 600px\" \/><\/a><\/div><div class=\"gallery-item\"><a class=\"thumbnail img-thumbnail\" href='https:\/\/galerija110795.ba\/app\/uploads\/2012\/10\/gallery_110795_11.jpg'><img loading=\"lazy\" decoding=\"async\" width=\"600\" height=\"400\" src=\"https:\/\/galerija110795.ba\/app\/uploads\/2012\/10\/gallery_110795_11-600x400.jpg\" class=\"attachment-thumbnail size-thumbnail\" alt=\"\" srcset=\"https:\/\/galerija110795.ba\/app\/uploads\/2012\/10\/gallery_110795_11-600x400.jpg 600w, https:\/\/galerija110795.ba\/app\/uploads\/2012\/10\/gallery_110795_11-900x600.jpg 900w, https:\/\/galerija110795.ba\/app\/uploads\/2012\/10\/gallery_110795_11-1200x800.jpg 1200w\" sizes=\"auto, (max-width: 600px) 100vw, 600px\" \/><\/a><\/div><div class=\"gallery-item\"><a class=\"thumbnail img-thumbnail\" href='https:\/\/galerija110795.ba\/app\/uploads\/2012\/10\/gallery_110795_12.jpg'><img loading=\"lazy\" decoding=\"async\" width=\"600\" height=\"400\" src=\"https:\/\/galerija110795.ba\/app\/uploads\/2012\/10\/gallery_110795_12-600x400.jpg\" class=\"attachment-thumbnail size-thumbnail\" alt=\"\" srcset=\"https:\/\/galerija110795.ba\/app\/uploads\/2012\/10\/gallery_110795_12-600x400.jpg 600w, https:\/\/galerija110795.ba\/app\/uploads\/2012\/10\/gallery_110795_12-900x600.jpg 900w, https:\/\/galerija110795.ba\/app\/uploads\/2012\/10\/gallery_110795_12-1200x800.jpg 1200w\" sizes=\"auto, (max-width: 600px) 100vw, 600px\" \/><\/a><\/div><\/div><\/div>\n  <script>\n    jQuery(document).ready(function($) {\n\ndocument.getElementById(\"links\").onclick = function (event) {\n    event = event || window.event;\n    var target = event.target || event.srcElement,\n        link = target.src ? target.parentNode : target,\n        options = {index: link, event: event},\n        links = this.getElementsByTagName(\"a\");\n    blueimp.Gallery(links, options);\n};\n    });\n    \n<\/script>\n  \n<p>Die auf 300 m<sup>2<\/sup> Fl\u00e4che eingerichtete Ausstellung pr\u00e4sentiert Fotografien des Autors Tarik Samarah, die Video-Dokumentation <i>Mapiranje genocida<\/i> \u2013 eine Karte mit Standorten der bisher entdeckten Massengr\u00e4ber, sie zeigt Portraits, Vor- und Zunamen der Ermordeten, Zeugnisse, die \u00dcberlebende abgelegt haben.<\/p>\n","protected":false},"excerpt":{"rendered":"<p>Galerija 11\/07\/95 ist das erste Mahnmal in Bosnien und Herzegowina, eingerichtet um ein ehrendes Angedenken den 8372 Personen zu widmen, die in dem V\u00f6lkermord in Srebrenica ihr Leben verloren haben. Er\u00f6ffnet wurde sie am 12. Juli 2012, einen Tag nach der Gedenkfeier, die den Opfern des V\u00f6lkermordes in Srebrenica galt und sie steht symbolhaft f\u00fcr &hellip; <a href=\"https:\/\/galerija110795.ba\/de\/uber-die-galerija-110795\/\">Continued<\/a><\/p>\n","protected":false},"author":1,"featured_media":0,"parent":0,"menu_order":3,"comment_status":"closed","ping_status":"open","template":"","meta":{"_acf_changed":false,"footnotes":""},"class_list":["post-487","page","type-page","status-publish","hentry"],"acf":[],"yoast_head":"<!-- This site is optimized with the Yoast SEO plugin v26.8 - https:\/\/yoast.com\/product\/yoast-seo-wordpress\/ -->\n<title>\u00dcber die Galerija 11\/07\/95 - Galerija 11\/07\/95<\/title>\n<meta name=\"robots\" content=\"index, follow, max-snippet:-1, max-image-preview:large, max-video-preview:-1\" \/>\n<link rel=\"canonical\" href=\"https:\/\/galerija110795.ba\/de\/uber-die-galerija-110795\/\" \/>\n<meta property=\"og:locale\" content=\"de_DE\" \/>\n<meta property=\"og:type\" content=\"article\" \/>\n<meta property=\"og:title\" content=\"\u00dcber die Galerija 11\/07\/95 - Galerija 11\/07\/95\" \/>\n<meta property=\"og:description\" content=\"Galerija 11\/07\/95 ist das erste Mahnmal in Bosnien und Herzegowina, eingerichtet um ein ehrendes Angedenken den 8372 Personen zu widmen, die in dem V\u00f6lkermord in Srebrenica ihr Leben verloren haben. Er\u00f6ffnet wurde sie am 12. Juli 2012, einen Tag nach der Gedenkfeier, die den Opfern des V\u00f6lkermordes in Srebrenica galt und sie steht symbolhaft f\u00fcr &hellip; Continued\" \/>\n<meta property=\"og:url\" content=\"https:\/\/galerija110795.ba\/de\/uber-die-galerija-110795\/\" \/>\n<meta property=\"og:site_name\" content=\"Galerija 11\/07\/95\" \/>\n<meta property=\"article:modified_time\" content=\"2015-11-17T13:09:11+00:00\" \/>\n<meta property=\"og:image\" content=\"https:\/\/galerija110795.ba\/app\/uploads\/2012\/10\/gallery_110795_01-600x400.jpg\" \/>\n<meta name=\"twitter:card\" content=\"summary_large_image\" \/>\n<meta name=\"twitter:label1\" content=\"Gesch\u00e4tzte Lesezeit\" \/>\n\t<meta name=\"twitter:data1\" content=\"1\u00a0Minute\" \/>\n<script type=\"application\/ld+json\" class=\"yoast-schema-graph\">{\"@context\":\"https:\/\/schema.org\",\"@graph\":[{\"@type\":\"WebPage\",\"@id\":\"https:\/\/galerija110795.ba\/de\/uber-die-galerija-110795\/\",\"url\":\"https:\/\/galerija110795.ba\/de\/uber-die-galerija-110795\/\",\"name\":\"\u00dcber die Galerija 11\/07\/95 - Galerija 11\/07\/95\",\"isPartOf\":{\"@id\":\"https:\/\/galerija110795.ba\/#website\"},\"datePublished\":\"2013-11-11T17:53:58+00:00\",\"dateModified\":\"2015-11-17T13:09:11+00:00\",\"breadcrumb\":{\"@id\":\"https:\/\/galerija110795.ba\/de\/uber-die-galerija-110795\/#breadcrumb\"},\"inLanguage\":\"de\",\"potentialAction\":[{\"@type\":\"ReadAction\",\"target\":[\"https:\/\/galerija110795.ba\/de\/uber-die-galerija-110795\/\"]}]},{\"@type\":\"BreadcrumbList\",\"@id\":\"https:\/\/galerija110795.ba\/de\/uber-die-galerija-110795\/#breadcrumb\",\"itemListElement\":[{\"@type\":\"ListItem\",\"position\":1,\"name\":\"Home\",\"item\":\"https:\/\/galerija110795.ba\/de\/\"},{\"@type\":\"ListItem\",\"position\":2,\"name\":\"\u00dcber die Galerija 11\/07\/95\"}]},{\"@type\":\"WebSite\",\"@id\":\"https:\/\/galerija110795.ba\/#website\",\"url\":\"https:\/\/galerija110795.ba\/\",\"name\":\"Galerija 11\/07\/95\",\"description\":\"Die erste Gedenkgalerie in Bosnien und Herzegowina, ein Ausstellungsraum, mit dem Ziel, die Erinnerung an den Genozid in Srebrenica und an die 8372 Menschen, die im Genozid von Srebrenica tragisch verungl\u00fcckt sind, zu wahren.\",\"publisher\":{\"@id\":\"https:\/\/galerija110795.ba\/#organization\"},\"potentialAction\":[{\"@type\":\"SearchAction\",\"target\":{\"@type\":\"EntryPoint\",\"urlTemplate\":\"https:\/\/galerija110795.ba\/?s={search_term_string}\"},\"query-input\":{\"@type\":\"PropertyValueSpecification\",\"valueRequired\":true,\"valueName\":\"search_term_string\"}}],\"inLanguage\":\"de\"},{\"@type\":\"Organization\",\"@id\":\"https:\/\/galerija110795.ba\/#organization\",\"name\":\"Galerija 11\/07\/95\",\"url\":\"https:\/\/galerija110795.ba\/\",\"logo\":{\"@type\":\"ImageObject\",\"inLanguage\":\"de\",\"@id\":\"https:\/\/galerija110795.ba\/#\/schema\/logo\/image\/\",\"url\":\"https:\/\/galerija110795.ba\/app\/uploads\/2013\/09\/galerija_110795_logo.png\",\"contentUrl\":\"https:\/\/galerija110795.ba\/app\/uploads\/2013\/09\/galerija_110795_logo.png\",\"width\":1254,\"height\":408,\"caption\":\"Galerija 11\/07\/95\"},\"image\":{\"@id\":\"https:\/\/galerija110795.ba\/#\/schema\/logo\/image\/\"}}]}<\/script>\n<!-- \/ Yoast SEO plugin. -->","yoast_head_json":{"title":"\u00dcber die Galerija 11\/07\/95 - Galerija 11\/07\/95","robots":{"index":"index","follow":"follow","max-snippet":"max-snippet:-1","max-image-preview":"max-image-preview:large","max-video-preview":"max-video-preview:-1"},"canonical":"https:\/\/galerija110795.ba\/de\/uber-die-galerija-110795\/","og_locale":"de_DE","og_type":"article","og_title":"\u00dcber die Galerija 11\/07\/95 - Galerija 11\/07\/95","og_description":"Galerija 11\/07\/95 ist das erste Mahnmal in Bosnien und Herzegowina, eingerichtet um ein ehrendes Angedenken den 8372 Personen zu widmen, die in dem V\u00f6lkermord in Srebrenica ihr Leben verloren haben. Er\u00f6ffnet wurde sie am 12. Juli 2012, einen Tag nach der Gedenkfeier, die den Opfern des V\u00f6lkermordes in Srebrenica galt und sie steht symbolhaft f\u00fcr &hellip; Continued","og_url":"https:\/\/galerija110795.ba\/de\/uber-die-galerija-110795\/","og_site_name":"Galerija 11\/07\/95","article_modified_time":"2015-11-17T13:09:11+00:00","og_image":[{"url":"https:\/\/galerija110795.ba\/app\/uploads\/2012\/10\/gallery_110795_01-600x400.jpg","type":"","width":"","height":""}],"twitter_card":"summary_large_image","twitter_misc":{"Gesch\u00e4tzte Lesezeit":"1\u00a0Minute"},"schema":{"@context":"https:\/\/schema.org","@graph":[{"@type":"WebPage","@id":"https:\/\/galerija110795.ba\/de\/uber-die-galerija-110795\/","url":"https:\/\/galerija110795.ba\/de\/uber-die-galerija-110795\/","name":"\u00dcber die Galerija 11\/07\/95 - Galerija 11\/07\/95","isPartOf":{"@id":"https:\/\/galerija110795.ba\/#website"},"datePublished":"2013-11-11T17:53:58+00:00","dateModified":"2015-11-17T13:09:11+00:00","breadcrumb":{"@id":"https:\/\/galerija110795.ba\/de\/uber-die-galerija-110795\/#breadcrumb"},"inLanguage":"de","potentialAction":[{"@type":"ReadAction","target":["https:\/\/galerija110795.ba\/de\/uber-die-galerija-110795\/"]}]},{"@type":"BreadcrumbList","@id":"https:\/\/galerija110795.ba\/de\/uber-die-galerija-110795\/#breadcrumb","itemListElement":[{"@type":"ListItem","position":1,"name":"Home","item":"https:\/\/galerija110795.ba\/de\/"},{"@type":"ListItem","position":2,"name":"\u00dcber die Galerija 11\/07\/95"}]},{"@type":"WebSite","@id":"https:\/\/galerija110795.ba\/#website","url":"https:\/\/galerija110795.ba\/","name":"Galerija 11\/07\/95","description":"Die erste Gedenkgalerie in Bosnien und Herzegowina, ein Ausstellungsraum, mit dem Ziel, die Erinnerung an den Genozid in Srebrenica und an die 8372 Menschen, die im Genozid von Srebrenica tragisch verungl\u00fcckt sind, zu wahren.","publisher":{"@id":"https:\/\/galerija110795.ba\/#organization"},"potentialAction":[{"@type":"SearchAction","target":{"@type":"EntryPoint","urlTemplate":"https:\/\/galerija110795.ba\/?s={search_term_string}"},"query-input":{"@type":"PropertyValueSpecification","valueRequired":true,"valueName":"search_term_string"}}],"inLanguage":"de"},{"@type":"Organization","@id":"https:\/\/galerija110795.ba\/#organization","name":"Galerija 11\/07\/95","url":"https:\/\/galerija110795.ba\/","logo":{"@type":"ImageObject","inLanguage":"de","@id":"https:\/\/galerija110795.ba\/#\/schema\/logo\/image\/","url":"https:\/\/galerija110795.ba\/app\/uploads\/2013\/09\/galerija_110795_logo.png","contentUrl":"https:\/\/galerija110795.ba\/app\/uploads\/2013\/09\/galerija_110795_logo.png","width":1254,"height":408,"caption":"Galerija 11\/07\/95"},"image":{"@id":"https:\/\/galerija110795.ba\/#\/schema\/logo\/image\/"}}]}},"wpml_current_locale":"de_DE","wpml_translations":{"bs_BA":{"locale":"bs_BA","id":134,"slug":"o-galeriji-110795","post_title":"O Galeriji 11\/07\/95","href":"https:\/\/galerija110795.ba\/bs\/o-galeriji-110795\/"},"en_US":{"locale":"en_US","id":129,"slug":"about-gallery-110795","post_title":"About","href":"https:\/\/galerija110795.ba\/about-gallery-110795\/"},"fr_FR":{"locale":"fr_FR","id":354,"slug":"sur-la-galerie-110795","post_title":"Sur la Galerie 11\/07\/95","href":"https:\/\/galerija110795.ba\/fr\/sur-la-galerie-110795\/"},"de_DE":{"locale":"de_DE","id":487,"slug":"uber-die-galerija-110795","post_title":"\u00dcber die Galerija 11\/07\/95","href":"https:\/\/galerija110795.ba\/de\/uber-die-galerija-110795\/"},"it_IT":{"locale":"it_IT","id":485,"slug":"sulla-galleria-110795","post_title":"Sulla Galleria 11\/07\/95","href":"https:\/\/galerija110795.ba\/it\/sulla-galleria-110795\/"},"tr":{"locale":"tr","id":489,"slug":"110795-galerisi-hakkinda","post_title":"11\/07\/95 Galerisi hakk\u0131nda","href":"https:\/\/galerija110795.ba\/tr\/110795-galerisi-hakkinda\/"}},"_links":{"self":[{"href":"https:\/\/galerija110795.ba\/de\/wp-json\/wp\/v2\/pages\/487","targetHints":{"allow":["GET"]}}],"collection":[{"href":"https:\/\/galerija110795.ba\/de\/wp-json\/wp\/v2\/pages"}],"about":[{"href":"https:\/\/galerija110795.ba\/de\/wp-json\/wp\/v2\/types\/page"}],"author":[{"embeddable":true,"href":"https:\/\/galerija110795.ba\/de\/wp-json\/wp\/v2\/users\/1"}],"replies":[{"embeddable":true,"href":"https:\/\/galerija110795.ba\/de\/wp-json\/wp\/v2\/comments?post=487"}],"version-history":[{"count":0,"href":"https:\/\/galerija110795.ba\/de\/wp-json\/wp\/v2\/pages\/487\/revisions"}],"wp:attachment":[{"href":"https:\/\/galerija110795.ba\/de\/wp-json\/wp\/v2\/media?parent=487"}],"curies":[{"name":"wp","href":"https:\/\/api.w.org\/{rel}","templated":true}]}}