{"id":87,"date":"2012-10-22T09:49:14","date_gmt":"2012-10-22T09:49:14","guid":{"rendered":"https:\/\/galerija110795.ba\/site\/?page_id=87"},"modified":"2025-08-26T14:14:50","modified_gmt":"2025-08-26T12:14:50","slug":"kontakt","status":"publish","type":"page","link":"https:\/\/galerija110795.ba\/bs\/kontakt\/","title":{"rendered":"Kontakt"},"content":{"rendered":"<h3 data-start=\"95\" data-end=\"119\">\ud83d\udccd Galerija 110795<\/h3>\n<p data-start=\"120\" data-end=\"199\"><strong data-start=\"120\" data-end=\"131\">Adresa:<\/strong> Trg Fra Grge Marti\u0107a 2\/III<br data-start=\"158\" data-end=\"161\" \/>71 000 Sarajevo, Bosna i Hercegovina<\/p>\n<p data-start=\"201\" data-end=\"300\"><strong data-start=\"201\" data-end=\"211\">Email:<\/strong> <a class=\"decorated-link cursor-pointer\" rel=\"noopener\" data-start=\"212\" data-end=\"267\">info@galerija110795.ba<\/a><br data-start=\"267\" data-end=\"270\" \/><strong data-start=\"270\" data-end=\"282\">Telefon:<\/strong> +387 33 953 170<\/p>\n<p><a title=\"Facebook\" href=\"http:\/\/www.facebook.com\/Galerija110795\">Facebook<\/a> | <a title=\"Twitter\" href=\"http:\/\/twitter.com\/Galerija110795\">Twitter<\/a>\u00a0|\u00a0<a href=\"http:\/\/www.tripadvisor.com\/Attraction_Review-g294450-d3661931-Reviews-Gallery_11_07_95-Sarajevo_Sarajevo_Canton.html\">Tripadvisor<\/a>\u00a0| <a href=\"https:\/\/www.youtube.com\/channel\/UC3ACVPCaXfT5J9_Cx2elabA\/feed\">YouTube\u00a0\u00a0<\/a><\/p>\n<p><a href=\"https:\/\/www.instagram.com\/gallery110795\/\">Instagram<\/a><\/p>\n<p><span class=\"Apple-style-span\" style=\"color: #000000; font-size: 17px; line-height: 25px;\">Lokacija<\/span><\/p>\n<p><img decoding=\"async\" class=\"img-responsive\" title=\"Galerija 11\/07\/95 mapa\" src=\"https:\/\/galerija110795.ba\/app\/uploads\/2012\/10\/galerija_mapa_lt.png\" alt=\"\" \/><\/p>\n","protected":false},"excerpt":{"rendered":"<p>\ud83d\udccd Galerija 110795 Adresa: Trg Fra Grge Marti\u0107a 2\/III71 000 Sarajevo, Bosna i Hercegovina Email: info@galerija110795.baTelefon: +387 33 953 170 Facebook | Twitter\u00a0|\u00a0Tripadvisor\u00a0| YouTube\u00a0\u00a0 Instagram Lokacija<\/p>\n","protected":false},"author":1,"featured_media":0,"parent":0,"menu_order":6,"comment_status":"closed","ping_status":"open","template":"","meta":{"_acf_changed":false,"footnotes":""},"class_list":["post-87","page","type-page","status-publish","hentry"],"acf":[],"yoast_head":"<!-- This site is optimized with the Yoast SEO plugin v26.8 - https:\/\/yoast.com\/product\/yoast-seo-wordpress\/ -->\n<title>Kontakt - Galerija 11\/07\/95<\/title>\n<meta name=\"robots\" content=\"index, follow, max-snippet:-1, max-image-preview:large, max-video-preview:-1\" \/>\n<link rel=\"canonical\" href=\"https:\/\/galerija110795.ba\/bs\/kontakt\/\" \/>\n<meta property=\"og:locale\" content=\"bs_BA\" \/>\n<meta property=\"og:type\" content=\"article\" \/>\n<meta property=\"og:title\" content=\"Kontakt - Galerija 11\/07\/95\" \/>\n<meta property=\"og:description\" content=\"\ud83d\udccd Galerija 110795 Adresa: Trg Fra Grge Marti\u0107a 2\/III71 000 Sarajevo, Bosna i Hercegovina Email: info@galerija110795.baTelefon: +387 33 953 170 Facebook | Twitter\u00a0|\u00a0Tripadvisor\u00a0| YouTube\u00a0\u00a0 Instagram Lokacija\" \/>\n<meta property=\"og:url\" content=\"https:\/\/galerija110795.ba\/bs\/kontakt\/\" \/>\n<meta property=\"og:site_name\" content=\"Galerija 11\/07\/95\" \/>\n<meta property=\"article:modified_time\" content=\"2025-08-26T12:14:50+00:00\" \/>\n<meta property=\"og:image\" content=\"https:\/\/galerija110795.ba\/app\/uploads\/2012\/10\/galerija_mapa_lt.png\" \/>\n<meta name=\"twitter:card\" content=\"summary_large_image\" \/>\n<script type=\"application\/ld+json\" class=\"yoast-schema-graph\">{\"@context\":\"https:\/\/schema.org\",\"@graph\":[{\"@type\":\"WebPage\",\"@id\":\"https:\/\/galerija110795.ba\/bs\/kontakt\/\",\"url\":\"https:\/\/galerija110795.ba\/bs\/kontakt\/\",\"name\":\"Kontakt - Galerija 11\/07\/95\",\"isPartOf\":{\"@id\":\"https:\/\/galerija110795.ba\/#website\"},\"primaryImageOfPage\":{\"@id\":\"https:\/\/galerija110795.ba\/bs\/kontakt\/#primaryimage\"},\"image\":{\"@id\":\"https:\/\/galerija110795.ba\/bs\/kontakt\/#primaryimage\"},\"thumbnailUrl\":\"https:\/\/galerija110795.ba\/app\/uploads\/2012\/10\/galerija_mapa_lt.png\",\"datePublished\":\"2012-10-22T09:49:14+00:00\",\"dateModified\":\"2025-08-26T12:14:50+00:00\",\"breadcrumb\":{\"@id\":\"https:\/\/galerija110795.ba\/bs\/kontakt\/#breadcrumb\"},\"inLanguage\":\"bs-BA\",\"potentialAction\":[{\"@type\":\"ReadAction\",\"target\":[\"https:\/\/galerija110795.ba\/bs\/kontakt\/\"]}]},{\"@type\":\"ImageObject\",\"inLanguage\":\"bs-BA\",\"@id\":\"https:\/\/galerija110795.ba\/bs\/kontakt\/#primaryimage\",\"url\":\"https:\/\/galerija110795.ba\/app\/uploads\/2012\/10\/galerija_mapa_lt.png\",\"contentUrl\":\"https:\/\/galerija110795.ba\/app\/uploads\/2012\/10\/galerija_mapa_lt.png\"},{\"@type\":\"BreadcrumbList\",\"@id\":\"https:\/\/galerija110795.ba\/bs\/kontakt\/#breadcrumb\",\"itemListElement\":[{\"@type\":\"ListItem\",\"position\":1,\"name\":\"Home\",\"item\":\"https:\/\/galerija110795.ba\/\"},{\"@type\":\"ListItem\",\"position\":2,\"name\":\"Kontakt\"}]},{\"@type\":\"WebSite\",\"@id\":\"https:\/\/galerija110795.ba\/#website\",\"url\":\"https:\/\/galerija110795.ba\/\",\"name\":\"Galerija 11\/07\/95\",\"description\":\"Prva memorijalna galerija u Bosni i Hercegovini, izlo\u017ebeni prostor kojem je cilj o\u010duvati sje\u0107anja na  tragediju Srebrenice i 8372 osobe tragi\u010dno stradale u srebreni\u010dkom genocidu.\",\"publisher\":{\"@id\":\"https:\/\/galerija110795.ba\/#organization\"},\"potentialAction\":[{\"@type\":\"SearchAction\",\"target\":{\"@type\":\"EntryPoint\",\"urlTemplate\":\"https:\/\/galerija110795.ba\/?s={search_term_string}\"},\"query-input\":{\"@type\":\"PropertyValueSpecification\",\"valueRequired\":true,\"valueName\":\"search_term_string\"}}],\"inLanguage\":\"bs-BA\"},{\"@type\":\"Organization\",\"@id\":\"https:\/\/galerija110795.ba\/#organization\",\"name\":\"Galerija 11\/07\/95\",\"url\":\"https:\/\/galerija110795.ba\/\",\"logo\":{\"@type\":\"ImageObject\",\"inLanguage\":\"bs-BA\",\"@id\":\"https:\/\/galerija110795.ba\/#\/schema\/logo\/image\/\",\"url\":\"https:\/\/galerija110795.ba\/app\/uploads\/2013\/09\/galerija_110795_logo.png\",\"contentUrl\":\"https:\/\/galerija110795.ba\/app\/uploads\/2013\/09\/galerija_110795_logo.png\",\"width\":1254,\"height\":408,\"caption\":\"Galerija 11\/07\/95\"},\"image\":{\"@id\":\"https:\/\/galerija110795.ba\/#\/schema\/logo\/image\/\"}}]}<\/script>\n<!-- \/ Yoast SEO plugin. -->","yoast_head_json":{"title":"Kontakt - Galerija 11\/07\/95","robots":{"index":"index","follow":"follow","max-snippet":"max-snippet:-1","max-image-preview":"max-image-preview:large","max-video-preview":"max-video-preview:-1"},"canonical":"https:\/\/galerija110795.ba\/bs\/kontakt\/","og_locale":"bs_BA","og_type":"article","og_title":"Kontakt - Galerija 11\/07\/95","og_description":"\ud83d\udccd Galerija 110795 Adresa: Trg Fra Grge Marti\u0107a 2\/III71 000 Sarajevo, Bosna i Hercegovina Email: info@galerija110795.baTelefon: +387 33 953 170 Facebook | Twitter\u00a0|\u00a0Tripadvisor\u00a0| YouTube\u00a0\u00a0 Instagram Lokacija","og_url":"https:\/\/galerija110795.ba\/bs\/kontakt\/","og_site_name":"Galerija 11\/07\/95","article_modified_time":"2025-08-26T12:14:50+00:00","og_image":[{"url":"https:\/\/galerija110795.ba\/app\/uploads\/2012\/10\/galerija_mapa_lt.png","type":"","width":"","height":""}],"twitter_card":"summary_large_image","schema":{"@context":"https:\/\/schema.org","@graph":[{"@type":"WebPage","@id":"https:\/\/galerija110795.ba\/bs\/kontakt\/","url":"https:\/\/galerija110795.ba\/bs\/kontakt\/","name":"Kontakt - Galerija 11\/07\/95","isPartOf":{"@id":"https:\/\/galerija110795.ba\/#website"},"primaryImageOfPage":{"@id":"https:\/\/galerija110795.ba\/bs\/kontakt\/#primaryimage"},"image":{"@id":"https:\/\/galerija110795.ba\/bs\/kontakt\/#primaryimage"},"thumbnailUrl":"https:\/\/galerija110795.ba\/app\/uploads\/2012\/10\/galerija_mapa_lt.png","datePublished":"2012-10-22T09:49:14+00:00","dateModified":"2025-08-26T12:14:50+00:00","breadcrumb":{"@id":"https:\/\/galerija110795.ba\/bs\/kontakt\/#breadcrumb"},"inLanguage":"bs-BA","potentialAction":[{"@type":"ReadAction","target":["https:\/\/galerija110795.ba\/bs\/kontakt\/"]}]},{"@type":"ImageObject","inLanguage":"bs-BA","@id":"https:\/\/galerija110795.ba\/bs\/kontakt\/#primaryimage","url":"https:\/\/galerija110795.ba\/app\/uploads\/2012\/10\/galerija_mapa_lt.png","contentUrl":"https:\/\/galerija110795.ba\/app\/uploads\/2012\/10\/galerija_mapa_lt.png"},{"@type":"BreadcrumbList","@id":"https:\/\/galerija110795.ba\/bs\/kontakt\/#breadcrumb","itemListElement":[{"@type":"ListItem","position":1,"name":"Home","item":"https:\/\/galerija110795.ba\/"},{"@type":"ListItem","position":2,"name":"Kontakt"}]},{"@type":"WebSite","@id":"https:\/\/galerija110795.ba\/#website","url":"https:\/\/galerija110795.ba\/","name":"Galerija 11\/07\/95","description":"Prva memorijalna galerija u Bosni i Hercegovini, izlo\u017ebeni prostor kojem je cilj o\u010duvati sje\u0107anja na  tragediju Srebrenice i 8372 osobe tragi\u010dno stradale u srebreni\u010dkom genocidu.","publisher":{"@id":"https:\/\/galerija110795.ba\/#organization"},"potentialAction":[{"@type":"SearchAction","target":{"@type":"EntryPoint","urlTemplate":"https:\/\/galerija110795.ba\/?s={search_term_string}"},"query-input":{"@type":"PropertyValueSpecification","valueRequired":true,"valueName":"search_term_string"}}],"inLanguage":"bs-BA"},{"@type":"Organization","@id":"https:\/\/galerija110795.ba\/#organization","name":"Galerija 11\/07\/95","url":"https:\/\/galerija110795.ba\/","logo":{"@type":"ImageObject","inLanguage":"bs-BA","@id":"https:\/\/galerija110795.ba\/#\/schema\/logo\/image\/","url":"https:\/\/galerija110795.ba\/app\/uploads\/2013\/09\/galerija_110795_logo.png","contentUrl":"https:\/\/galerija110795.ba\/app\/uploads\/2013\/09\/galerija_110795_logo.png","width":1254,"height":408,"caption":"Galerija 11\/07\/95"},"image":{"@id":"https:\/\/galerija110795.ba\/#\/schema\/logo\/image\/"}}]}},"wpml_current_locale":"bs_BA","wpml_translations":{"bs_BA":{"locale":"bs_BA","id":87,"slug":"kontakt","post_title":"Kontakt","href":"https:\/\/galerija110795.ba\/bs\/kontakt\/"},"en_US":{"locale":"en_US","id":125,"slug":"contact","post_title":"Contact","href":"https:\/\/galerija110795.ba\/contact\/"},"fr_FR":{"locale":"fr_FR","id":367,"slug":"contact","post_title":"Contact","href":"https:\/\/galerija110795.ba\/fr\/contact\/"},"de_DE":{"locale":"de_DE","id":523,"slug":"kontakt","post_title":"Kontakt","href":"https:\/\/galerija110795.ba\/de\/kontakt\/"},"it_IT":{"locale":"it_IT","id":524,"slug":"contatto","post_title":"Contatto","href":"https:\/\/galerija110795.ba\/it\/contatto\/"},"tr":{"locale":"tr","id":525,"slug":"iletisim","post_title":"\u0130leti\u015fim","href":"https:\/\/galerija110795.ba\/tr\/iletisim\/"}},"_links":{"self":[{"href":"https:\/\/galerija110795.ba\/bs\/wp-json\/wp\/v2\/pages\/87","targetHints":{"allow":["GET"]}}],"collection":[{"href":"https:\/\/galerija110795.ba\/bs\/wp-json\/wp\/v2\/pages"}],"about":[{"href":"https:\/\/galerija110795.ba\/bs\/wp-json\/wp\/v2\/types\/page"}],"author":[{"embeddable":true,"href":"https:\/\/galerija110795.ba\/bs\/wp-json\/wp\/v2\/users\/1"}],"replies":[{"embeddable":true,"href":"https:\/\/galerija110795.ba\/bs\/wp-json\/wp\/v2\/comments?post=87"}],"version-history":[{"count":3,"href":"https:\/\/galerija110795.ba\/bs\/wp-json\/wp\/v2\/pages\/87\/revisions"}],"predecessor-version":[{"id":5181,"href":"https:\/\/galerija110795.ba\/bs\/wp-json\/wp\/v2\/pages\/87\/revisions\/5181"}],"wp:attachment":[{"href":"https:\/\/galerija110795.ba\/bs\/wp-json\/wp\/v2\/media?parent=87"}],"curies":[{"name":"wp","href":"https:\/\/api.w.org\/{rel}","templated":true}]}}