{"id":712,"date":"2015-01-15T19:30:59","date_gmt":"2015-01-15T19:30:59","guid":{"rendered":"https:\/\/galerija110795.ba\/?page_id=712"},"modified":"2016-06-18T11:52:26","modified_gmt":"2016-06-18T11:52:26","slug":"sarajevo-pod-opsadom","status":"publish","type":"page","link":"https:\/\/galerija110795.ba\/bs\/izlozbe\/prosle-izlozbe\/sarajevo-pod-opsadom\/","title":{"rendered":"Sarajevo pod opsadom"},"content":{"rendered":"<p><img decoding=\"async\" class=\"img-responsive  alignleft\" src=\"https:\/\/galerija110795.ba\/app\/uploads\/2015\/01\/SA1-280x400.jpg\" alt=\"The Siege of Sarajevo\"\/>Fotografije iz serije <strong>\u201cSarajevo pod opsadom\u201d<\/strong> fotografa <strong>Paul Lowea<\/strong> svjedo\u010de o stra\u0161noj ratnoj svakodnevnici gra\u0111ana Sarajeva, ali i sveprisutnom duhu otpora. Opsada Sarajeva \u2013 najdu\u017ea opsada jednog glavnog grada u modernoj historiji, po\u010dela je u aprilu 1992. godine i zavr\u0161ila u februaru 1996. Posljedice opsade u brojkama govore o preko 10 hiljada ubijenih, vi\u0161e od 60 hiljada ranjenih, preko 1500 ubijene djece. Svaki peti stanovnik Sarajeva bio je u opasnosti od pogotka snajpera ili nekog drugog oru\u017eja.<\/p>\n<p>Fotografije snimljene za vrijeme opsade bilje\u017ee svakodnevicu gra\u0111ana Sarajeva. One razotkrivaju dva pola pri\u010de o opkoljenom Sarajevu &#8211; s jedne strane radi se o stradanju i neizvjesnosti koju su trajali gotovo\u00a0\u010detiri godine, a s druge strane, to je pri\u010da o nevjerovatnoj hrabrosti, kreativnosti i opstanku \u017eivota.<\/p>\n<p><strong>Paul Lowe<\/strong>, fotoreporter od 1988. godine, danas profesor fotografije i voditelj master programa o fotoreportingu i dokumentarnoj fotografiji na London College of Comunication &#8211; University of Arts. Tokom svog fotoreporterskog anga\u017emana radio je na pri\u010dama u vi\u0161e od\u00a080 zemalja, pokrivaju\u0107i pad Berlinskog zida, raspad Sovjetskog Saveza, raspad Jugoslavije, rat u Bosni itd.<\/p>\n\n<div id=\"blueimp-gallery\" class=\"blueimp-gallery\" data-use-bootstrap-modal=\"false\">\n    <!-- The container for the modal slides -->\n    <div class=\"slides\"><\/div>\n    <!-- Controls for the borderless lightbox -->\n    <h3 class=\"title\"><\/h3>\n    <a class=\"prev\">\u2039<\/a>\n    <a class=\"next\">\u203a<\/a>\n    <a class=\"close\">\u00d7<\/a>\n    <a class=\"play-pause\"><\/a>\n    <!-- The modal dialog, which will be used to wrap the lightbox content -->\n    <div class=\"modal fade\">\n        <div class=\"modal-dialog\">\n            <div class=\"modal-content\">\n                <div class=\"modal-header\">\n                    <button type=\"button\" class=\"close\" aria-hidden=\"true\">&times;<\/button>\n                    <h4 class=\"modal-title\"><\/h4>\n                <\/div>\n                <div class=\"modal-body next\"><\/div>\n                <div class=\"modal-footer\">\n                    <button type=\"button\" class=\"btn btn-default pull-left prev\">\n                        <i class=\"glyphicon glyphicon-chevron-left\"><\/i>\n                        Previous\n                    <\/button>\n                    <button type=\"button\" class=\"btn btn-primary next\">\n                        Next\n                        <i class=\"glyphicon glyphicon-chevron-right\"><\/i>\n                    <\/button>\n                <\/div>\n            <\/div>\n        <\/div>\n    <\/div>\n<\/div><div id=\"links\" class=\"gallery gallery-712-1\"><div class=\"gallery-row gallery-columns-4\"><div class=\"gallery-item\"><a class=\"thumbnail img-thumbnail\" href='https:\/\/galerija110795.ba\/app\/uploads\/2015\/01\/SA2.jpg'><img loading=\"lazy\" decoding=\"async\" width=\"600\" height=\"400\" src=\"https:\/\/galerija110795.ba\/app\/uploads\/2015\/01\/SA2-600x400.jpg\" class=\"attachment-thumbnail size-thumbnail\" alt=\"\" \/><\/a><\/div><div class=\"gallery-item\"><a class=\"thumbnail img-thumbnail\" href='https:\/\/galerija110795.ba\/app\/uploads\/2015\/01\/SA3.jpg'><img loading=\"lazy\" decoding=\"async\" width=\"600\" height=\"400\" src=\"https:\/\/galerija110795.ba\/app\/uploads\/2015\/01\/SA3-600x400.jpg\" class=\"attachment-thumbnail size-thumbnail\" alt=\"\" srcset=\"https:\/\/galerija110795.ba\/app\/uploads\/2015\/01\/SA3-600x400.jpg 600w, https:\/\/galerija110795.ba\/app\/uploads\/2015\/01\/SA3-900x600.jpg 900w, https:\/\/galerija110795.ba\/app\/uploads\/2015\/01\/SA3-1200x800.jpg 1200w, https:\/\/galerija110795.ba\/app\/uploads\/2015\/01\/SA3.jpg 2048w\" sizes=\"auto, (max-width: 600px) 100vw, 600px\" \/><\/a><\/div><div class=\"gallery-item\"><a class=\"thumbnail img-thumbnail\" href='https:\/\/galerija110795.ba\/app\/uploads\/2015\/01\/SA4.jpg'><img loading=\"lazy\" decoding=\"async\" width=\"600\" height=\"400\" src=\"https:\/\/galerija110795.ba\/app\/uploads\/2015\/01\/SA4-600x400.jpg\" class=\"attachment-thumbnail size-thumbnail\" alt=\"\" \/><\/a><\/div><div class=\"gallery-item\"><a class=\"thumbnail img-thumbnail\" href='https:\/\/galerija110795.ba\/app\/uploads\/2015\/01\/SA5.jpg'><img loading=\"lazy\" decoding=\"async\" width=\"600\" height=\"400\" src=\"https:\/\/galerija110795.ba\/app\/uploads\/2015\/01\/SA5-600x400.jpg\" class=\"attachment-thumbnail size-thumbnail\" alt=\"\" srcset=\"https:\/\/galerija110795.ba\/app\/uploads\/2015\/01\/SA5-600x400.jpg 600w, https:\/\/galerija110795.ba\/app\/uploads\/2015\/01\/SA5-900x600.jpg 900w, https:\/\/galerija110795.ba\/app\/uploads\/2015\/01\/SA5-1200x800.jpg 1200w, https:\/\/galerija110795.ba\/app\/uploads\/2015\/01\/SA5.jpg 2048w\" sizes=\"auto, (max-width: 600px) 100vw, 600px\" \/><\/a><\/div><\/div><\/div>\n  <script>\n    jQuery(document).ready(function($) {\n\ndocument.getElementById(\"links\").onclick = function (event) {\n    event = event || window.event;\n    var target = event.target || event.srcElement,\n        link = target.src ? target.parentNode : target,\n        options = {index: link, event: event},\n        links = this.getElementsByTagName(\"a\");\n    blueimp.Gallery(links, options);\n};\n    });\n    \n<\/script>\n  \n","protected":false},"excerpt":{"rendered":"<p>Fotografije iz serije \u201cSarajevo pod opsadom\u201d fotografa Paul Lowea svjedo\u010de o stra\u0161noj ratnoj svakodnevnici gra\u0111ana Sarajeva, ali i sveprisutnom duhu otpora. Opsada Sarajeva \u2013 najdu\u017ea opsada jednog glavnog grada u modernoj historiji, po\u010dela je u aprilu 1992. godine i zavr\u0161ila u februaru 1996. Posljedice opsade u brojkama govore o preko 10 hiljada ubijenih, vi\u0161e od &hellip; <a href=\"https:\/\/galerija110795.ba\/bs\/izlozbe\/prosle-izlozbe\/sarajevo-pod-opsadom\/\">Continued<\/a><\/p>\n","protected":false},"author":1,"featured_media":627,"parent":705,"menu_order":1,"comment_status":"closed","ping_status":"open","template":"templates\/page-exhibitions.php","meta":{"_acf_changed":false,"footnotes":""},"class_list":["post-712","page","type-page","status-publish","has-post-thumbnail","hentry"],"acf":[],"yoast_head":"<!-- This site is optimized with the Yoast SEO plugin v26.8 - https:\/\/yoast.com\/product\/yoast-seo-wordpress\/ -->\n<title>Sarajevo pod opsadom - Galerija 11\/07\/95<\/title>\n<meta name=\"robots\" content=\"index, follow, max-snippet:-1, max-image-preview:large, max-video-preview:-1\" \/>\n<link rel=\"canonical\" href=\"https:\/\/galerija110795.ba\/bs\/izlozbe\/prosle-izlozbe\/sarajevo-pod-opsadom\/\" \/>\n<meta property=\"og:locale\" content=\"bs_BA\" \/>\n<meta property=\"og:type\" content=\"article\" \/>\n<meta property=\"og:title\" content=\"Sarajevo pod opsadom - Galerija 11\/07\/95\" \/>\n<meta property=\"og:description\" content=\"Fotografije iz serije \u201cSarajevo pod opsadom\u201d fotografa Paul Lowea svjedo\u010de o stra\u0161noj ratnoj svakodnevnici gra\u0111ana Sarajeva, ali i sveprisutnom duhu otpora. Opsada Sarajeva \u2013 najdu\u017ea opsada jednog glavnog grada u modernoj historiji, po\u010dela je u aprilu 1992. godine i zavr\u0161ila u februaru 1996. Posljedice opsade u brojkama govore o preko 10 hiljada ubijenih, vi\u0161e od &hellip; Continued\" \/>\n<meta property=\"og:url\" content=\"https:\/\/galerija110795.ba\/bs\/izlozbe\/prosle-izlozbe\/sarajevo-pod-opsadom\/\" \/>\n<meta property=\"og:site_name\" content=\"Galerija 11\/07\/95\" \/>\n<meta property=\"article:modified_time\" content=\"2016-06-18T11:52:26+00:00\" \/>\n<meta property=\"og:image\" content=\"https:\/\/galerija110795.ba\/app\/uploads\/2014\/07\/paul_lowe_poster_b1.jpg\" \/>\n\t<meta property=\"og:image:width\" content=\"700\" \/>\n\t<meta property=\"og:image:height\" content=\"1000\" \/>\n\t<meta property=\"og:image:type\" content=\"image\/jpeg\" \/>\n<meta name=\"twitter:card\" content=\"summary_large_image\" \/>\n<meta name=\"twitter:label1\" content=\"Est. reading time\" \/>\n\t<meta name=\"twitter:data1\" content=\"1 minuta\" \/>\n<script type=\"application\/ld+json\" class=\"yoast-schema-graph\">{\"@context\":\"https:\/\/schema.org\",\"@graph\":[{\"@type\":\"WebPage\",\"@id\":\"https:\/\/galerija110795.ba\/bs\/izlozbe\/prosle-izlozbe\/sarajevo-pod-opsadom\/\",\"url\":\"https:\/\/galerija110795.ba\/bs\/izlozbe\/prosle-izlozbe\/sarajevo-pod-opsadom\/\",\"name\":\"Sarajevo pod opsadom - Galerija 11\/07\/95\",\"isPartOf\":{\"@id\":\"https:\/\/galerija110795.ba\/#website\"},\"primaryImageOfPage\":{\"@id\":\"https:\/\/galerija110795.ba\/bs\/izlozbe\/prosle-izlozbe\/sarajevo-pod-opsadom\/#primaryimage\"},\"image\":{\"@id\":\"https:\/\/galerija110795.ba\/bs\/izlozbe\/prosle-izlozbe\/sarajevo-pod-opsadom\/#primaryimage\"},\"thumbnailUrl\":\"https:\/\/galerija110795.ba\/app\/uploads\/2014\/07\/paul_lowe_poster_b1.jpg\",\"datePublished\":\"2015-01-15T19:30:59+00:00\",\"dateModified\":\"2016-06-18T11:52:26+00:00\",\"breadcrumb\":{\"@id\":\"https:\/\/galerija110795.ba\/bs\/izlozbe\/prosle-izlozbe\/sarajevo-pod-opsadom\/#breadcrumb\"},\"inLanguage\":\"bs-BA\",\"potentialAction\":[{\"@type\":\"ReadAction\",\"target\":[\"https:\/\/galerija110795.ba\/bs\/izlozbe\/prosle-izlozbe\/sarajevo-pod-opsadom\/\"]}]},{\"@type\":\"ImageObject\",\"inLanguage\":\"bs-BA\",\"@id\":\"https:\/\/galerija110795.ba\/bs\/izlozbe\/prosle-izlozbe\/sarajevo-pod-opsadom\/#primaryimage\",\"url\":\"https:\/\/galerija110795.ba\/app\/uploads\/2014\/07\/paul_lowe_poster_b1.jpg\",\"contentUrl\":\"https:\/\/galerija110795.ba\/app\/uploads\/2014\/07\/paul_lowe_poster_b1.jpg\",\"width\":700,\"height\":1000},{\"@type\":\"BreadcrumbList\",\"@id\":\"https:\/\/galerija110795.ba\/bs\/izlozbe\/prosle-izlozbe\/sarajevo-pod-opsadom\/#breadcrumb\",\"itemListElement\":[{\"@type\":\"ListItem\",\"position\":1,\"name\":\"Home\",\"item\":\"https:\/\/galerija110795.ba\/\"},{\"@type\":\"ListItem\",\"position\":2,\"name\":\"Izlo\u017ebe\",\"item\":\"https:\/\/galerija110795.ba\/bs\/izlozbe\/\"},{\"@type\":\"ListItem\",\"position\":3,\"name\":\"Pro\u0161le izlo\u017ebe\",\"item\":\"https:\/\/galerija110795.ba\/bs\/izlozbe\/prosle-izlozbe\/\"},{\"@type\":\"ListItem\",\"position\":4,\"name\":\"Sarajevo pod opsadom\"}]},{\"@type\":\"WebSite\",\"@id\":\"https:\/\/galerija110795.ba\/#website\",\"url\":\"https:\/\/galerija110795.ba\/\",\"name\":\"Galerija 11\/07\/95\",\"description\":\"Prva memorijalna galerija u Bosni i Hercegovini, izlo\u017ebeni prostor kojem je cilj o\u010duvati sje\u0107anja na  tragediju Srebrenice i 8372 osobe tragi\u010dno stradale u srebreni\u010dkom genocidu.\",\"publisher\":{\"@id\":\"https:\/\/galerija110795.ba\/#organization\"},\"potentialAction\":[{\"@type\":\"SearchAction\",\"target\":{\"@type\":\"EntryPoint\",\"urlTemplate\":\"https:\/\/galerija110795.ba\/?s={search_term_string}\"},\"query-input\":{\"@type\":\"PropertyValueSpecification\",\"valueRequired\":true,\"valueName\":\"search_term_string\"}}],\"inLanguage\":\"bs-BA\"},{\"@type\":\"Organization\",\"@id\":\"https:\/\/galerija110795.ba\/#organization\",\"name\":\"Galerija 11\/07\/95\",\"url\":\"https:\/\/galerija110795.ba\/\",\"logo\":{\"@type\":\"ImageObject\",\"inLanguage\":\"bs-BA\",\"@id\":\"https:\/\/galerija110795.ba\/#\/schema\/logo\/image\/\",\"url\":\"https:\/\/galerija110795.ba\/app\/uploads\/2013\/09\/galerija_110795_logo.png\",\"contentUrl\":\"https:\/\/galerija110795.ba\/app\/uploads\/2013\/09\/galerija_110795_logo.png\",\"width\":1254,\"height\":408,\"caption\":\"Galerija 11\/07\/95\"},\"image\":{\"@id\":\"https:\/\/galerija110795.ba\/#\/schema\/logo\/image\/\"}}]}<\/script>\n<!-- \/ Yoast SEO plugin. -->","yoast_head_json":{"title":"Sarajevo pod opsadom - Galerija 11\/07\/95","robots":{"index":"index","follow":"follow","max-snippet":"max-snippet:-1","max-image-preview":"max-image-preview:large","max-video-preview":"max-video-preview:-1"},"canonical":"https:\/\/galerija110795.ba\/bs\/izlozbe\/prosle-izlozbe\/sarajevo-pod-opsadom\/","og_locale":"bs_BA","og_type":"article","og_title":"Sarajevo pod opsadom - Galerija 11\/07\/95","og_description":"Fotografije iz serije \u201cSarajevo pod opsadom\u201d fotografa Paul Lowea svjedo\u010de o stra\u0161noj ratnoj svakodnevnici gra\u0111ana Sarajeva, ali i sveprisutnom duhu otpora. Opsada Sarajeva \u2013 najdu\u017ea opsada jednog glavnog grada u modernoj historiji, po\u010dela je u aprilu 1992. godine i zavr\u0161ila u februaru 1996. Posljedice opsade u brojkama govore o preko 10 hiljada ubijenih, vi\u0161e od &hellip; Continued","og_url":"https:\/\/galerija110795.ba\/bs\/izlozbe\/prosle-izlozbe\/sarajevo-pod-opsadom\/","og_site_name":"Galerija 11\/07\/95","article_modified_time":"2016-06-18T11:52:26+00:00","og_image":[{"width":700,"height":1000,"url":"https:\/\/galerija110795.ba\/app\/uploads\/2014\/07\/paul_lowe_poster_b1.jpg","type":"image\/jpeg"}],"twitter_card":"summary_large_image","twitter_misc":{"Est. reading time":"1 minuta"},"schema":{"@context":"https:\/\/schema.org","@graph":[{"@type":"WebPage","@id":"https:\/\/galerija110795.ba\/bs\/izlozbe\/prosle-izlozbe\/sarajevo-pod-opsadom\/","url":"https:\/\/galerija110795.ba\/bs\/izlozbe\/prosle-izlozbe\/sarajevo-pod-opsadom\/","name":"Sarajevo pod opsadom - Galerija 11\/07\/95","isPartOf":{"@id":"https:\/\/galerija110795.ba\/#website"},"primaryImageOfPage":{"@id":"https:\/\/galerija110795.ba\/bs\/izlozbe\/prosle-izlozbe\/sarajevo-pod-opsadom\/#primaryimage"},"image":{"@id":"https:\/\/galerija110795.ba\/bs\/izlozbe\/prosle-izlozbe\/sarajevo-pod-opsadom\/#primaryimage"},"thumbnailUrl":"https:\/\/galerija110795.ba\/app\/uploads\/2014\/07\/paul_lowe_poster_b1.jpg","datePublished":"2015-01-15T19:30:59+00:00","dateModified":"2016-06-18T11:52:26+00:00","breadcrumb":{"@id":"https:\/\/galerija110795.ba\/bs\/izlozbe\/prosle-izlozbe\/sarajevo-pod-opsadom\/#breadcrumb"},"inLanguage":"bs-BA","potentialAction":[{"@type":"ReadAction","target":["https:\/\/galerija110795.ba\/bs\/izlozbe\/prosle-izlozbe\/sarajevo-pod-opsadom\/"]}]},{"@type":"ImageObject","inLanguage":"bs-BA","@id":"https:\/\/galerija110795.ba\/bs\/izlozbe\/prosle-izlozbe\/sarajevo-pod-opsadom\/#primaryimage","url":"https:\/\/galerija110795.ba\/app\/uploads\/2014\/07\/paul_lowe_poster_b1.jpg","contentUrl":"https:\/\/galerija110795.ba\/app\/uploads\/2014\/07\/paul_lowe_poster_b1.jpg","width":700,"height":1000},{"@type":"BreadcrumbList","@id":"https:\/\/galerija110795.ba\/bs\/izlozbe\/prosle-izlozbe\/sarajevo-pod-opsadom\/#breadcrumb","itemListElement":[{"@type":"ListItem","position":1,"name":"Home","item":"https:\/\/galerija110795.ba\/"},{"@type":"ListItem","position":2,"name":"Izlo\u017ebe","item":"https:\/\/galerija110795.ba\/bs\/izlozbe\/"},{"@type":"ListItem","position":3,"name":"Pro\u0161le izlo\u017ebe","item":"https:\/\/galerija110795.ba\/bs\/izlozbe\/prosle-izlozbe\/"},{"@type":"ListItem","position":4,"name":"Sarajevo pod opsadom"}]},{"@type":"WebSite","@id":"https:\/\/galerija110795.ba\/#website","url":"https:\/\/galerija110795.ba\/","name":"Galerija 11\/07\/95","description":"Prva memorijalna galerija u Bosni i Hercegovini, izlo\u017ebeni prostor kojem je cilj o\u010duvati sje\u0107anja na  tragediju Srebrenice i 8372 osobe tragi\u010dno stradale u srebreni\u010dkom genocidu.","publisher":{"@id":"https:\/\/galerija110795.ba\/#organization"},"potentialAction":[{"@type":"SearchAction","target":{"@type":"EntryPoint","urlTemplate":"https:\/\/galerija110795.ba\/?s={search_term_string}"},"query-input":{"@type":"PropertyValueSpecification","valueRequired":true,"valueName":"search_term_string"}}],"inLanguage":"bs-BA"},{"@type":"Organization","@id":"https:\/\/galerija110795.ba\/#organization","name":"Galerija 11\/07\/95","url":"https:\/\/galerija110795.ba\/","logo":{"@type":"ImageObject","inLanguage":"bs-BA","@id":"https:\/\/galerija110795.ba\/#\/schema\/logo\/image\/","url":"https:\/\/galerija110795.ba\/app\/uploads\/2013\/09\/galerija_110795_logo.png","contentUrl":"https:\/\/galerija110795.ba\/app\/uploads\/2013\/09\/galerija_110795_logo.png","width":1254,"height":408,"caption":"Galerija 11\/07\/95"},"image":{"@id":"https:\/\/galerija110795.ba\/#\/schema\/logo\/image\/"}}]}},"wpml_current_locale":"bs_BA","wpml_translations":{"bs_BA":{"locale":"bs_BA","id":712,"slug":"sarajevo-pod-opsadom","post_title":"Sarajevo pod opsadom","href":"https:\/\/galerija110795.ba\/bs\/izlozbe\/prosle-izlozbe\/sarajevo-pod-opsadom\/"},"en_US":{"locale":"en_US","id":733,"slug":"the-siege-of-sarajevo","post_title":"The Siege of Sarajevo","href":"https:\/\/galerija110795.ba\/exhibitions\/past-exhibitions\/the-siege-of-sarajevo\/"}},"_links":{"self":[{"href":"https:\/\/galerija110795.ba\/bs\/wp-json\/wp\/v2\/pages\/712","targetHints":{"allow":["GET"]}}],"collection":[{"href":"https:\/\/galerija110795.ba\/bs\/wp-json\/wp\/v2\/pages"}],"about":[{"href":"https:\/\/galerija110795.ba\/bs\/wp-json\/wp\/v2\/types\/page"}],"author":[{"embeddable":true,"href":"https:\/\/galerija110795.ba\/bs\/wp-json\/wp\/v2\/users\/1"}],"replies":[{"embeddable":true,"href":"https:\/\/galerija110795.ba\/bs\/wp-json\/wp\/v2\/comments?post=712"}],"version-history":[{"count":0,"href":"https:\/\/galerija110795.ba\/bs\/wp-json\/wp\/v2\/pages\/712\/revisions"}],"up":[{"embeddable":true,"href":"https:\/\/galerija110795.ba\/bs\/wp-json\/wp\/v2\/pages\/705"}],"wp:featuredmedia":[{"embeddable":true,"href":"https:\/\/galerija110795.ba\/bs\/wp-json\/wp\/v2\/media\/627"}],"wp:attachment":[{"href":"https:\/\/galerija110795.ba\/bs\/wp-json\/wp\/v2\/media?parent=712"}],"curies":[{"name":"wp","href":"https:\/\/api.w.org\/{rel}","templated":true}]}}