{"id":71,"date":"2012-10-22T09:30:43","date_gmt":"2012-10-22T09:30:43","guid":{"rendered":"https:\/\/galerija110795.ba\/site\/?page_id=71"},"modified":"2026-01-31T16:17:15","modified_gmt":"2026-01-31T15:17:15","slug":"srebrenica","status":"publish","type":"page","link":"https:\/\/galerija110795.ba\/bs\/srebrenica\/","title":{"rendered":"Srebrenica"},"content":{"rendered":"<h2 style=\"text-align: justify;\">Hronika nezavr\u0161ene historije<\/h2>\n<p>U jeku krvavog rata u Bosni i Hercegovini, 1993. godine Vije\u0107e sigurnosti Ujedinjenih nacija donijelo je odluku (Rezoluciju 819 i 894) kojom je Srebrenica, gradi\u0107 u isto\u010dnom dijelu BiH, stavljena pod za\u0161titu me\u0111unarodnih mirovnih snaga. Rezolucija kojom je zaustavljeno dalje zauzimanje\u00a0ovog grada od strane Vojske Republike Srpske (VRS), ali i kojom je ovo podru\u010dje demilitarizirano, zna\u010dila je trenutni spas za oko 50.000 muslimanskih izbjeglica isto\u010dne Bosne koji su, protjerani iz drugih okupiranih gradova, sela i mjesta ovog podru\u010dja, na\u0161li spas u Srebrenici. Iako formalno pod za\u0161titom UN-a, Srebrenica je za VRS i dalje bila legitiman vojni cilj, tako da povremena granatiranja ovog grada, te zabrane ulaska konvoja humanitarne pomo\u0107i nisu prestajali ni tokom dvogodi\u0161njeg relativnog mira i me\u0111unarodne za\u0161tite.<\/p>\n<p><img decoding=\"async\" class=\"img-responsive alignnone\" src=\"https:\/\/galerija110795.ba\/app\/uploads\/2012\/10\/panorama_srebrenica.jpg\" alt=\"Panorama\"\/><\/p>\n<p>Dvije godine nakon potpisivanja Rezolucije UN-a, 6. jula 1995. po\u010dinje sveobuhvatni napad na Srebrenicu \u2013 za\u0161ti\u0107enu enklavu. \u00a0Dana 11. jula 1995., snage VRS, na \u010delu sa generalom Ratkom Mladi\u0107em, ulaze u grad, pri \u010demu Mladi\u0107 trijumfalno izjavljuje kako je kona\u010dno do\u0161ao trenutak \u201eza osvetu Turcima\u201c \u2013 precizno imenuju\u0107i ovim rije\u010dima ideolo\u0161ki narativ koji stoji iza zlo\u010dina. Doga\u0111aje koji su uslijedili u nekoliko narednih dana Me\u0111unarodni sud pravde u Den Haagu ozna\u010dio je kao zlo\u010din genocida. Vojna akcija, \u0161ifriranog naziva &#8220;Krivaja 95&#8221;, rezultirala je monstruoznim ubistvima vi\u0161e od\u00a08.000 Bosanskih Muslimana &#8211; uglavnom mu\u0161karaca, ali i \u017eena i djece. Do sada je potvr\u0111en broj od 8.372 osobe.<\/p>\n<p>Ubistva su izvr\u0161ena sistematski, s lako\u0107om i brzo, bez mogu\u0107nosti otpora demilitarziranih snaga Bosanskih Muslimana, ali i bez reakcije me\u0111unarodne zajednice, prije svega holandskog bataljona koji se nalazio u enklavi. Iako je sve vrijeme znala za de\u0161avanja u Srebrenici, me\u0111unarodna zajednica nije reagirala, niti je NATO poslao obe\u0107anu \u201epomo\u0107 iz vazduha\u201c. Kasnija istra\u017eivanja i rezultati DNK analiza otkrili su da su, u ljeto i jesen 1995., tijela ekshumirana iz primarnih masovnih grobnica i premje\u0161tena na neka druga, skrivena mjesta. Ostaci tijela srebreni\u010dkih \u017ertava prona\u0111ena su u primarnim, sekundarnim, pa \u010dak i tercijarnim masovnim grobnicama. Proces ekshumacije i identifikacije \u017ertava odvija se i danas. Proces otkrivanja istine, priznanja krivice i pomirenja \u010dini se da jo\u0161 nije po\u010deo, \u010dak ni trideset godina nakon rata.<\/p>\n","protected":false},"excerpt":{"rendered":"<p>Hronika nezavr\u0161ene historije U jeku krvavog rata u Bosni i Hercegovini, 1993. godine Vije\u0107e sigurnosti Ujedinjenih nacija donijelo je odluku (Rezoluciju 819 i 894) kojom je Srebrenica, gradi\u0107 u isto\u010dnom dijelu BiH, stavljena pod za\u0161titu me\u0111unarodnih mirovnih snaga. Rezolucija kojom je zaustavljeno dalje zauzimanje\u00a0ovog grada od strane Vojske Republike Srpske (VRS), ali i kojom je &hellip; <a href=\"https:\/\/galerija110795.ba\/bs\/srebrenica\/\">Continued<\/a><\/p>\n","protected":false},"author":1,"featured_media":0,"parent":0,"menu_order":2,"comment_status":"closed","ping_status":"open","template":"","meta":{"_acf_changed":false,"footnotes":""},"class_list":["post-71","page","type-page","status-publish","hentry"],"acf":[],"yoast_head":"<!-- This site is optimized with the Yoast SEO plugin v26.8 - https:\/\/yoast.com\/product\/yoast-seo-wordpress\/ -->\n<title>Srebrenica - Galerija 11\/07\/95<\/title>\n<meta name=\"robots\" content=\"index, follow, max-snippet:-1, max-image-preview:large, max-video-preview:-1\" \/>\n<link rel=\"canonical\" href=\"https:\/\/galerija110795.ba\/bs\/srebrenica\/\" \/>\n<meta property=\"og:locale\" content=\"bs_BA\" \/>\n<meta property=\"og:type\" content=\"article\" \/>\n<meta property=\"og:title\" content=\"Srebrenica - Galerija 11\/07\/95\" \/>\n<meta property=\"og:description\" content=\"Hronika nezavr\u0161ene historije U jeku krvavog rata u Bosni i Hercegovini, 1993. godine Vije\u0107e sigurnosti Ujedinjenih nacija donijelo je odluku (Rezoluciju 819 i 894) kojom je Srebrenica, gradi\u0107 u isto\u010dnom dijelu BiH, stavljena pod za\u0161titu me\u0111unarodnih mirovnih snaga. Rezolucija kojom je zaustavljeno dalje zauzimanje\u00a0ovog grada od strane Vojske Republike Srpske (VRS), ali i kojom je &hellip; Continued\" \/>\n<meta property=\"og:url\" content=\"https:\/\/galerija110795.ba\/bs\/srebrenica\/\" \/>\n<meta property=\"og:site_name\" content=\"Galerija 11\/07\/95\" \/>\n<meta property=\"article:modified_time\" content=\"2026-01-31T15:17:15+00:00\" \/>\n<meta property=\"og:image\" content=\"https:\/\/galerija110795.ba\/app\/uploads\/2012\/10\/panorama_srebrenica.jpg\" \/>\n<meta name=\"twitter:card\" content=\"summary_large_image\" \/>\n<meta name=\"twitter:label1\" content=\"Est. reading time\" \/>\n\t<meta name=\"twitter:data1\" content=\"2 minute\" \/>\n<script type=\"application\/ld+json\" class=\"yoast-schema-graph\">{\"@context\":\"https:\/\/schema.org\",\"@graph\":[{\"@type\":\"WebPage\",\"@id\":\"https:\/\/galerija110795.ba\/bs\/srebrenica\/\",\"url\":\"https:\/\/galerija110795.ba\/bs\/srebrenica\/\",\"name\":\"Srebrenica - Galerija 11\/07\/95\",\"isPartOf\":{\"@id\":\"https:\/\/galerija110795.ba\/#website\"},\"primaryImageOfPage\":{\"@id\":\"https:\/\/galerija110795.ba\/bs\/srebrenica\/#primaryimage\"},\"image\":{\"@id\":\"https:\/\/galerija110795.ba\/bs\/srebrenica\/#primaryimage\"},\"thumbnailUrl\":\"https:\/\/galerija110795.ba\/app\/uploads\/2012\/10\/panorama_srebrenica.jpg\",\"datePublished\":\"2012-10-22T09:30:43+00:00\",\"dateModified\":\"2026-01-31T15:17:15+00:00\",\"breadcrumb\":{\"@id\":\"https:\/\/galerija110795.ba\/bs\/srebrenica\/#breadcrumb\"},\"inLanguage\":\"bs-BA\",\"potentialAction\":[{\"@type\":\"ReadAction\",\"target\":[\"https:\/\/galerija110795.ba\/bs\/srebrenica\/\"]}]},{\"@type\":\"ImageObject\",\"inLanguage\":\"bs-BA\",\"@id\":\"https:\/\/galerija110795.ba\/bs\/srebrenica\/#primaryimage\",\"url\":\"https:\/\/galerija110795.ba\/app\/uploads\/2012\/10\/panorama_srebrenica.jpg\",\"contentUrl\":\"https:\/\/galerija110795.ba\/app\/uploads\/2012\/10\/panorama_srebrenica.jpg\"},{\"@type\":\"BreadcrumbList\",\"@id\":\"https:\/\/galerija110795.ba\/bs\/srebrenica\/#breadcrumb\",\"itemListElement\":[{\"@type\":\"ListItem\",\"position\":1,\"name\":\"Home\",\"item\":\"https:\/\/galerija110795.ba\/\"},{\"@type\":\"ListItem\",\"position\":2,\"name\":\"Srebrenica\"}]},{\"@type\":\"WebSite\",\"@id\":\"https:\/\/galerija110795.ba\/#website\",\"url\":\"https:\/\/galerija110795.ba\/\",\"name\":\"Galerija 11\/07\/95\",\"description\":\"Prva memorijalna galerija u Bosni i Hercegovini, izlo\u017ebeni prostor kojem je cilj o\u010duvati sje\u0107anja na  tragediju Srebrenice i 8372 osobe tragi\u010dno stradale u srebreni\u010dkom genocidu.\",\"publisher\":{\"@id\":\"https:\/\/galerija110795.ba\/#organization\"},\"potentialAction\":[{\"@type\":\"SearchAction\",\"target\":{\"@type\":\"EntryPoint\",\"urlTemplate\":\"https:\/\/galerija110795.ba\/?s={search_term_string}\"},\"query-input\":{\"@type\":\"PropertyValueSpecification\",\"valueRequired\":true,\"valueName\":\"search_term_string\"}}],\"inLanguage\":\"bs-BA\"},{\"@type\":\"Organization\",\"@id\":\"https:\/\/galerija110795.ba\/#organization\",\"name\":\"Galerija 11\/07\/95\",\"url\":\"https:\/\/galerija110795.ba\/\",\"logo\":{\"@type\":\"ImageObject\",\"inLanguage\":\"bs-BA\",\"@id\":\"https:\/\/galerija110795.ba\/#\/schema\/logo\/image\/\",\"url\":\"https:\/\/galerija110795.ba\/app\/uploads\/2013\/09\/galerija_110795_logo.png\",\"contentUrl\":\"https:\/\/galerija110795.ba\/app\/uploads\/2013\/09\/galerija_110795_logo.png\",\"width\":1254,\"height\":408,\"caption\":\"Galerija 11\/07\/95\"},\"image\":{\"@id\":\"https:\/\/galerija110795.ba\/#\/schema\/logo\/image\/\"}}]}<\/script>\n<!-- \/ Yoast SEO plugin. -->","yoast_head_json":{"title":"Srebrenica - Galerija 11\/07\/95","robots":{"index":"index","follow":"follow","max-snippet":"max-snippet:-1","max-image-preview":"max-image-preview:large","max-video-preview":"max-video-preview:-1"},"canonical":"https:\/\/galerija110795.ba\/bs\/srebrenica\/","og_locale":"bs_BA","og_type":"article","og_title":"Srebrenica - Galerija 11\/07\/95","og_description":"Hronika nezavr\u0161ene historije U jeku krvavog rata u Bosni i Hercegovini, 1993. godine Vije\u0107e sigurnosti Ujedinjenih nacija donijelo je odluku (Rezoluciju 819 i 894) kojom je Srebrenica, gradi\u0107 u isto\u010dnom dijelu BiH, stavljena pod za\u0161titu me\u0111unarodnih mirovnih snaga. Rezolucija kojom je zaustavljeno dalje zauzimanje\u00a0ovog grada od strane Vojske Republike Srpske (VRS), ali i kojom je &hellip; Continued","og_url":"https:\/\/galerija110795.ba\/bs\/srebrenica\/","og_site_name":"Galerija 11\/07\/95","article_modified_time":"2026-01-31T15:17:15+00:00","og_image":[{"url":"https:\/\/galerija110795.ba\/app\/uploads\/2012\/10\/panorama_srebrenica.jpg","type":"","width":"","height":""}],"twitter_card":"summary_large_image","twitter_misc":{"Est. reading time":"2 minute"},"schema":{"@context":"https:\/\/schema.org","@graph":[{"@type":"WebPage","@id":"https:\/\/galerija110795.ba\/bs\/srebrenica\/","url":"https:\/\/galerija110795.ba\/bs\/srebrenica\/","name":"Srebrenica - Galerija 11\/07\/95","isPartOf":{"@id":"https:\/\/galerija110795.ba\/#website"},"primaryImageOfPage":{"@id":"https:\/\/galerija110795.ba\/bs\/srebrenica\/#primaryimage"},"image":{"@id":"https:\/\/galerija110795.ba\/bs\/srebrenica\/#primaryimage"},"thumbnailUrl":"https:\/\/galerija110795.ba\/app\/uploads\/2012\/10\/panorama_srebrenica.jpg","datePublished":"2012-10-22T09:30:43+00:00","dateModified":"2026-01-31T15:17:15+00:00","breadcrumb":{"@id":"https:\/\/galerija110795.ba\/bs\/srebrenica\/#breadcrumb"},"inLanguage":"bs-BA","potentialAction":[{"@type":"ReadAction","target":["https:\/\/galerija110795.ba\/bs\/srebrenica\/"]}]},{"@type":"ImageObject","inLanguage":"bs-BA","@id":"https:\/\/galerija110795.ba\/bs\/srebrenica\/#primaryimage","url":"https:\/\/galerija110795.ba\/app\/uploads\/2012\/10\/panorama_srebrenica.jpg","contentUrl":"https:\/\/galerija110795.ba\/app\/uploads\/2012\/10\/panorama_srebrenica.jpg"},{"@type":"BreadcrumbList","@id":"https:\/\/galerija110795.ba\/bs\/srebrenica\/#breadcrumb","itemListElement":[{"@type":"ListItem","position":1,"name":"Home","item":"https:\/\/galerija110795.ba\/"},{"@type":"ListItem","position":2,"name":"Srebrenica"}]},{"@type":"WebSite","@id":"https:\/\/galerija110795.ba\/#website","url":"https:\/\/galerija110795.ba\/","name":"Galerija 11\/07\/95","description":"Prva memorijalna galerija u Bosni i Hercegovini, izlo\u017ebeni prostor kojem je cilj o\u010duvati sje\u0107anja na  tragediju Srebrenice i 8372 osobe tragi\u010dno stradale u srebreni\u010dkom genocidu.","publisher":{"@id":"https:\/\/galerija110795.ba\/#organization"},"potentialAction":[{"@type":"SearchAction","target":{"@type":"EntryPoint","urlTemplate":"https:\/\/galerija110795.ba\/?s={search_term_string}"},"query-input":{"@type":"PropertyValueSpecification","valueRequired":true,"valueName":"search_term_string"}}],"inLanguage":"bs-BA"},{"@type":"Organization","@id":"https:\/\/galerija110795.ba\/#organization","name":"Galerija 11\/07\/95","url":"https:\/\/galerija110795.ba\/","logo":{"@type":"ImageObject","inLanguage":"bs-BA","@id":"https:\/\/galerija110795.ba\/#\/schema\/logo\/image\/","url":"https:\/\/galerija110795.ba\/app\/uploads\/2013\/09\/galerija_110795_logo.png","contentUrl":"https:\/\/galerija110795.ba\/app\/uploads\/2013\/09\/galerija_110795_logo.png","width":1254,"height":408,"caption":"Galerija 11\/07\/95"},"image":{"@id":"https:\/\/galerija110795.ba\/#\/schema\/logo\/image\/"}}]}},"wpml_current_locale":"bs_BA","wpml_translations":{"bs_BA":{"locale":"bs_BA","id":71,"slug":"srebrenica","post_title":"Srebrenica","href":"https:\/\/galerija110795.ba\/bs\/srebrenica\/"},"en_US":{"locale":"en_US","id":298,"slug":"srebrenica","post_title":"Srebrenica","href":"https:\/\/galerija110795.ba\/srebrenica\/"},"fr_FR":{"locale":"fr_FR","id":362,"slug":"srebrenica","post_title":"Srebrenica","href":"https:\/\/galerija110795.ba\/fr\/srebrenica\/"},"de_DE":{"locale":"de_DE","id":510,"slug":"srebrenica","post_title":"Srebrenica","href":"https:\/\/galerija110795.ba\/de\/srebrenica\/"},"it_IT":{"locale":"it_IT","id":511,"slug":"srebrenica","post_title":"Srebrenica","href":"https:\/\/galerija110795.ba\/it\/srebrenica\/"},"tr":{"locale":"tr","id":512,"slug":"srebrenica","post_title":"Srebrenica","href":"https:\/\/galerija110795.ba\/tr\/srebrenica\/"}},"_links":{"self":[{"href":"https:\/\/galerija110795.ba\/bs\/wp-json\/wp\/v2\/pages\/71","targetHints":{"allow":["GET"]}}],"collection":[{"href":"https:\/\/galerija110795.ba\/bs\/wp-json\/wp\/v2\/pages"}],"about":[{"href":"https:\/\/galerija110795.ba\/bs\/wp-json\/wp\/v2\/types\/page"}],"author":[{"embeddable":true,"href":"https:\/\/galerija110795.ba\/bs\/wp-json\/wp\/v2\/users\/1"}],"replies":[{"embeddable":true,"href":"https:\/\/galerija110795.ba\/bs\/wp-json\/wp\/v2\/comments?post=71"}],"version-history":[{"count":2,"href":"https:\/\/galerija110795.ba\/bs\/wp-json\/wp\/v2\/pages\/71\/revisions"}],"predecessor-version":[{"id":5183,"href":"https:\/\/galerija110795.ba\/bs\/wp-json\/wp\/v2\/pages\/71\/revisions\/5183"}],"wp:attachment":[{"href":"https:\/\/galerija110795.ba\/bs\/wp-json\/wp\/v2\/media?parent=71"}],"curies":[{"name":"wp","href":"https:\/\/api.w.org\/{rel}","templated":true}]}}