{"id":293,"date":"2013-02-17T19:54:34","date_gmt":"2013-02-17T19:54:34","guid":{"rendered":"https:\/\/galerija110795.ba\/?page_id=293"},"modified":"2025-11-12T10:19:52","modified_gmt":"2025-11-12T09:19:52","slug":"info-za-posjetitelje","status":"publish","type":"page","link":"https:\/\/galerija110795.ba\/bs\/o-galeriji-110795\/info-za-posjetitelje\/","title":{"rendered":"Info za posjetitelje"},"content":{"rendered":"<p style=\"padding-left: 30px; text-align: left;\"><strong>Radno vrijeme:<\/strong><\/p>\n<p>Svaki dan: 10:00h &#8211; 18:00h<\/p>\n<p>Za organizirane grupne posjete omogu\u0107en je popust \u2013 uz prethodnu najavu.<\/p>\n<p>Jezici na audio vodi\u010dima koji su \u00a0dostupni za posjetitelje Galerije 11\/07\/95 su sljede\u0107i: B\/H\/S jezici, engleski, njema\u010dki, francuski, italijanski, \u0161panski, turski, poljski, portugalski, arapski, kineski i japanski.<\/p>\n<p><strong data-start=\"231\" data-end=\"248\">Audio vodi\u010di:<\/strong><br data-start=\"248\" data-end=\"251\" \/>Audio vodi\u010di su dostupni na sljede\u0107im jezicima: B\/H\/S jezici, engleski, njema\u010dki, francuski, italijanski, \u0161panski, turski, poljski, portugalski, arapski, kineski i japanski.<\/p>\n<p>&nbsp;<\/p>\n<p style=\"text-align: left;\"><strong>Pravila pona\u0161anja:<\/strong><\/p>\n<p>Galerija 11\/07\/95 moli posjetitelje da se pona\u0161aju dostojanstveno i da po\u0161tuju temu izlo\u017ebene postavke.<\/p>\n<ul>\n<li>Molimo vas da ne dodirujete\u00a0eksponate. Molimo vas da ne unosite hranu, pi\u0107e ili \u017evaka\u0107e gume u Galeriju.<\/li>\n<li>Dozvoljeno je sjediti na klupama ili na podu. Nije dozvoljeno naslanjanje na zidove.<\/li>\n<li>Molimo vas da se dr\u017eite na sigurnom odstojanju od fotografija.<\/li>\n<li>Molimo vas da kora\u010date\u00a0kroz galeriju, tr\u010danje ili guranje mogu izazvati nezgode i uznemiriti ostale posjetioce.<\/li>\n<li>Molimo vas da govorite tiho.<\/li>\n<li>Molimo vas da odobrene torbe u galeriji nosite u ruci, a nipo\u0161to na le\u0111ima.<\/li>\n<li>Zabranjeno je uvo\u0111enje ku\u0107nih ljubimaca.<\/li>\n<li>Zabranjeno je fotografiranje.<\/li>\n<\/ul>\n<h3><strong>Lokacija<\/strong><\/h3>\n<p><img decoding=\"async\" class=\"img-responsive aligncenter\" title=\"Galerija 11\/07\/95 mapa\" src=\"https:\/\/galerija110795.ba\/app\/uploads\/2012\/10\/galerija_mapa_lt.png\" alt=\"\"\/><\/p>\n<h3>Kontakt<\/h3>\n<p>Adresa: Trg fra Grge Marti\u0107a 2\/III, 71 000 Sarajevo, Bosna i Hercegovina<br \/>\nE-mail: <a href=\"mailto:info@galerija110795.ba\">info@galerija110795.ba<\/a><br \/>\nTelefon: +387 33 953 170; Fax: +387 33 953 173<br \/>\n<a title=\"Facebook\" href=\"http:\/\/www.facebook.com\/Galerija110795\">Facebook<\/a> | <a title=\"Twitter\" href=\"http:\/\/twitter.com\/Galerija110795\">Twitter<\/a><\/p>\n","protected":false},"excerpt":{"rendered":"<p>Radno vrijeme: Svaki dan: 10:00h &#8211; 18:00h Za organizirane grupne posjete omogu\u0107en je popust \u2013 uz prethodnu najavu. Jezici na audio vodi\u010dima koji su \u00a0dostupni za posjetitelje Galerije 11\/07\/95 su sljede\u0107i: B\/H\/S jezici, engleski, njema\u010dki, francuski, italijanski, \u0161panski, turski, poljski, portugalski, arapski, kineski i japanski. Audio vodi\u010di:Audio vodi\u010di su dostupni na sljede\u0107im jezicima: B\/H\/S jezici, &hellip; <a href=\"https:\/\/galerija110795.ba\/bs\/o-galeriji-110795\/info-za-posjetitelje\/\">Continued<\/a><\/p>\n","protected":false},"author":1,"featured_media":0,"parent":134,"menu_order":1,"comment_status":"closed","ping_status":"open","template":"","meta":{"_acf_changed":false,"footnotes":""},"class_list":["post-293","page","type-page","status-publish","hentry"],"acf":[],"yoast_head":"<!-- This site is optimized with the Yoast SEO plugin v26.8 - https:\/\/yoast.com\/product\/yoast-seo-wordpress\/ -->\n<title>Info za posjetitelje - Galerija 11\/07\/95<\/title>\n<meta name=\"robots\" content=\"index, follow, max-snippet:-1, max-image-preview:large, max-video-preview:-1\" \/>\n<link rel=\"canonical\" href=\"https:\/\/galerija110795.ba\/bs\/o-galeriji-110795\/info-za-posjetitelje\/\" \/>\n<meta property=\"og:locale\" content=\"bs_BA\" \/>\n<meta property=\"og:type\" content=\"article\" \/>\n<meta property=\"og:title\" content=\"Info za posjetitelje - Galerija 11\/07\/95\" \/>\n<meta property=\"og:description\" content=\"Radno vrijeme: Svaki dan: 10:00h &#8211; 18:00h Za organizirane grupne posjete omogu\u0107en je popust \u2013 uz prethodnu najavu. Jezici na audio vodi\u010dima koji su \u00a0dostupni za posjetitelje Galerije 11\/07\/95 su sljede\u0107i: B\/H\/S jezici, engleski, njema\u010dki, francuski, italijanski, \u0161panski, turski, poljski, portugalski, arapski, kineski i japanski. Audio vodi\u010di:Audio vodi\u010di su dostupni na sljede\u0107im jezicima: B\/H\/S jezici, &hellip; Continued\" \/>\n<meta property=\"og:url\" content=\"https:\/\/galerija110795.ba\/bs\/o-galeriji-110795\/info-za-posjetitelje\/\" \/>\n<meta property=\"og:site_name\" content=\"Galerija 11\/07\/95\" \/>\n<meta property=\"article:modified_time\" content=\"2025-11-12T09:19:52+00:00\" \/>\n<meta property=\"og:image\" content=\"https:\/\/galerija110795.ba\/app\/uploads\/2012\/10\/galerija_mapa_lt.png\" \/>\n<meta name=\"twitter:card\" content=\"summary_large_image\" \/>\n<meta name=\"twitter:label1\" content=\"Est. reading time\" \/>\n\t<meta name=\"twitter:data1\" content=\"1 minuta\" \/>\n<script type=\"application\/ld+json\" class=\"yoast-schema-graph\">{\"@context\":\"https:\/\/schema.org\",\"@graph\":[{\"@type\":\"WebPage\",\"@id\":\"https:\/\/galerija110795.ba\/bs\/o-galeriji-110795\/info-za-posjetitelje\/\",\"url\":\"https:\/\/galerija110795.ba\/bs\/o-galeriji-110795\/info-za-posjetitelje\/\",\"name\":\"Info za posjetitelje - Galerija 11\/07\/95\",\"isPartOf\":{\"@id\":\"https:\/\/galerija110795.ba\/#website\"},\"primaryImageOfPage\":{\"@id\":\"https:\/\/galerija110795.ba\/bs\/o-galeriji-110795\/info-za-posjetitelje\/#primaryimage\"},\"image\":{\"@id\":\"https:\/\/galerija110795.ba\/bs\/o-galeriji-110795\/info-za-posjetitelje\/#primaryimage\"},\"thumbnailUrl\":\"https:\/\/galerija110795.ba\/app\/uploads\/2012\/10\/galerija_mapa_lt.png\",\"datePublished\":\"2013-02-17T19:54:34+00:00\",\"dateModified\":\"2025-11-12T09:19:52+00:00\",\"breadcrumb\":{\"@id\":\"https:\/\/galerija110795.ba\/bs\/o-galeriji-110795\/info-za-posjetitelje\/#breadcrumb\"},\"inLanguage\":\"bs-BA\",\"potentialAction\":[{\"@type\":\"ReadAction\",\"target\":[\"https:\/\/galerija110795.ba\/bs\/o-galeriji-110795\/info-za-posjetitelje\/\"]}]},{\"@type\":\"ImageObject\",\"inLanguage\":\"bs-BA\",\"@id\":\"https:\/\/galerija110795.ba\/bs\/o-galeriji-110795\/info-za-posjetitelje\/#primaryimage\",\"url\":\"https:\/\/galerija110795.ba\/app\/uploads\/2012\/10\/galerija_mapa_lt.png\",\"contentUrl\":\"https:\/\/galerija110795.ba\/app\/uploads\/2012\/10\/galerija_mapa_lt.png\"},{\"@type\":\"BreadcrumbList\",\"@id\":\"https:\/\/galerija110795.ba\/bs\/o-galeriji-110795\/info-za-posjetitelje\/#breadcrumb\",\"itemListElement\":[{\"@type\":\"ListItem\",\"position\":1,\"name\":\"Home\",\"item\":\"https:\/\/galerija110795.ba\/\"},{\"@type\":\"ListItem\",\"position\":2,\"name\":\"O Galeriji 11\/07\/95\",\"item\":\"https:\/\/galerija110795.ba\/bs\/o-galeriji-110795\/\"},{\"@type\":\"ListItem\",\"position\":3,\"name\":\"Info za posjetitelje\"}]},{\"@type\":\"WebSite\",\"@id\":\"https:\/\/galerija110795.ba\/#website\",\"url\":\"https:\/\/galerija110795.ba\/\",\"name\":\"Galerija 11\/07\/95\",\"description\":\"Prva memorijalna galerija u Bosni i Hercegovini, izlo\u017ebeni prostor kojem je cilj o\u010duvati sje\u0107anja na  tragediju Srebrenice i 8372 osobe tragi\u010dno stradale u srebreni\u010dkom genocidu.\",\"publisher\":{\"@id\":\"https:\/\/galerija110795.ba\/#organization\"},\"potentialAction\":[{\"@type\":\"SearchAction\",\"target\":{\"@type\":\"EntryPoint\",\"urlTemplate\":\"https:\/\/galerija110795.ba\/?s={search_term_string}\"},\"query-input\":{\"@type\":\"PropertyValueSpecification\",\"valueRequired\":true,\"valueName\":\"search_term_string\"}}],\"inLanguage\":\"bs-BA\"},{\"@type\":\"Organization\",\"@id\":\"https:\/\/galerija110795.ba\/#organization\",\"name\":\"Galerija 11\/07\/95\",\"url\":\"https:\/\/galerija110795.ba\/\",\"logo\":{\"@type\":\"ImageObject\",\"inLanguage\":\"bs-BA\",\"@id\":\"https:\/\/galerija110795.ba\/#\/schema\/logo\/image\/\",\"url\":\"https:\/\/galerija110795.ba\/app\/uploads\/2013\/09\/galerija_110795_logo.png\",\"contentUrl\":\"https:\/\/galerija110795.ba\/app\/uploads\/2013\/09\/galerija_110795_logo.png\",\"width\":1254,\"height\":408,\"caption\":\"Galerija 11\/07\/95\"},\"image\":{\"@id\":\"https:\/\/galerija110795.ba\/#\/schema\/logo\/image\/\"}}]}<\/script>\n<!-- \/ Yoast SEO plugin. -->","yoast_head_json":{"title":"Info za posjetitelje - Galerija 11\/07\/95","robots":{"index":"index","follow":"follow","max-snippet":"max-snippet:-1","max-image-preview":"max-image-preview:large","max-video-preview":"max-video-preview:-1"},"canonical":"https:\/\/galerija110795.ba\/bs\/o-galeriji-110795\/info-za-posjetitelje\/","og_locale":"bs_BA","og_type":"article","og_title":"Info za posjetitelje - Galerija 11\/07\/95","og_description":"Radno vrijeme: Svaki dan: 10:00h &#8211; 18:00h Za organizirane grupne posjete omogu\u0107en je popust \u2013 uz prethodnu najavu. Jezici na audio vodi\u010dima koji su \u00a0dostupni za posjetitelje Galerije 11\/07\/95 su sljede\u0107i: B\/H\/S jezici, engleski, njema\u010dki, francuski, italijanski, \u0161panski, turski, poljski, portugalski, arapski, kineski i japanski. Audio vodi\u010di:Audio vodi\u010di su dostupni na sljede\u0107im jezicima: B\/H\/S jezici, &hellip; Continued","og_url":"https:\/\/galerija110795.ba\/bs\/o-galeriji-110795\/info-za-posjetitelje\/","og_site_name":"Galerija 11\/07\/95","article_modified_time":"2025-11-12T09:19:52+00:00","og_image":[{"url":"https:\/\/galerija110795.ba\/app\/uploads\/2012\/10\/galerija_mapa_lt.png","type":"","width":"","height":""}],"twitter_card":"summary_large_image","twitter_misc":{"Est. reading time":"1 minuta"},"schema":{"@context":"https:\/\/schema.org","@graph":[{"@type":"WebPage","@id":"https:\/\/galerija110795.ba\/bs\/o-galeriji-110795\/info-za-posjetitelje\/","url":"https:\/\/galerija110795.ba\/bs\/o-galeriji-110795\/info-za-posjetitelje\/","name":"Info za posjetitelje - Galerija 11\/07\/95","isPartOf":{"@id":"https:\/\/galerija110795.ba\/#website"},"primaryImageOfPage":{"@id":"https:\/\/galerija110795.ba\/bs\/o-galeriji-110795\/info-za-posjetitelje\/#primaryimage"},"image":{"@id":"https:\/\/galerija110795.ba\/bs\/o-galeriji-110795\/info-za-posjetitelje\/#primaryimage"},"thumbnailUrl":"https:\/\/galerija110795.ba\/app\/uploads\/2012\/10\/galerija_mapa_lt.png","datePublished":"2013-02-17T19:54:34+00:00","dateModified":"2025-11-12T09:19:52+00:00","breadcrumb":{"@id":"https:\/\/galerija110795.ba\/bs\/o-galeriji-110795\/info-za-posjetitelje\/#breadcrumb"},"inLanguage":"bs-BA","potentialAction":[{"@type":"ReadAction","target":["https:\/\/galerija110795.ba\/bs\/o-galeriji-110795\/info-za-posjetitelje\/"]}]},{"@type":"ImageObject","inLanguage":"bs-BA","@id":"https:\/\/galerija110795.ba\/bs\/o-galeriji-110795\/info-za-posjetitelje\/#primaryimage","url":"https:\/\/galerija110795.ba\/app\/uploads\/2012\/10\/galerija_mapa_lt.png","contentUrl":"https:\/\/galerija110795.ba\/app\/uploads\/2012\/10\/galerija_mapa_lt.png"},{"@type":"BreadcrumbList","@id":"https:\/\/galerija110795.ba\/bs\/o-galeriji-110795\/info-za-posjetitelje\/#breadcrumb","itemListElement":[{"@type":"ListItem","position":1,"name":"Home","item":"https:\/\/galerija110795.ba\/"},{"@type":"ListItem","position":2,"name":"O Galeriji 11\/07\/95","item":"https:\/\/galerija110795.ba\/bs\/o-galeriji-110795\/"},{"@type":"ListItem","position":3,"name":"Info za posjetitelje"}]},{"@type":"WebSite","@id":"https:\/\/galerija110795.ba\/#website","url":"https:\/\/galerija110795.ba\/","name":"Galerija 11\/07\/95","description":"Prva memorijalna galerija u Bosni i Hercegovini, izlo\u017ebeni prostor kojem je cilj o\u010duvati sje\u0107anja na  tragediju Srebrenice i 8372 osobe tragi\u010dno stradale u srebreni\u010dkom genocidu.","publisher":{"@id":"https:\/\/galerija110795.ba\/#organization"},"potentialAction":[{"@type":"SearchAction","target":{"@type":"EntryPoint","urlTemplate":"https:\/\/galerija110795.ba\/?s={search_term_string}"},"query-input":{"@type":"PropertyValueSpecification","valueRequired":true,"valueName":"search_term_string"}}],"inLanguage":"bs-BA"},{"@type":"Organization","@id":"https:\/\/galerija110795.ba\/#organization","name":"Galerija 11\/07\/95","url":"https:\/\/galerija110795.ba\/","logo":{"@type":"ImageObject","inLanguage":"bs-BA","@id":"https:\/\/galerija110795.ba\/#\/schema\/logo\/image\/","url":"https:\/\/galerija110795.ba\/app\/uploads\/2013\/09\/galerija_110795_logo.png","contentUrl":"https:\/\/galerija110795.ba\/app\/uploads\/2013\/09\/galerija_110795_logo.png","width":1254,"height":408,"caption":"Galerija 11\/07\/95"},"image":{"@id":"https:\/\/galerija110795.ba\/#\/schema\/logo\/image\/"}}]}},"wpml_current_locale":"bs_BA","wpml_translations":{"bs_BA":{"locale":"bs_BA","id":293,"slug":"info-za-posjetitelje","post_title":"Info za posjetitelje","href":"https:\/\/galerija110795.ba\/bs\/o-galeriji-110795\/info-za-posjetitelje\/"},"en_US":{"locale":"en_US","id":289,"slug":"information-for-visitors","post_title":"Information for visitors","href":"https:\/\/galerija110795.ba\/about-gallery-110795\/information-for-visitors\/"},"fr_FR":{"locale":"fr_FR","id":358,"slug":"informations-pour-les-visiteurs","post_title":"Informations pour les visiteurs","href":"https:\/\/galerija110795.ba\/fr\/sur-la-galerie-110795\/informations-pour-les-visiteurs\/"},"de_DE":{"locale":"de_DE","id":495,"slug":"besucherinfo","post_title":"Besucherinfo","href":"https:\/\/galerija110795.ba\/de\/uber-die-galerija-110795\/besucherinfo\/"},"it_IT":{"locale":"it_IT","id":496,"slug":"info-per-i-visitatori","post_title":"Informazioni per i visitatori","href":"https:\/\/galerija110795.ba\/it\/sulla-galleria-110795\/info-per-i-visitatori\/"},"tr":{"locale":"tr","id":497,"slug":"ziyaretciler-icin-bilgi-info","post_title":"Ziyaret\u00e7iler i\u00e7in bilgi (info)","href":"https:\/\/galerija110795.ba\/tr\/110795-galerisi-hakkinda\/ziyaretciler-icin-bilgi-info\/"}},"_links":{"self":[{"href":"https:\/\/galerija110795.ba\/bs\/wp-json\/wp\/v2\/pages\/293","targetHints":{"allow":["GET"]}}],"collection":[{"href":"https:\/\/galerija110795.ba\/bs\/wp-json\/wp\/v2\/pages"}],"about":[{"href":"https:\/\/galerija110795.ba\/bs\/wp-json\/wp\/v2\/types\/page"}],"author":[{"embeddable":true,"href":"https:\/\/galerija110795.ba\/bs\/wp-json\/wp\/v2\/users\/1"}],"replies":[{"embeddable":true,"href":"https:\/\/galerija110795.ba\/bs\/wp-json\/wp\/v2\/comments?post=293"}],"version-history":[{"count":16,"href":"https:\/\/galerija110795.ba\/bs\/wp-json\/wp\/v2\/pages\/293\/revisions"}],"predecessor-version":[{"id":5270,"href":"https:\/\/galerija110795.ba\/bs\/wp-json\/wp\/v2\/pages\/293\/revisions\/5270"}],"up":[{"embeddable":true,"href":"https:\/\/galerija110795.ba\/bs\/wp-json\/wp\/v2\/pages\/134"}],"wp:attachment":[{"href":"https:\/\/galerija110795.ba\/bs\/wp-json\/wp\/v2\/media?parent=293"}],"curies":[{"name":"wp","href":"https:\/\/api.w.org\/{rel}","templated":true}]}}