{"id":2675,"date":"2015-10-12T14:37:56","date_gmt":"2015-10-12T14:37:56","guid":{"rendered":"https:\/\/galerija110795.ba\/en\/?page_id=2675"},"modified":"2015-11-17T13:01:53","modified_gmt":"2015-11-17T13:01:53","slug":"donacije","status":"publish","type":"page","link":"https:\/\/galerija110795.ba\/bs\/donacije\/","title":{"rendered":"Donacije"},"content":{"rendered":"<p><strong>Korisnik:<\/strong><br \/>\nUdru\u017eenje gradjana Kultura sje\u0107anja (za Galeriju 11\/07\/95)<br \/>\nTrg fra Grge Marti\u0107a 2\/III<br \/>\nSarajevo<\/p>\n<p><strong>za uplate u BAM:<\/strong><br \/>\nBroj ra\u010duna: 1610000121840062<br \/>\nRaiffeisen bank d.d. Bosna i Hercegovina<br \/>\nZmaja od Bosne bb, Sarajevo BiH<\/p>\n<p><strong>za uplate u stranoj valuti:<\/strong><br \/>\nSwift code: RZBABA2S<br \/>\nIBAN code: BA391611000002423021<br \/>\nRaiffeisen bank d.d. Bosna i Hercegovina<br \/>\nZmaja od Bosne bb, Sarajevo BiH<\/p>\n","protected":false},"excerpt":{"rendered":"<p>Korisnik: Udru\u017eenje gradjana Kultura sje\u0107anja (za Galeriju 11\/07\/95) Trg fra Grge Marti\u0107a 2\/III Sarajevo za uplate u BAM: Broj ra\u010duna: 1610000121840062 Raiffeisen bank d.d. Bosna i Hercegovina Zmaja od Bosne bb, Sarajevo BiH za uplate u stranoj valuti: Swift code: RZBABA2S IBAN code: BA391611000002423021 Raiffeisen bank d.d. Bosna i Hercegovina Zmaja od Bosne bb, Sarajevo &hellip; <a href=\"https:\/\/galerija110795.ba\/bs\/donacije\/\">Continued<\/a><\/p>\n","protected":false},"author":1,"featured_media":0,"parent":0,"menu_order":0,"comment_status":"closed","ping_status":"closed","template":"","meta":{"_acf_changed":false,"footnotes":""},"class_list":["post-2675","page","type-page","status-publish","hentry"],"acf":[],"yoast_head":"<!-- This site is optimized with the Yoast SEO plugin v26.8 - https:\/\/yoast.com\/product\/yoast-seo-wordpress\/ -->\n<title>Donacije - Galerija 11\/07\/95<\/title>\n<meta name=\"robots\" content=\"index, follow, max-snippet:-1, max-image-preview:large, max-video-preview:-1\" \/>\n<link rel=\"canonical\" href=\"https:\/\/galerija110795.ba\/bs\/donacije\/\" \/>\n<meta property=\"og:locale\" content=\"bs_BA\" \/>\n<meta property=\"og:type\" content=\"article\" \/>\n<meta property=\"og:title\" content=\"Donacije - Galerija 11\/07\/95\" \/>\n<meta property=\"og:description\" content=\"Korisnik: Udru\u017eenje gradjana Kultura sje\u0107anja (za Galeriju 11\/07\/95) Trg fra Grge Marti\u0107a 2\/III Sarajevo za uplate u BAM: Broj ra\u010duna: 1610000121840062 Raiffeisen bank d.d. Bosna i Hercegovina Zmaja od Bosne bb, Sarajevo BiH za uplate u stranoj valuti: Swift code: RZBABA2S IBAN code: BA391611000002423021 Raiffeisen bank d.d. Bosna i Hercegovina Zmaja od Bosne bb, Sarajevo &hellip; Continued\" \/>\n<meta property=\"og:url\" content=\"https:\/\/galerija110795.ba\/bs\/donacije\/\" \/>\n<meta property=\"og:site_name\" content=\"Galerija 11\/07\/95\" \/>\n<meta property=\"article:modified_time\" content=\"2015-11-17T13:01:53+00:00\" \/>\n<meta name=\"twitter:card\" content=\"summary_large_image\" \/>\n<script type=\"application\/ld+json\" class=\"yoast-schema-graph\">{\"@context\":\"https:\/\/schema.org\",\"@graph\":[{\"@type\":\"WebPage\",\"@id\":\"https:\/\/galerija110795.ba\/bs\/donacije\/\",\"url\":\"https:\/\/galerija110795.ba\/bs\/donacije\/\",\"name\":\"Donacije - Galerija 11\/07\/95\",\"isPartOf\":{\"@id\":\"https:\/\/galerija110795.ba\/#website\"},\"datePublished\":\"2015-10-12T14:37:56+00:00\",\"dateModified\":\"2015-11-17T13:01:53+00:00\",\"breadcrumb\":{\"@id\":\"https:\/\/galerija110795.ba\/bs\/donacije\/#breadcrumb\"},\"inLanguage\":\"bs-BA\",\"potentialAction\":[{\"@type\":\"ReadAction\",\"target\":[\"https:\/\/galerija110795.ba\/bs\/donacije\/\"]}]},{\"@type\":\"BreadcrumbList\",\"@id\":\"https:\/\/galerija110795.ba\/bs\/donacije\/#breadcrumb\",\"itemListElement\":[{\"@type\":\"ListItem\",\"position\":1,\"name\":\"Home\",\"item\":\"https:\/\/galerija110795.ba\/\"},{\"@type\":\"ListItem\",\"position\":2,\"name\":\"Donacije\"}]},{\"@type\":\"WebSite\",\"@id\":\"https:\/\/galerija110795.ba\/#website\",\"url\":\"https:\/\/galerija110795.ba\/\",\"name\":\"Galerija 11\/07\/95\",\"description\":\"Prva memorijalna galerija u Bosni i Hercegovini, izlo\u017ebeni prostor kojem je cilj o\u010duvati sje\u0107anja na  tragediju Srebrenice i 8372 osobe tragi\u010dno stradale u srebreni\u010dkom genocidu.\",\"publisher\":{\"@id\":\"https:\/\/galerija110795.ba\/#organization\"},\"potentialAction\":[{\"@type\":\"SearchAction\",\"target\":{\"@type\":\"EntryPoint\",\"urlTemplate\":\"https:\/\/galerija110795.ba\/?s={search_term_string}\"},\"query-input\":{\"@type\":\"PropertyValueSpecification\",\"valueRequired\":true,\"valueName\":\"search_term_string\"}}],\"inLanguage\":\"bs-BA\"},{\"@type\":\"Organization\",\"@id\":\"https:\/\/galerija110795.ba\/#organization\",\"name\":\"Galerija 11\/07\/95\",\"url\":\"https:\/\/galerija110795.ba\/\",\"logo\":{\"@type\":\"ImageObject\",\"inLanguage\":\"bs-BA\",\"@id\":\"https:\/\/galerija110795.ba\/#\/schema\/logo\/image\/\",\"url\":\"https:\/\/galerija110795.ba\/app\/uploads\/2013\/09\/galerija_110795_logo.png\",\"contentUrl\":\"https:\/\/galerija110795.ba\/app\/uploads\/2013\/09\/galerija_110795_logo.png\",\"width\":1254,\"height\":408,\"caption\":\"Galerija 11\/07\/95\"},\"image\":{\"@id\":\"https:\/\/galerija110795.ba\/#\/schema\/logo\/image\/\"}}]}<\/script>\n<!-- \/ Yoast SEO plugin. -->","yoast_head_json":{"title":"Donacije - Galerija 11\/07\/95","robots":{"index":"index","follow":"follow","max-snippet":"max-snippet:-1","max-image-preview":"max-image-preview:large","max-video-preview":"max-video-preview:-1"},"canonical":"https:\/\/galerija110795.ba\/bs\/donacije\/","og_locale":"bs_BA","og_type":"article","og_title":"Donacije - Galerija 11\/07\/95","og_description":"Korisnik: Udru\u017eenje gradjana Kultura sje\u0107anja (za Galeriju 11\/07\/95) Trg fra Grge Marti\u0107a 2\/III Sarajevo za uplate u BAM: Broj ra\u010duna: 1610000121840062 Raiffeisen bank d.d. Bosna i Hercegovina Zmaja od Bosne bb, Sarajevo BiH za uplate u stranoj valuti: Swift code: RZBABA2S IBAN code: BA391611000002423021 Raiffeisen bank d.d. Bosna i Hercegovina Zmaja od Bosne bb, Sarajevo &hellip; Continued","og_url":"https:\/\/galerija110795.ba\/bs\/donacije\/","og_site_name":"Galerija 11\/07\/95","article_modified_time":"2015-11-17T13:01:53+00:00","twitter_card":"summary_large_image","schema":{"@context":"https:\/\/schema.org","@graph":[{"@type":"WebPage","@id":"https:\/\/galerija110795.ba\/bs\/donacije\/","url":"https:\/\/galerija110795.ba\/bs\/donacije\/","name":"Donacije - Galerija 11\/07\/95","isPartOf":{"@id":"https:\/\/galerija110795.ba\/#website"},"datePublished":"2015-10-12T14:37:56+00:00","dateModified":"2015-11-17T13:01:53+00:00","breadcrumb":{"@id":"https:\/\/galerija110795.ba\/bs\/donacije\/#breadcrumb"},"inLanguage":"bs-BA","potentialAction":[{"@type":"ReadAction","target":["https:\/\/galerija110795.ba\/bs\/donacije\/"]}]},{"@type":"BreadcrumbList","@id":"https:\/\/galerija110795.ba\/bs\/donacije\/#breadcrumb","itemListElement":[{"@type":"ListItem","position":1,"name":"Home","item":"https:\/\/galerija110795.ba\/"},{"@type":"ListItem","position":2,"name":"Donacije"}]},{"@type":"WebSite","@id":"https:\/\/galerija110795.ba\/#website","url":"https:\/\/galerija110795.ba\/","name":"Galerija 11\/07\/95","description":"Prva memorijalna galerija u Bosni i Hercegovini, izlo\u017ebeni prostor kojem je cilj o\u010duvati sje\u0107anja na  tragediju Srebrenice i 8372 osobe tragi\u010dno stradale u srebreni\u010dkom genocidu.","publisher":{"@id":"https:\/\/galerija110795.ba\/#organization"},"potentialAction":[{"@type":"SearchAction","target":{"@type":"EntryPoint","urlTemplate":"https:\/\/galerija110795.ba\/?s={search_term_string}"},"query-input":{"@type":"PropertyValueSpecification","valueRequired":true,"valueName":"search_term_string"}}],"inLanguage":"bs-BA"},{"@type":"Organization","@id":"https:\/\/galerija110795.ba\/#organization","name":"Galerija 11\/07\/95","url":"https:\/\/galerija110795.ba\/","logo":{"@type":"ImageObject","inLanguage":"bs-BA","@id":"https:\/\/galerija110795.ba\/#\/schema\/logo\/image\/","url":"https:\/\/galerija110795.ba\/app\/uploads\/2013\/09\/galerija_110795_logo.png","contentUrl":"https:\/\/galerija110795.ba\/app\/uploads\/2013\/09\/galerija_110795_logo.png","width":1254,"height":408,"caption":"Galerija 11\/07\/95"},"image":{"@id":"https:\/\/galerija110795.ba\/#\/schema\/logo\/image\/"}}]}},"wpml_current_locale":"bs_BA","wpml_translations":{"bs_BA":{"locale":"bs_BA","id":2675,"slug":"donacije","post_title":"Donacije","href":"https:\/\/galerija110795.ba\/bs\/donacije\/"},"en_US":{"locale":"en_US","id":2699,"slug":"donations","post_title":"Donations","href":"https:\/\/galerija110795.ba\/donations\/"}},"_links":{"self":[{"href":"https:\/\/galerija110795.ba\/bs\/wp-json\/wp\/v2\/pages\/2675","targetHints":{"allow":["GET"]}}],"collection":[{"href":"https:\/\/galerija110795.ba\/bs\/wp-json\/wp\/v2\/pages"}],"about":[{"href":"https:\/\/galerija110795.ba\/bs\/wp-json\/wp\/v2\/types\/page"}],"author":[{"embeddable":true,"href":"https:\/\/galerija110795.ba\/bs\/wp-json\/wp\/v2\/users\/1"}],"replies":[{"embeddable":true,"href":"https:\/\/galerija110795.ba\/bs\/wp-json\/wp\/v2\/comments?post=2675"}],"version-history":[{"count":0,"href":"https:\/\/galerija110795.ba\/bs\/wp-json\/wp\/v2\/pages\/2675\/revisions"}],"wp:attachment":[{"href":"https:\/\/galerija110795.ba\/bs\/wp-json\/wp\/v2\/media?parent=2675"}],"curies":[{"name":"wp","href":"https:\/\/api.w.org\/{rel}","templated":true}]}}