{"id":134,"date":"2012-10-27T12:59:46","date_gmt":"2012-10-27T12:59:46","guid":{"rendered":"https:\/\/galerija110795.ba\/site\/?page_id=134"},"modified":"2015-11-06T15:40:07","modified_gmt":"2015-11-06T15:40:07","slug":"o-galeriji-110795","status":"publish","type":"page","link":"https:\/\/galerija110795.ba\/bs\/o-galeriji-110795\/","title":{"rendered":"O Galeriji 11\/07\/95"},"content":{"rendered":"<p>Galerija 11\/07\/95 prva je memorijalna galerija-muzej\u00a0u Bosni i Hercegovini. Izlo\u017ebeni prostor kreiran je s namjerom da sa\u010duva sje\u0107anje na genocid u Srebrenici, gradi\u0107u u isto\u010dnoj Bosni, na pogubljenje 8.372 osobe koje su tragi\u010dno izgubile \u017eivote u julu 1995. godine. Stalna izlo\u017ebena postavka nudi dokumentarni prikaz onoga \u0161to je ostalo od Srebrenice nakon genocida. Kroz \u0161irok opseg multimedijalnih sadr\u017eaja \u2013 fotografija, mapa, zvu\u010dnih i vizuelnih materijala Galerija-muzej posjetiteljima kroz stalnu postavku nudi\u00a0dokumentarnu kao i umjetni\u010dku interpretaciju\u00a0doga\u0111aja koji su se odigrali tokom jula 1995. godine u Srebrenici. S\u00a0druge strane, kroz\u00a0obrazovne\u00a0programe i povremene tematske izlo\u017ebe Galerija stavlja naglasak na aktuelne doga\u0111aje u svijetu, ali i na historijsku pro\u0161lost nekada\u0161nje zajedni\u010dke dr\u017eave Jugoslavije.<\/p>\n<p>Galerija \u00a011\/07\/95 predstavlja hibridni prostor muzeja i galerije. Konceptom preplitanja muzejske i galerijske forme, kao i vremenskih odrednica pro\u0161losti i budu\u0107nosti, zatim kroz forme \u00a0umjetni\u010dkog i dokumentarnog postupka, poku\u0161ava da se suprostavi homogenim i rigidno ideolo\u0161kim interpretacijama. Posebnost Galerije 11\/07\/95 le\u017ei u tome \u0161to se ne poku\u0161ava nositi sa historijom u njenoj kona\u010dnoj\u00a0formi, ve\u0107 naprotiv intervenira unutar historijskog trenutka, koji nije samo nedavna\u00a0pro\u0161lost nego\u00a0pripada i sada\u0161njosti. Glavna svrha ovog muzeja galerije jeste da bude sna\u017ean,\u00a0\u010dujan i odlu\u010dan\u00a0glas protiv svih oblika nasilja u svijetu jer Srebrenica je simbol ne samo rata u Bosni i Hercegovini nego i univerzalni simbol patnje nedu\u017enih civila i ravnodu\u0161nosti drugih.<\/p>\n<p>Galerija koristi mje\u0161ovite medije: fotografiju, video i interaktivne dokumente i time\u00a0\u00a0pokre\u0107e recepijenta\u00a0da razmisli o politici \u00a0i kulturi sje\u0107anja i zaborava, koje obuhvataju ne samo doga\u0111aj sam ve\u0107 i na\u010din na koji se doga\u0111aj predstavlja <em>urbi et orbi<\/em>.<\/p>\n\n<div id=\"blueimp-gallery\" class=\"blueimp-gallery\" data-use-bootstrap-modal=\"false\">\n    <!-- The container for the modal slides -->\n    <div class=\"slides\"><\/div>\n    <!-- Controls for the borderless lightbox -->\n    <h3 class=\"title\"><\/h3>\n    <a class=\"prev\">\u2039<\/a>\n    <a class=\"next\">\u203a<\/a>\n    <a class=\"close\">\u00d7<\/a>\n    <a class=\"play-pause\"><\/a>\n    <!-- The modal dialog, which will be used to wrap the lightbox content -->\n    <div class=\"modal fade\">\n        <div class=\"modal-dialog\">\n            <div class=\"modal-content\">\n                <div class=\"modal-header\">\n                    <button type=\"button\" class=\"close\" aria-hidden=\"true\">&times;<\/button>\n                    <h4 class=\"modal-title\"><\/h4>\n                <\/div>\n                <div class=\"modal-body next\"><\/div>\n                <div class=\"modal-footer\">\n                    <button type=\"button\" class=\"btn btn-default pull-left prev\">\n                        <i class=\"glyphicon glyphicon-chevron-left\"><\/i>\n                        Previous\n                    <\/button>\n                    <button type=\"button\" class=\"btn btn-primary next\">\n                        Next\n                        <i class=\"glyphicon glyphicon-chevron-right\"><\/i>\n                    <\/button>\n                <\/div>\n            <\/div>\n        <\/div>\n    <\/div>\n<\/div><div id=\"links\" class=\"gallery gallery-134-1\"><div class=\"gallery-row gallery-columns-4\"><div class=\"gallery-item\"><a class=\"thumbnail img-thumbnail\" href='https:\/\/galerija110795.ba\/app\/uploads\/2012\/10\/gallery_110795_01.jpg'><img loading=\"lazy\" decoding=\"async\" width=\"600\" height=\"400\" src=\"https:\/\/galerija110795.ba\/app\/uploads\/2012\/10\/gallery_110795_01-600x400.jpg\" class=\"attachment-thumbnail size-thumbnail\" alt=\"\" srcset=\"https:\/\/galerija110795.ba\/app\/uploads\/2012\/10\/gallery_110795_01-600x400.jpg 600w, https:\/\/galerija110795.ba\/app\/uploads\/2012\/10\/gallery_110795_01-900x600.jpg 900w, https:\/\/galerija110795.ba\/app\/uploads\/2012\/10\/gallery_110795_01-1200x800.jpg 1200w\" sizes=\"auto, (max-width: 600px) 100vw, 600px\" \/><\/a><\/div><div class=\"gallery-item\"><a class=\"thumbnail img-thumbnail\" href='https:\/\/galerija110795.ba\/app\/uploads\/2012\/10\/gallery_110795_02.jpg'><img loading=\"lazy\" decoding=\"async\" width=\"600\" height=\"400\" src=\"https:\/\/galerija110795.ba\/app\/uploads\/2012\/10\/gallery_110795_02-600x400.jpg\" class=\"attachment-thumbnail size-thumbnail\" alt=\"\" srcset=\"https:\/\/galerija110795.ba\/app\/uploads\/2012\/10\/gallery_110795_02-600x400.jpg 600w, https:\/\/galerija110795.ba\/app\/uploads\/2012\/10\/gallery_110795_02-900x600.jpg 900w, https:\/\/galerija110795.ba\/app\/uploads\/2012\/10\/gallery_110795_02-1200x800.jpg 1200w\" sizes=\"auto, (max-width: 600px) 100vw, 600px\" \/><\/a><\/div><div class=\"gallery-item\"><a class=\"thumbnail img-thumbnail\" href='https:\/\/galerija110795.ba\/app\/uploads\/2012\/10\/gallery_110795_03.jpg'><img loading=\"lazy\" decoding=\"async\" width=\"600\" height=\"400\" src=\"https:\/\/galerija110795.ba\/app\/uploads\/2012\/10\/gallery_110795_03-600x400.jpg\" class=\"attachment-thumbnail size-thumbnail\" alt=\"\" srcset=\"https:\/\/galerija110795.ba\/app\/uploads\/2012\/10\/gallery_110795_03-600x400.jpg 600w, https:\/\/galerija110795.ba\/app\/uploads\/2012\/10\/gallery_110795_03-900x600.jpg 900w, https:\/\/galerija110795.ba\/app\/uploads\/2012\/10\/gallery_110795_03-1200x800.jpg 1200w\" sizes=\"auto, (max-width: 600px) 100vw, 600px\" \/><\/a><\/div><div class=\"gallery-item\"><a class=\"thumbnail img-thumbnail\" href='https:\/\/galerija110795.ba\/app\/uploads\/2012\/10\/gallery_110795_04.jpg'><img loading=\"lazy\" decoding=\"async\" width=\"600\" height=\"400\" src=\"https:\/\/galerija110795.ba\/app\/uploads\/2012\/10\/gallery_110795_04-600x400.jpg\" class=\"attachment-thumbnail size-thumbnail\" alt=\"\" srcset=\"https:\/\/galerija110795.ba\/app\/uploads\/2012\/10\/gallery_110795_04-600x400.jpg 600w, https:\/\/galerija110795.ba\/app\/uploads\/2012\/10\/gallery_110795_04-900x600.jpg 900w, https:\/\/galerija110795.ba\/app\/uploads\/2012\/10\/gallery_110795_04-1200x800.jpg 1200w\" sizes=\"auto, (max-width: 600px) 100vw, 600px\" \/><\/a><\/div><\/div><div class=\"gallery-row gallery-columns-4\"><div class=\"gallery-item\"><a class=\"thumbnail img-thumbnail\" href='https:\/\/galerija110795.ba\/app\/uploads\/2012\/10\/gallery_110795_05.jpg'><img loading=\"lazy\" decoding=\"async\" width=\"600\" height=\"400\" src=\"https:\/\/galerija110795.ba\/app\/uploads\/2012\/10\/gallery_110795_05-600x400.jpg\" class=\"attachment-thumbnail size-thumbnail\" alt=\"\" srcset=\"https:\/\/galerija110795.ba\/app\/uploads\/2012\/10\/gallery_110795_05-600x400.jpg 600w, https:\/\/galerija110795.ba\/app\/uploads\/2012\/10\/gallery_110795_05-900x600.jpg 900w, https:\/\/galerija110795.ba\/app\/uploads\/2012\/10\/gallery_110795_05-1200x800.jpg 1200w\" sizes=\"auto, (max-width: 600px) 100vw, 600px\" \/><\/a><\/div><div class=\"gallery-item\"><a class=\"thumbnail img-thumbnail\" href='https:\/\/galerija110795.ba\/app\/uploads\/2012\/10\/gallery_110795_06.jpg'><img loading=\"lazy\" decoding=\"async\" width=\"600\" height=\"400\" src=\"https:\/\/galerija110795.ba\/app\/uploads\/2012\/10\/gallery_110795_06-600x400.jpg\" class=\"attachment-thumbnail size-thumbnail\" alt=\"\" srcset=\"https:\/\/galerija110795.ba\/app\/uploads\/2012\/10\/gallery_110795_06-600x400.jpg 600w, https:\/\/galerija110795.ba\/app\/uploads\/2012\/10\/gallery_110795_06-900x600.jpg 900w, https:\/\/galerija110795.ba\/app\/uploads\/2012\/10\/gallery_110795_06-1200x800.jpg 1200w\" sizes=\"auto, (max-width: 600px) 100vw, 600px\" \/><\/a><\/div><div class=\"gallery-item\"><a class=\"thumbnail img-thumbnail\" href='https:\/\/galerija110795.ba\/app\/uploads\/2012\/10\/gallery_110795_07.jpg'><img loading=\"lazy\" decoding=\"async\" width=\"600\" height=\"400\" src=\"https:\/\/galerija110795.ba\/app\/uploads\/2012\/10\/gallery_110795_07-600x400.jpg\" class=\"attachment-thumbnail size-thumbnail\" alt=\"\" srcset=\"https:\/\/galerija110795.ba\/app\/uploads\/2012\/10\/gallery_110795_07-600x400.jpg 600w, https:\/\/galerija110795.ba\/app\/uploads\/2012\/10\/gallery_110795_07-900x600.jpg 900w, https:\/\/galerija110795.ba\/app\/uploads\/2012\/10\/gallery_110795_07-1200x800.jpg 1200w\" sizes=\"auto, (max-width: 600px) 100vw, 600px\" \/><\/a><\/div><div class=\"gallery-item\"><a class=\"thumbnail img-thumbnail\" href='https:\/\/galerija110795.ba\/app\/uploads\/2012\/10\/gallery_110795_08.jpg'><img loading=\"lazy\" decoding=\"async\" width=\"600\" height=\"400\" src=\"https:\/\/galerija110795.ba\/app\/uploads\/2012\/10\/gallery_110795_08-600x400.jpg\" class=\"attachment-thumbnail size-thumbnail\" alt=\"\" srcset=\"https:\/\/galerija110795.ba\/app\/uploads\/2012\/10\/gallery_110795_08-600x400.jpg 600w, https:\/\/galerija110795.ba\/app\/uploads\/2012\/10\/gallery_110795_08-900x600.jpg 900w, https:\/\/galerija110795.ba\/app\/uploads\/2012\/10\/gallery_110795_08-1200x800.jpg 1200w\" sizes=\"auto, (max-width: 600px) 100vw, 600px\" \/><\/a><\/div><\/div><div class=\"gallery-row gallery-columns-4\"><div class=\"gallery-item\"><a class=\"thumbnail img-thumbnail\" href='https:\/\/galerija110795.ba\/app\/uploads\/2012\/10\/gallery_110795_09.jpg'><img loading=\"lazy\" decoding=\"async\" width=\"600\" height=\"400\" src=\"https:\/\/galerija110795.ba\/app\/uploads\/2012\/10\/gallery_110795_09-600x400.jpg\" class=\"attachment-thumbnail size-thumbnail\" alt=\"\" srcset=\"https:\/\/galerija110795.ba\/app\/uploads\/2012\/10\/gallery_110795_09-600x400.jpg 600w, https:\/\/galerija110795.ba\/app\/uploads\/2012\/10\/gallery_110795_09-900x600.jpg 900w, https:\/\/galerija110795.ba\/app\/uploads\/2012\/10\/gallery_110795_09-1200x800.jpg 1200w\" sizes=\"auto, (max-width: 600px) 100vw, 600px\" \/><\/a><\/div><div class=\"gallery-item\"><a class=\"thumbnail img-thumbnail\" href='https:\/\/galerija110795.ba\/app\/uploads\/2012\/10\/gallery_110795_10.jpg'><img loading=\"lazy\" decoding=\"async\" width=\"600\" height=\"400\" src=\"https:\/\/galerija110795.ba\/app\/uploads\/2012\/10\/gallery_110795_10-600x400.jpg\" class=\"attachment-thumbnail size-thumbnail\" alt=\"\" srcset=\"https:\/\/galerija110795.ba\/app\/uploads\/2012\/10\/gallery_110795_10-600x400.jpg 600w, https:\/\/galerija110795.ba\/app\/uploads\/2012\/10\/gallery_110795_10-900x600.jpg 900w, https:\/\/galerija110795.ba\/app\/uploads\/2012\/10\/gallery_110795_10-1200x800.jpg 1200w\" sizes=\"auto, (max-width: 600px) 100vw, 600px\" \/><\/a><\/div><div class=\"gallery-item\"><a class=\"thumbnail img-thumbnail\" href='https:\/\/galerija110795.ba\/app\/uploads\/2012\/10\/gallery_110795_11.jpg'><img loading=\"lazy\" decoding=\"async\" width=\"600\" height=\"400\" src=\"https:\/\/galerija110795.ba\/app\/uploads\/2012\/10\/gallery_110795_11-600x400.jpg\" class=\"attachment-thumbnail size-thumbnail\" alt=\"\" srcset=\"https:\/\/galerija110795.ba\/app\/uploads\/2012\/10\/gallery_110795_11-600x400.jpg 600w, https:\/\/galerija110795.ba\/app\/uploads\/2012\/10\/gallery_110795_11-900x600.jpg 900w, https:\/\/galerija110795.ba\/app\/uploads\/2012\/10\/gallery_110795_11-1200x800.jpg 1200w\" sizes=\"auto, (max-width: 600px) 100vw, 600px\" \/><\/a><\/div><div class=\"gallery-item\"><a class=\"thumbnail img-thumbnail\" href='https:\/\/galerija110795.ba\/app\/uploads\/2012\/10\/gallery_110795_12.jpg'><img loading=\"lazy\" decoding=\"async\" width=\"600\" height=\"400\" src=\"https:\/\/galerija110795.ba\/app\/uploads\/2012\/10\/gallery_110795_12-600x400.jpg\" class=\"attachment-thumbnail size-thumbnail\" alt=\"\" srcset=\"https:\/\/galerija110795.ba\/app\/uploads\/2012\/10\/gallery_110795_12-600x400.jpg 600w, https:\/\/galerija110795.ba\/app\/uploads\/2012\/10\/gallery_110795_12-900x600.jpg 900w, https:\/\/galerija110795.ba\/app\/uploads\/2012\/10\/gallery_110795_12-1200x800.jpg 1200w\" sizes=\"auto, (max-width: 600px) 100vw, 600px\" \/><\/a><\/div><\/div><\/div>\n  <script>\n    jQuery(document).ready(function($) {\n\ndocument.getElementById(\"links\").onclick = function (event) {\n    event = event || window.event;\n    var target = event.target || event.srcElement,\n        link = target.src ? target.parentNode : target,\n        options = {index: link, event: event},\n        links = this.getElementsByTagName(\"a\");\n    blueimp.Gallery(links, options);\n};\n    });\n    \n<\/script>\n  \n","protected":false},"excerpt":{"rendered":"<p>Galerija 11\/07\/95 prva je memorijalna galerija-muzej\u00a0u Bosni i Hercegovini. Izlo\u017ebeni prostor kreiran je s namjerom da sa\u010duva sje\u0107anje na genocid u Srebrenici, gradi\u0107u u isto\u010dnoj Bosni, na pogubljenje 8.372 osobe koje su tragi\u010dno izgubile \u017eivote u julu 1995. godine. Stalna izlo\u017ebena postavka nudi dokumentarni prikaz onoga \u0161to je ostalo od Srebrenice nakon genocida. Kroz \u0161irok &hellip; <a href=\"https:\/\/galerija110795.ba\/bs\/o-galeriji-110795\/\">Continued<\/a><\/p>\n","protected":false},"author":1,"featured_media":0,"parent":0,"menu_order":3,"comment_status":"closed","ping_status":"open","template":"","meta":{"_acf_changed":false,"footnotes":""},"class_list":["post-134","page","type-page","status-publish","hentry"],"acf":[],"yoast_head":"<!-- This site is optimized with the Yoast SEO plugin v26.8 - https:\/\/yoast.com\/product\/yoast-seo-wordpress\/ -->\n<title>O Galeriji 11\/07\/95 - Galerija 11\/07\/95<\/title>\n<meta name=\"robots\" content=\"index, follow, max-snippet:-1, max-image-preview:large, max-video-preview:-1\" \/>\n<link rel=\"canonical\" href=\"https:\/\/galerija110795.ba\/bs\/o-galeriji-110795\/\" \/>\n<meta property=\"og:locale\" content=\"bs_BA\" \/>\n<meta property=\"og:type\" content=\"article\" \/>\n<meta property=\"og:title\" content=\"O Galeriji 11\/07\/95 - Galerija 11\/07\/95\" \/>\n<meta property=\"og:description\" content=\"Galerija 11\/07\/95 prva je memorijalna galerija-muzej\u00a0u Bosni i Hercegovini. Izlo\u017ebeni prostor kreiran je s namjerom da sa\u010duva sje\u0107anje na genocid u Srebrenici, gradi\u0107u u isto\u010dnoj Bosni, na pogubljenje 8.372 osobe koje su tragi\u010dno izgubile \u017eivote u julu 1995. godine. Stalna izlo\u017ebena postavka nudi dokumentarni prikaz onoga \u0161to je ostalo od Srebrenice nakon genocida. Kroz \u0161irok &hellip; Continued\" \/>\n<meta property=\"og:url\" content=\"https:\/\/galerija110795.ba\/bs\/o-galeriji-110795\/\" \/>\n<meta property=\"og:site_name\" content=\"Galerija 11\/07\/95\" \/>\n<meta property=\"article:modified_time\" content=\"2015-11-06T15:40:07+00:00\" \/>\n<meta property=\"og:image\" content=\"https:\/\/galerija110795.ba\/app\/uploads\/2012\/10\/gallery_110795_01-600x400.jpg\" \/>\n<meta name=\"twitter:card\" content=\"summary_large_image\" \/>\n<meta name=\"twitter:label1\" content=\"Est. reading time\" \/>\n\t<meta name=\"twitter:data1\" content=\"1 minuta\" \/>\n<script type=\"application\/ld+json\" class=\"yoast-schema-graph\">{\"@context\":\"https:\/\/schema.org\",\"@graph\":[{\"@type\":\"WebPage\",\"@id\":\"https:\/\/galerija110795.ba\/bs\/o-galeriji-110795\/\",\"url\":\"https:\/\/galerija110795.ba\/bs\/o-galeriji-110795\/\",\"name\":\"O Galeriji 11\/07\/95 - Galerija 11\/07\/95\",\"isPartOf\":{\"@id\":\"https:\/\/galerija110795.ba\/#website\"},\"datePublished\":\"2012-10-27T12:59:46+00:00\",\"dateModified\":\"2015-11-06T15:40:07+00:00\",\"breadcrumb\":{\"@id\":\"https:\/\/galerija110795.ba\/bs\/o-galeriji-110795\/#breadcrumb\"},\"inLanguage\":\"bs-BA\",\"potentialAction\":[{\"@type\":\"ReadAction\",\"target\":[\"https:\/\/galerija110795.ba\/bs\/o-galeriji-110795\/\"]}]},{\"@type\":\"BreadcrumbList\",\"@id\":\"https:\/\/galerija110795.ba\/bs\/o-galeriji-110795\/#breadcrumb\",\"itemListElement\":[{\"@type\":\"ListItem\",\"position\":1,\"name\":\"Home\",\"item\":\"https:\/\/galerija110795.ba\/\"},{\"@type\":\"ListItem\",\"position\":2,\"name\":\"O Galeriji 11\/07\/95\"}]},{\"@type\":\"WebSite\",\"@id\":\"https:\/\/galerija110795.ba\/#website\",\"url\":\"https:\/\/galerija110795.ba\/\",\"name\":\"Galerija 11\/07\/95\",\"description\":\"Prva memorijalna galerija u Bosni i Hercegovini, izlo\u017ebeni prostor kojem je cilj o\u010duvati sje\u0107anja na  tragediju Srebrenice i 8372 osobe tragi\u010dno stradale u srebreni\u010dkom genocidu.\",\"publisher\":{\"@id\":\"https:\/\/galerija110795.ba\/#organization\"},\"potentialAction\":[{\"@type\":\"SearchAction\",\"target\":{\"@type\":\"EntryPoint\",\"urlTemplate\":\"https:\/\/galerija110795.ba\/?s={search_term_string}\"},\"query-input\":{\"@type\":\"PropertyValueSpecification\",\"valueRequired\":true,\"valueName\":\"search_term_string\"}}],\"inLanguage\":\"bs-BA\"},{\"@type\":\"Organization\",\"@id\":\"https:\/\/galerija110795.ba\/#organization\",\"name\":\"Galerija 11\/07\/95\",\"url\":\"https:\/\/galerija110795.ba\/\",\"logo\":{\"@type\":\"ImageObject\",\"inLanguage\":\"bs-BA\",\"@id\":\"https:\/\/galerija110795.ba\/#\/schema\/logo\/image\/\",\"url\":\"https:\/\/galerija110795.ba\/app\/uploads\/2013\/09\/galerija_110795_logo.png\",\"contentUrl\":\"https:\/\/galerija110795.ba\/app\/uploads\/2013\/09\/galerija_110795_logo.png\",\"width\":1254,\"height\":408,\"caption\":\"Galerija 11\/07\/95\"},\"image\":{\"@id\":\"https:\/\/galerija110795.ba\/#\/schema\/logo\/image\/\"}}]}<\/script>\n<!-- \/ Yoast SEO plugin. -->","yoast_head_json":{"title":"O Galeriji 11\/07\/95 - Galerija 11\/07\/95","robots":{"index":"index","follow":"follow","max-snippet":"max-snippet:-1","max-image-preview":"max-image-preview:large","max-video-preview":"max-video-preview:-1"},"canonical":"https:\/\/galerija110795.ba\/bs\/o-galeriji-110795\/","og_locale":"bs_BA","og_type":"article","og_title":"O Galeriji 11\/07\/95 - Galerija 11\/07\/95","og_description":"Galerija 11\/07\/95 prva je memorijalna galerija-muzej\u00a0u Bosni i Hercegovini. Izlo\u017ebeni prostor kreiran je s namjerom da sa\u010duva sje\u0107anje na genocid u Srebrenici, gradi\u0107u u isto\u010dnoj Bosni, na pogubljenje 8.372 osobe koje su tragi\u010dno izgubile \u017eivote u julu 1995. godine. Stalna izlo\u017ebena postavka nudi dokumentarni prikaz onoga \u0161to je ostalo od Srebrenice nakon genocida. Kroz \u0161irok &hellip; Continued","og_url":"https:\/\/galerija110795.ba\/bs\/o-galeriji-110795\/","og_site_name":"Galerija 11\/07\/95","article_modified_time":"2015-11-06T15:40:07+00:00","og_image":[{"url":"https:\/\/galerija110795.ba\/app\/uploads\/2012\/10\/gallery_110795_01-600x400.jpg","type":"","width":"","height":""}],"twitter_card":"summary_large_image","twitter_misc":{"Est. reading time":"1 minuta"},"schema":{"@context":"https:\/\/schema.org","@graph":[{"@type":"WebPage","@id":"https:\/\/galerija110795.ba\/bs\/o-galeriji-110795\/","url":"https:\/\/galerija110795.ba\/bs\/o-galeriji-110795\/","name":"O Galeriji 11\/07\/95 - Galerija 11\/07\/95","isPartOf":{"@id":"https:\/\/galerija110795.ba\/#website"},"datePublished":"2012-10-27T12:59:46+00:00","dateModified":"2015-11-06T15:40:07+00:00","breadcrumb":{"@id":"https:\/\/galerija110795.ba\/bs\/o-galeriji-110795\/#breadcrumb"},"inLanguage":"bs-BA","potentialAction":[{"@type":"ReadAction","target":["https:\/\/galerija110795.ba\/bs\/o-galeriji-110795\/"]}]},{"@type":"BreadcrumbList","@id":"https:\/\/galerija110795.ba\/bs\/o-galeriji-110795\/#breadcrumb","itemListElement":[{"@type":"ListItem","position":1,"name":"Home","item":"https:\/\/galerija110795.ba\/"},{"@type":"ListItem","position":2,"name":"O Galeriji 11\/07\/95"}]},{"@type":"WebSite","@id":"https:\/\/galerija110795.ba\/#website","url":"https:\/\/galerija110795.ba\/","name":"Galerija 11\/07\/95","description":"Prva memorijalna galerija u Bosni i Hercegovini, izlo\u017ebeni prostor kojem je cilj o\u010duvati sje\u0107anja na  tragediju Srebrenice i 8372 osobe tragi\u010dno stradale u srebreni\u010dkom genocidu.","publisher":{"@id":"https:\/\/galerija110795.ba\/#organization"},"potentialAction":[{"@type":"SearchAction","target":{"@type":"EntryPoint","urlTemplate":"https:\/\/galerija110795.ba\/?s={search_term_string}"},"query-input":{"@type":"PropertyValueSpecification","valueRequired":true,"valueName":"search_term_string"}}],"inLanguage":"bs-BA"},{"@type":"Organization","@id":"https:\/\/galerija110795.ba\/#organization","name":"Galerija 11\/07\/95","url":"https:\/\/galerija110795.ba\/","logo":{"@type":"ImageObject","inLanguage":"bs-BA","@id":"https:\/\/galerija110795.ba\/#\/schema\/logo\/image\/","url":"https:\/\/galerija110795.ba\/app\/uploads\/2013\/09\/galerija_110795_logo.png","contentUrl":"https:\/\/galerija110795.ba\/app\/uploads\/2013\/09\/galerija_110795_logo.png","width":1254,"height":408,"caption":"Galerija 11\/07\/95"},"image":{"@id":"https:\/\/galerija110795.ba\/#\/schema\/logo\/image\/"}}]}},"wpml_current_locale":"bs_BA","wpml_translations":{"bs_BA":{"locale":"bs_BA","id":134,"slug":"o-galeriji-110795","post_title":"O Galeriji 11\/07\/95","href":"https:\/\/galerija110795.ba\/bs\/o-galeriji-110795\/"},"en_US":{"locale":"en_US","id":129,"slug":"about-gallery-110795","post_title":"About","href":"https:\/\/galerija110795.ba\/about-gallery-110795\/"},"fr_FR":{"locale":"fr_FR","id":354,"slug":"sur-la-galerie-110795","post_title":"Sur la Galerie 11\/07\/95","href":"https:\/\/galerija110795.ba\/fr\/sur-la-galerie-110795\/"},"de_DE":{"locale":"de_DE","id":487,"slug":"uber-die-galerija-110795","post_title":"\u00dcber die Galerija 11\/07\/95","href":"https:\/\/galerija110795.ba\/de\/uber-die-galerija-110795\/"},"it_IT":{"locale":"it_IT","id":485,"slug":"sulla-galleria-110795","post_title":"Sulla Galleria 11\/07\/95","href":"https:\/\/galerija110795.ba\/it\/sulla-galleria-110795\/"},"tr":{"locale":"tr","id":489,"slug":"110795-galerisi-hakkinda","post_title":"11\/07\/95 Galerisi hakk\u0131nda","href":"https:\/\/galerija110795.ba\/tr\/110795-galerisi-hakkinda\/"}},"_links":{"self":[{"href":"https:\/\/galerija110795.ba\/bs\/wp-json\/wp\/v2\/pages\/134","targetHints":{"allow":["GET"]}}],"collection":[{"href":"https:\/\/galerija110795.ba\/bs\/wp-json\/wp\/v2\/pages"}],"about":[{"href":"https:\/\/galerija110795.ba\/bs\/wp-json\/wp\/v2\/types\/page"}],"author":[{"embeddable":true,"href":"https:\/\/galerija110795.ba\/bs\/wp-json\/wp\/v2\/users\/1"}],"replies":[{"embeddable":true,"href":"https:\/\/galerija110795.ba\/bs\/wp-json\/wp\/v2\/comments?post=134"}],"version-history":[{"count":0,"href":"https:\/\/galerija110795.ba\/bs\/wp-json\/wp\/v2\/pages\/134\/revisions"}],"wp:attachment":[{"href":"https:\/\/galerija110795.ba\/bs\/wp-json\/wp\/v2\/media?parent=134"}],"curies":[{"name":"wp","href":"https:\/\/api.w.org\/{rel}","templated":true}]}}